{"id":19031,"date":"2025-08-18T21:50:53","date_gmt":"2025-08-18T18:50:53","guid":{"rendered":"https:\/\/pesu24.ee\/?post_type=product&#038;p=19031"},"modified":"2025-08-21T13:35:35","modified_gmt":"2025-08-21T10:35:35","slug":"minikleit-noir-handmade-f128d","status":"publish","type":"product","link":"https:\/\/pesu24.ee\/en\/kleidid-seelikud\/minikleit-noir-handmade-f128d\/","title":{"rendered":"Minikleit Noir Handmade F128D"},"content":{"rendered":"<p>Noir Handmade F128D minikleit on valmistatud pooll\u00e4bipaistvast pitsist, mis ei j\u00e4ta palju ruumi kujutlusv\u00f5imele. Kleidil on seksikas l\u00f5ige, mis paljastab teie imelise figuuri. Minikleidi pits on kaunistatud lillelise motiiviga.<\/p>\n<p><span style=\"color: #008000;\"><strong>KOMPLEKT SISALDAB:<\/strong><\/span><\/p>\n<ul>\n<li>minikleit<\/li>\n<\/ul>\n<p>Minikleit Noir Handmade F128D sobib kokku j\u00e4rgmiste Noir Handmade toodetega: <a href=\"https:\/\/pesu24.ee\/en\/sukad\/sukad-noir-handmade-f135\/\">sukad F135<\/a>, <a href=\"https:\/\/pesu24.ee\/en\/kleidid-seelikud\/pikk-kleit-mantel-noir-handmade-f128c\/\">pikk kleit-mantel F128C<\/a> ja <a href=\"https:\/\/pesu24.ee\/en\/stringid-puksikud\/stringid-noir-handmade-p005\/\">stringid P005<\/a>.<\/p>\n<p><span style=\"color: #008000;\"><strong>DETAILS:<\/strong><\/span><\/p>\n<ul>\n<li>valmistatud pooll\u00e4bipaistvast pitsist<\/li>\n<li>kaela tagant haakidega kinnituv<\/li>\n<li>lillelise mustriga<\/li>\n<li>mugav ja elastne kangas (90% pol\u00fcamiid; 10% elastaan)<\/li>\n<\/ul>","protected":false},"excerpt":{"rendered":"<p>&#46;&#46;&#46;<\/p>","protected":false},"featured_media":19136,"comment_status":"open","ping_status":"closed","template":"","meta":{"_glsr_average":0,"_glsr_ranking":0,"_glsr_reviews":0},"product_brand":[501],"product_cat":[383],"product_tag":[398,218],"class_list":{"0":"post-19031","1":"product","2":"type-product","3":"status-publish","4":"has-post-thumbnail","6":"product_brand-noir-handmade","7":"product_cat-kleidid-seelikud","8":"product_tag-latekspesu","9":"product_tag-noir-handmade","10":"pa_suurus-l","11":"pa_suurus-m","12":"pa_suurus-s","13":"pa_suurus-xl","14":"pa_varvus-must","16":"first","17":"instock","18":"sold-individually","19":"taxable","20":"shipping-taxable","21":"purchasable","22":"product-type-variable"},"_links":{"self":[{"href":"https:\/\/pesu24.ee\/en\/wp-json\/wp\/v2\/product\/19031","targetHints":{"allow":["GET"]}}],"collection":[{"href":"https:\/\/pesu24.ee\/en\/wp-json\/wp\/v2\/product"}],"about":[{"href":"https:\/\/pesu24.ee\/en\/wp-json\/wp\/v2\/types\/product"}],"replies":[{"embeddable":true,"href":"https:\/\/pesu24.ee\/en\/wp-json\/wp\/v2\/comments?post=19031"}],"wp:featuredmedia":[{"embeddable":true,"href":"https:\/\/pesu24.ee\/en\/wp-json\/wp\/v2\/media\/19136"}],"wp:attachment":[{"href":"https:\/\/pesu24.ee\/en\/wp-json\/wp\/v2\/media?parent=19031"}],"wp:term":[{"taxonomy":"product_brand","embeddable":true,"href":"https:\/\/pesu24.ee\/en\/wp-json\/wp\/v2\/product_brand?post=19031"},{"taxonomy":"product_cat","embeddable":true,"href":"https:\/\/pesu24.ee\/en\/wp-json\/wp\/v2\/product_cat?post=19031"},{"taxonomy":"product_tag","embeddable":true,"href":"https:\/\/pesu24.ee\/en\/wp-json\/wp\/v2\/product_tag?post=19031"}],"curies":[{"name":"wp","href":"https:\/\/api.w.org\/{rel}","templated":true}]}}