{"id":19042,"date":"2025-08-18T21:50:54","date_gmt":"2025-08-18T18:50:54","guid":{"rendered":"https:\/\/pesu24.ee\/?post_type=product&#038;p=19042"},"modified":"2025-08-20T14:58:04","modified_gmt":"2025-08-20T11:58:04","slug":"kleit-noir-handmade-f201","status":"publish","type":"product","link":"https:\/\/pesu24.ee\/en\/kleidid-seelikud\/kleit-noir-handmade-f201\/","title":{"rendered":"Kleit Noir Handmade F201"},"content":{"rendered":"<p>Noir Handmade F201 on kelmikas kleit, mille alumine osa ja k\u00e4ised on <em>wet-look\u00a0<\/em>disainiga ning \u00fclemine osa on valmistatud pool\u00e4bipaistvast t\u00fcllist. Toodet ilmestavad retro stiilis varrukad.<\/p>\n<p>Kleit on kaela ning selja pealt n\u00f6\u00f6pide ja haakidega kinnituv. Mugavamaks selga panemiseks on alumine osa selja pealt lukuga avatav.<\/p>\n<p><span style=\"color: #008000;\"><strong>KOMPLEKT SISALDAB:<\/strong><\/span><\/p>\n<ul>\n<li>kleit<\/li>\n<\/ul>\n<p>Kleit Noir Handmade F201 sarnaneb j\u00e4rgmiste Noir Handmade toodetega: <a href=\"https:\/\/pesu24.ee\/en\/kleidid-seelikud\/kleit-noir-handmade-f204\/\">kleit F204<\/a> ja <a href=\"https:\/\/pesu24.ee\/en\/kleidid-seelikud\/kleit-noir-handmade-f215\/\">kleit F215<\/a>.<\/p>\n<p><span style=\"color: #008000;\"><strong>DETAILS:<\/strong><\/span><\/p>\n<ul>\n<li><em>wet-look<\/em> disainiga<\/li>\n<li>\u00fclemine osa valmistatud t\u00fcllist<\/li>\n<li>kaela tagant n\u00f6\u00f6pidega kinnituv<\/li>\n<li>seljal peal haak<\/li>\n<li>alumine pool lukuga avatav (selja poolt)<\/li>\n<li>mugav ja elastne kangas (76% pol\u00fcester; 24% elastaan)<\/li>\n<\/ul>","protected":false},"excerpt":{"rendered":"<p>&#46;&#46;&#46;<\/p>","protected":false},"featured_media":19185,"comment_status":"open","ping_status":"closed","template":"","meta":{"_glsr_average":0,"_glsr_ranking":0,"_glsr_reviews":0},"product_brand":[501],"product_cat":[383],"product_tag":[398,218],"class_list":{"0":"post-19042","1":"product","2":"type-product","3":"status-publish","4":"has-post-thumbnail","6":"product_brand-noir-handmade","7":"product_cat-kleidid-seelikud","8":"product_tag-latekspesu","9":"product_tag-noir-handmade","10":"pa_suurus-l","11":"pa_suurus-m","12":"pa_suurus-s","13":"pa_suurus-xl","14":"pa_varvus-must","16":"first","17":"instock","18":"sold-individually","19":"taxable","20":"shipping-taxable","21":"purchasable","22":"product-type-variable"},"_links":{"self":[{"href":"https:\/\/pesu24.ee\/en\/wp-json\/wp\/v2\/product\/19042","targetHints":{"allow":["GET"]}}],"collection":[{"href":"https:\/\/pesu24.ee\/en\/wp-json\/wp\/v2\/product"}],"about":[{"href":"https:\/\/pesu24.ee\/en\/wp-json\/wp\/v2\/types\/product"}],"replies":[{"embeddable":true,"href":"https:\/\/pesu24.ee\/en\/wp-json\/wp\/v2\/comments?post=19042"}],"wp:featuredmedia":[{"embeddable":true,"href":"https:\/\/pesu24.ee\/en\/wp-json\/wp\/v2\/media\/19185"}],"wp:attachment":[{"href":"https:\/\/pesu24.ee\/en\/wp-json\/wp\/v2\/media?parent=19042"}],"wp:term":[{"taxonomy":"product_brand","embeddable":true,"href":"https:\/\/pesu24.ee\/en\/wp-json\/wp\/v2\/product_brand?post=19042"},{"taxonomy":"product_cat","embeddable":true,"href":"https:\/\/pesu24.ee\/en\/wp-json\/wp\/v2\/product_cat?post=19042"},{"taxonomy":"product_tag","embeddable":true,"href":"https:\/\/pesu24.ee\/en\/wp-json\/wp\/v2\/product_tag?post=19042"}],"curies":[{"name":"wp","href":"https:\/\/api.w.org\/{rel}","templated":true}]}}