{"id":19044,"date":"2025-08-18T21:50:54","date_gmt":"2025-08-18T18:50:54","guid":{"rendered":"https:\/\/pesu24.ee\/?post_type=product&#038;p=19044"},"modified":"2025-08-21T16:47:06","modified_gmt":"2025-08-21T13:47:06","slug":"pliiatsseelik-noir-handmade-f152","status":"publish","type":"product","link":"https:\/\/pesu24.ee\/en\/kleidid-seelikud\/pliiatsseelik-noir-handmade-f152\/","title":{"rendered":"Pliiatsseelik Noir Handmade F152"},"content":{"rendered":"<p>Noir Handmade F152 seelik on sensuaalse pliiatsl\u00f5ikega, mis toob imeliselt v\u00e4lja naiselikult kaunid s\u00e4\u00e4red. Seelik on tagant lukuga t\u00e4ielikult avatav ning ristuvad paelad lisavad seksapiilsust.<\/p>\n<p><span style=\"color: #008000;\"><strong>KOMPLEKT SISALDAB:<\/strong><\/span><\/p>\n<ul>\n<li>seelik<\/li>\n<\/ul>\n<p>Pliiatsseelik Noir Handmade F152 sobib kokku j\u00e4rgmiste Noir Handmade toodetega: <a href=\"https:\/\/pesu24.ee\/en\/topid-rinnahoidjad\/topp-noir-handmade-f155\/\">topp F155<\/a>, <a href=\"https:\/\/pesu24.ee\/en\/aksessuaarid\/rinnahoidja-noir-handmade-f157\/\">rinnahoidja F157<\/a> ja <a href=\"https:\/\/pesu24.ee\/en\/korsetid\/korsett-noir-handmade-f159\/\">korsett F159<\/a>.<\/p>\n<p><span style=\"color: #008000;\"><strong>DETAILS:<\/strong><\/span><\/p>\n<ul>\n<li><em>wet-look<\/em> stiilis<\/li>\n<li>pliiatsl\u00f5ikega<\/li>\n<li>taga ristuvad paelad<\/li>\n<li>t\u00e4ielikult avatav lukk<\/li>\n<li>mugav ja elastne kangas (76% pol\u00fcester; 24% elastaan)<\/li>\n<\/ul>","protected":false},"excerpt":{"rendered":"<p>&#46;&#46;&#46;<\/p>","protected":false},"featured_media":19194,"comment_status":"open","ping_status":"closed","template":"","meta":{"_glsr_average":0,"_glsr_ranking":0,"_glsr_reviews":0},"product_brand":[501],"product_cat":[383],"product_tag":[398,218],"class_list":{"0":"post-19044","1":"product","2":"type-product","3":"status-publish","4":"has-post-thumbnail","6":"product_brand-noir-handmade","7":"product_cat-kleidid-seelikud","8":"product_tag-latekspesu","9":"product_tag-noir-handmade","10":"pa_suurus-l","11":"pa_suurus-m","12":"pa_suurus-s","13":"pa_suurus-xl","14":"pa_varvus-must","16":"first","17":"instock","18":"sold-individually","19":"taxable","20":"shipping-taxable","21":"purchasable","22":"product-type-variable"},"_links":{"self":[{"href":"https:\/\/pesu24.ee\/en\/wp-json\/wp\/v2\/product\/19044","targetHints":{"allow":["GET"]}}],"collection":[{"href":"https:\/\/pesu24.ee\/en\/wp-json\/wp\/v2\/product"}],"about":[{"href":"https:\/\/pesu24.ee\/en\/wp-json\/wp\/v2\/types\/product"}],"replies":[{"embeddable":true,"href":"https:\/\/pesu24.ee\/en\/wp-json\/wp\/v2\/comments?post=19044"}],"wp:featuredmedia":[{"embeddable":true,"href":"https:\/\/pesu24.ee\/en\/wp-json\/wp\/v2\/media\/19194"}],"wp:attachment":[{"href":"https:\/\/pesu24.ee\/en\/wp-json\/wp\/v2\/media?parent=19044"}],"wp:term":[{"taxonomy":"product_brand","embeddable":true,"href":"https:\/\/pesu24.ee\/en\/wp-json\/wp\/v2\/product_brand?post=19044"},{"taxonomy":"product_cat","embeddable":true,"href":"https:\/\/pesu24.ee\/en\/wp-json\/wp\/v2\/product_cat?post=19044"},{"taxonomy":"product_tag","embeddable":true,"href":"https:\/\/pesu24.ee\/en\/wp-json\/wp\/v2\/product_tag?post=19044"}],"curies":[{"name":"wp","href":"https:\/\/api.w.org\/{rel}","templated":true}]}}