{"id":19079,"date":"2025-08-18T21:51:52","date_gmt":"2025-08-18T18:51:52","guid":{"rendered":"https:\/\/pesu24.ee\/?post_type=product&#038;p=19079"},"modified":"2025-08-21T15:39:19","modified_gmt":"2025-08-21T12:39:19","slug":"kleit-noir-handmade-f142","status":"publish","type":"product","link":"https:\/\/pesu24.ee\/en\/kleidid-seelikud\/kleit-noir-handmade-f142\/","title":{"rendered":"Kleit Noir Handmade F142"},"content":{"rendered":"<p>Noir Handmade F142 kleidi alumine osa on\u00a0<em>wet-look<\/em> disainiga ning toote \u00fclemine pool on valmistatid pooll\u00e4bipaistvast t\u00fcllist, mida kaunistavad lillemotiiviga tikandid.<\/p>\n<p>Kleit on kaela tagant haakidega kinnituv ning selle selja osa peal on kaunistuseks imeline dekoltee koos l\u00e4ikivate p\u00e4rlitega.<\/p>\n<p><span style=\"color: #008000;\"><strong>KOMPLEKT SISALDAB:<\/strong><\/span><\/p>\n<ul>\n<li>kleit<\/li>\n<\/ul>\n<p>Kleit Noir Handmade F142 sarnanevad ka j\u00e4rgmised Noir Handmade kleidid: <a href=\"https:\/\/pesu24.ee\/en\/kleidid-seelikud\/minikleit-noir-handmade-f185\/\">minikleit F185<\/a> ja <a href=\"https:\/\/pesu24.ee\/en\/kleidid-seelikud\/kleit-noir-handmade-f172\/\">kleit F172<\/a>.<\/p>\n<p><span style=\"color: #008000;\"><strong>DETAILS:<\/strong><\/span><\/p>\n<ul>\n<li><em>wet-look<\/em> disainiga<\/li>\n<li>\u00fclemine osa valmistatud pool\u00e4bipaistvast t\u00fcllist<\/li>\n<li>kaela tagant haakidega kinnituv<\/li>\n<li>mugav ja elastne kangas (76% pol\u00fcester; 24% elastaan)<\/li>\n<\/ul>","protected":false},"excerpt":{"rendered":"<p>&#46;&#46;&#46;<\/p>","protected":false},"featured_media":19215,"comment_status":"open","ping_status":"closed","template":"","meta":{"_glsr_average":0,"_glsr_ranking":0,"_glsr_reviews":0},"product_brand":[501],"product_cat":[383],"product_tag":[398,218],"class_list":{"0":"post-19079","1":"product","2":"type-product","3":"status-publish","4":"has-post-thumbnail","6":"product_brand-noir-handmade","7":"product_cat-kleidid-seelikud","8":"product_tag-latekspesu","9":"product_tag-noir-handmade","10":"pa_suurus-l","11":"pa_suurus-m","12":"pa_suurus-s","13":"pa_suurus-xl","14":"pa_varvus-must","16":"first","17":"instock","18":"sold-individually","19":"taxable","20":"shipping-taxable","21":"purchasable","22":"product-type-variable"},"_links":{"self":[{"href":"https:\/\/pesu24.ee\/en\/wp-json\/wp\/v2\/product\/19079","targetHints":{"allow":["GET"]}}],"collection":[{"href":"https:\/\/pesu24.ee\/en\/wp-json\/wp\/v2\/product"}],"about":[{"href":"https:\/\/pesu24.ee\/en\/wp-json\/wp\/v2\/types\/product"}],"replies":[{"embeddable":true,"href":"https:\/\/pesu24.ee\/en\/wp-json\/wp\/v2\/comments?post=19079"}],"wp:featuredmedia":[{"embeddable":true,"href":"https:\/\/pesu24.ee\/en\/wp-json\/wp\/v2\/media\/19215"}],"wp:attachment":[{"href":"https:\/\/pesu24.ee\/en\/wp-json\/wp\/v2\/media?parent=19079"}],"wp:term":[{"taxonomy":"product_brand","embeddable":true,"href":"https:\/\/pesu24.ee\/en\/wp-json\/wp\/v2\/product_brand?post=19079"},{"taxonomy":"product_cat","embeddable":true,"href":"https:\/\/pesu24.ee\/en\/wp-json\/wp\/v2\/product_cat?post=19079"},{"taxonomy":"product_tag","embeddable":true,"href":"https:\/\/pesu24.ee\/en\/wp-json\/wp\/v2\/product_tag?post=19079"}],"curies":[{"name":"wp","href":"https:\/\/api.w.org\/{rel}","templated":true}]}}