{"id":19095,"date":"2025-08-18T21:52:17","date_gmt":"2025-08-18T18:52:17","guid":{"rendered":"https:\/\/pesu24.ee\/?post_type=product&#038;p=19095"},"modified":"2025-08-21T15:39:34","modified_gmt":"2025-08-21T12:39:34","slug":"kleit-noir-handmade-f047","status":"publish","type":"product","link":"https:\/\/pesu24.ee\/en\/kleidid-seelikud\/kleit-noir-handmade-f047\/","title":{"rendered":"Kleit Noir Handmade F047"},"content":{"rendered":"<p>Noir Handmade F047 on imeline pikk kleit, millega olete iga \u00f5htu staar. Kolmnurkse topi saab h\u00f5lpsasti kaela taha siduda ja sobivaks suuruseks kohandada.<\/p>\n<p>Seelikul on avar ja sensuaalne l\u00f5ige, mille esi- ja tagak\u00fclg on avatud ja paljastab teie privaatsemad kohad. Korseti kinnitust \u00fcmbritseb pehme ja elastne <em>wet-look<\/em> materjal.<\/p>\n<p><span style=\"color: #008000;\"><strong>KOMPLEKT SISALDAB:<\/strong><\/span><\/p>\n<ul>\n<li>kleit<\/li>\n<\/ul>\n<p>Kleit Noir Handmade F047 sobib kogu j\u00e4rgmiste Noir Handmade toodetega: <a href=\"https:\/\/pesu24.ee\/en\/stringid-puksikud\/stringid-noir-handmade-p005\/\">stringid P005<\/a>, <a href=\"https:\/\/pesu24.ee\/en\/stringid-puksikud\/stringid-noir-handmade-f119\/\">stringid F119<\/a>, <a href=\"https:\/\/pesu24.ee\/en\/sukad\/sukad-noir-handmade-f135\/\">sukad F135<\/a>.<\/p>\n<p><span style=\"color: #008000;\"><strong>DETAILS:<\/strong><\/span><\/p>\n<ul>\n<li>valmistatud eco-nahast ja t\u00fcllist<\/li>\n<li><em>wet-look<\/em> disainiga<\/li>\n<li>kaela tagant seotav<\/li>\n<li>korseti osa kinnitub eest haakidega<\/li>\n<li>mugav ja elastne kangas (93% pol\u00fcester; 7% elastaan)<\/li>\n<\/ul>","protected":false},"excerpt":{"rendered":"<p>&#46;&#46;&#46;<\/p>","protected":false},"featured_media":19222,"comment_status":"open","ping_status":"closed","template":"","meta":{"_glsr_average":0,"_glsr_ranking":0,"_glsr_reviews":0},"product_brand":[501],"product_cat":[383],"product_tag":[398,218],"class_list":{"0":"post-19095","1":"product","2":"type-product","3":"status-publish","4":"has-post-thumbnail","6":"product_brand-noir-handmade","7":"product_cat-kleidid-seelikud","8":"product_tag-latekspesu","9":"product_tag-noir-handmade","10":"pa_suurus-l","11":"pa_suurus-m","12":"pa_suurus-s","13":"pa_suurus-xl","14":"pa_varvus-must","16":"first","17":"instock","18":"sold-individually","19":"taxable","20":"shipping-taxable","21":"purchasable","22":"product-type-variable"},"_links":{"self":[{"href":"https:\/\/pesu24.ee\/en\/wp-json\/wp\/v2\/product\/19095","targetHints":{"allow":["GET"]}}],"collection":[{"href":"https:\/\/pesu24.ee\/en\/wp-json\/wp\/v2\/product"}],"about":[{"href":"https:\/\/pesu24.ee\/en\/wp-json\/wp\/v2\/types\/product"}],"replies":[{"embeddable":true,"href":"https:\/\/pesu24.ee\/en\/wp-json\/wp\/v2\/comments?post=19095"}],"wp:featuredmedia":[{"embeddable":true,"href":"https:\/\/pesu24.ee\/en\/wp-json\/wp\/v2\/media\/19222"}],"wp:attachment":[{"href":"https:\/\/pesu24.ee\/en\/wp-json\/wp\/v2\/media?parent=19095"}],"wp:term":[{"taxonomy":"product_brand","embeddable":true,"href":"https:\/\/pesu24.ee\/en\/wp-json\/wp\/v2\/product_brand?post=19095"},{"taxonomy":"product_cat","embeddable":true,"href":"https:\/\/pesu24.ee\/en\/wp-json\/wp\/v2\/product_cat?post=19095"},{"taxonomy":"product_tag","embeddable":true,"href":"https:\/\/pesu24.ee\/en\/wp-json\/wp\/v2\/product_tag?post=19095"}],"curies":[{"name":"wp","href":"https:\/\/api.w.org\/{rel}","templated":true}]}}