{"id":19145,"date":"2025-08-18T21:53:29","date_gmt":"2025-08-18T18:53:29","guid":{"rendered":"https:\/\/pesu24.ee\/?post_type=product&#038;p=19145"},"modified":"2025-12-15T15:31:26","modified_gmt":"2025-12-15T12:31:26","slug":"pikk-kleit-mantel-noir-handmade-f128c","status":"publish","type":"product","link":"https:\/\/pesu24.ee\/en\/kleidid-seelikud\/pikk-kleit-mantel-noir-handmade-f128c\/","title":{"rendered":"Pikk kleit-mantel Noir Handmade F128C"},"content":{"rendered":"<p>Noir Handmade F128C pikk kleit-mantel on valmistatud l\u00e4ikivast eco-nahast, mis tekitab sensuaalse <em>wet-look<\/em> ilme. Kleiti ilmestavad varrukatel olevad pitsist sissel\u00f5iked, mis on kaunistatud lillemotiiviga.<\/p>\n<p>Toode on v\u00f6\u00f6 juurest kinnituv dekoratiivse h\u00f5bedase pandlaga.<\/p>\n<p><span style=\"color: #008000;\"><strong>KOMPLEKT SISALDAB:<\/strong><\/span><\/p>\n<ul>\n<li>pikk kleit-mantel<\/li>\n<\/ul>\n<p>Pikk kleit-mantel Noir Handmade F128C sobib kokku j\u00e4rgmiste Noir Handmade toodetega: <a href=\"https:\/\/pesu24.ee\/en\/sukad\/sukad-noir-handmade-f135\/\">sukad F135<\/a>, <a href=\"https:\/\/pesu24.ee\/en\/kleidid-seelikud\/minikleit-noir-handmade-f128d\/\">minikleit F128D<\/a>, <a href=\"https:\/\/pesu24.ee\/en\/stringid-puksikud\/stringid-noir-handmade-p005\/\">stringid P005<\/a>.<\/p>\n<p><span style=\"color: #008000;\"><strong>DETAILS:<\/strong><\/span><\/p>\n<ul>\n<li>valmistatud eco-nahast<\/li>\n<li>seksika <em>wet-look<\/em> ilmega<\/li>\n<li>kaunistatud pitsist sissel\u00f5igetega<\/li>\n<li>ees dekoratiivse pandlaga kinnituv<\/li>\n<li>mugav ja elastne kangas (90% pol\u00fcester; 10% elastaan)<\/li>\n<\/ul>","protected":false},"excerpt":{"rendered":"<p>&#46;&#46;&#46;<\/p>","protected":false},"featured_media":19255,"comment_status":"open","ping_status":"closed","template":"","meta":{"_glsr_average":0,"_glsr_ranking":0,"_glsr_reviews":0},"product_brand":[501],"product_cat":[383],"product_tag":[398,218],"class_list":{"0":"post-19145","1":"product","2":"type-product","3":"status-publish","4":"has-post-thumbnail","6":"product_brand-noir-handmade","7":"product_cat-kleidid-seelikud","8":"product_tag-latekspesu","9":"product_tag-noir-handmade","10":"pa_suurus-l","11":"pa_suurus-m","12":"pa_suurus-s","13":"pa_suurus-xl","14":"pa_varvus-must","16":"first","17":"instock","18":"sold-individually","19":"taxable","20":"shipping-taxable","21":"purchasable","22":"product-type-variable"},"_links":{"self":[{"href":"https:\/\/pesu24.ee\/en\/wp-json\/wp\/v2\/product\/19145","targetHints":{"allow":["GET"]}}],"collection":[{"href":"https:\/\/pesu24.ee\/en\/wp-json\/wp\/v2\/product"}],"about":[{"href":"https:\/\/pesu24.ee\/en\/wp-json\/wp\/v2\/types\/product"}],"replies":[{"embeddable":true,"href":"https:\/\/pesu24.ee\/en\/wp-json\/wp\/v2\/comments?post=19145"}],"wp:featuredmedia":[{"embeddable":true,"href":"https:\/\/pesu24.ee\/en\/wp-json\/wp\/v2\/media\/19255"}],"wp:attachment":[{"href":"https:\/\/pesu24.ee\/en\/wp-json\/wp\/v2\/media?parent=19145"}],"wp:term":[{"taxonomy":"product_brand","embeddable":true,"href":"https:\/\/pesu24.ee\/en\/wp-json\/wp\/v2\/product_brand?post=19145"},{"taxonomy":"product_cat","embeddable":true,"href":"https:\/\/pesu24.ee\/en\/wp-json\/wp\/v2\/product_cat?post=19145"},{"taxonomy":"product_tag","embeddable":true,"href":"https:\/\/pesu24.ee\/en\/wp-json\/wp\/v2\/product_tag?post=19145"}],"curies":[{"name":"wp","href":"https:\/\/api.w.org\/{rel}","templated":true}]}}