{"id":19146,"date":"2025-08-18T21:53:29","date_gmt":"2025-08-18T18:53:29","guid":{"rendered":"https:\/\/pesu24.ee\/?post_type=product&#038;p=19146"},"modified":"2025-08-20T14:53:54","modified_gmt":"2025-08-20T11:53:54","slug":"pikk-kleit-obsessive-agatya","status":"publish","type":"product","link":"https:\/\/pesu24.ee\/en\/kleidid-seelikud\/pikk-kleit-obsessive-agatya\/","title":{"rendered":"Pikk kleit Obsessive Agatya"},"content":{"rendered":"<p>Laske Obsessive Agatya kleidil ennast m\u00e4hkida oma keha \u00e4\u00e4rmiselt seksikalt ja intrigeerivalt satiinkangasse. Antud kleit sobib elegantsi armastajatele ja neile, kes armastavad unikaalseid pesustiile.<\/p>\n<p>Fenomenaalse pitsiga kaunistatud paljastatud seljaosa t\u00f5mbab t\u00e4helepanu ja h\u00e4mmastab mitte ainult sind, vaid ka teisi teie \u00fcmber. See pikk kleit on teie kapis kindlasti kohustuslik.<\/p>\n<p><strong><span style=\"color: #008000;\">KOMPLEKT SISALDAB:<\/span><\/strong><\/p>\n<ul>\n<li>pikk kleit<\/li>\n<\/ul>\n<p><span style=\"color: #008000;\"><strong>DETAILS:<\/strong><\/span><\/p>\n<ul>\n<li>unikaalne must pikk kleit<\/li>\n<li>s\u00fcgav dekoltee &#8211; r\u00f5hutab rindu<\/li>\n<li>reguleeritavad \u00f5lapaelad<\/li>\n<li>reguleeritavad paelad seljal<\/li>\n<li>kuldsed pitselemendid \u00f5lgadel<\/li>\n<li>avatud selg<\/li>\n<li>mugav &amp; pehme satiinkangas (90% pol\u00fcamiid, 10% elastaan)<\/li>\n<\/ul>","protected":false},"excerpt":{"rendered":"<p>&#46;&#46;&#46;<\/p>","protected":false},"featured_media":19259,"comment_status":"open","ping_status":"closed","template":"","meta":{"_glsr_average":0,"_glsr_ranking":0,"_glsr_reviews":0},"product_brand":[500],"product_cat":[383],"product_tag":[160],"class_list":{"0":"post-19146","1":"product","2":"type-product","3":"status-publish","4":"has-post-thumbnail","6":"product_brand-obsessive","7":"product_cat-kleidid-seelikud","8":"product_tag-obsessive","9":"pa_suurus-l-xl","10":"pa_suurus-s-m","11":"pa_varvus-must","13":"first","14":"instock","15":"sold-individually","16":"taxable","17":"shipping-taxable","18":"purchasable","19":"product-type-variable"},"_links":{"self":[{"href":"https:\/\/pesu24.ee\/en\/wp-json\/wp\/v2\/product\/19146","targetHints":{"allow":["GET"]}}],"collection":[{"href":"https:\/\/pesu24.ee\/en\/wp-json\/wp\/v2\/product"}],"about":[{"href":"https:\/\/pesu24.ee\/en\/wp-json\/wp\/v2\/types\/product"}],"replies":[{"embeddable":true,"href":"https:\/\/pesu24.ee\/en\/wp-json\/wp\/v2\/comments?post=19146"}],"wp:featuredmedia":[{"embeddable":true,"href":"https:\/\/pesu24.ee\/en\/wp-json\/wp\/v2\/media\/19259"}],"wp:attachment":[{"href":"https:\/\/pesu24.ee\/en\/wp-json\/wp\/v2\/media?parent=19146"}],"wp:term":[{"taxonomy":"product_brand","embeddable":true,"href":"https:\/\/pesu24.ee\/en\/wp-json\/wp\/v2\/product_brand?post=19146"},{"taxonomy":"product_cat","embeddable":true,"href":"https:\/\/pesu24.ee\/en\/wp-json\/wp\/v2\/product_cat?post=19146"},{"taxonomy":"product_tag","embeddable":true,"href":"https:\/\/pesu24.ee\/en\/wp-json\/wp\/v2\/product_tag?post=19146"}],"curies":[{"name":"wp","href":"https:\/\/api.w.org\/{rel}","templated":true}]}}