{"id":19147,"date":"2025-08-18T21:53:29","date_gmt":"2025-08-18T18:53:29","guid":{"rendered":"https:\/\/pesu24.ee\/?post_type=product&#038;p=19147"},"modified":"2025-12-03T10:02:28","modified_gmt":"2025-12-03T07:02:28","slug":"kleit-noir-handmade-f208","status":"publish","type":"product","link":"https:\/\/pesu24.ee\/en\/kleidid-seelikud\/kleit-noir-handmade-f208\/","title":{"rendered":"Kleit Noir Handmade F208"},"content":{"rendered":"<p>Noir Handmade F208 kleit on <em>wet-look<\/em> disainiga, mida ilmestavad sensuaalsed vertikaalsed triibud. Lisaks on kleidi \u00fclemine \u00e4\u00e4r kaunistatud lillemotiivilise tikandiga.<\/p>\n<p>Mugavamaks selga panemiseks ja ideaalseks sobivuseks on kleit tagant lukuga avatav ning \u00f5lapaeltest reguleeritav.<\/p>\n<p><span style=\"color: #008000;\"><strong>KOMPLEKT SISALDAB:<\/strong><\/span><\/p>\n<ul>\n<li>kleit<\/li>\n<\/ul>\n<p>Lisaks Kleit Noir Handmade F208 v\u00f5ivad teile meeldida ka j\u00e4rgmised Noir Handmade tooted: <a href=\"https:\/\/pesu24.ee\/en\/kleidid-seelikud\/minikleit-noir-handmade-f210\/\">minikleit F210<\/a>, <a href=\"https:\/\/pesu24.ee\/en\/kleidid-seelikud\/minikleit-noir-handmade-f205\/\">minikleit F205<\/a> ja <a href=\"https:\/\/pesu24.ee\/en\/kleidid-seelikud\/minikleit-noir-handmade-f212\/\">minikleit F212<\/a>.<\/p>\n<p><span style=\"color: #008000;\"><strong>DETAILS:<\/strong><\/span><\/p>\n<ul>\n<li><em>wet-look<\/em> disainiga<\/li>\n<li>vertikaalsed triibud<\/li>\n<li>\u00fclemine \u00e4\u00e4r lillemotiivilise tikandiga<\/li>\n<li>tagant lukuga avatav<\/li>\n<li>reguleeritavad \u00f5lapaelad<\/li>\n<li>mugav ja elastne kangas (76% pol\u00fcester; 24% elastaan)<\/li>\n<\/ul>","protected":false},"excerpt":{"rendered":"<p>&#46;&#46;&#46;<\/p>","protected":false},"featured_media":19269,"comment_status":"open","ping_status":"closed","template":"","meta":{"_glsr_average":0,"_glsr_ranking":0,"_glsr_reviews":0},"product_brand":[501],"product_cat":[383],"product_tag":[398,218],"class_list":{"0":"post-19147","1":"product","2":"type-product","3":"status-publish","4":"has-post-thumbnail","6":"product_brand-noir-handmade","7":"product_cat-kleidid-seelikud","8":"product_tag-latekspesu","9":"product_tag-noir-handmade","10":"pa_suurus-l","11":"pa_suurus-m","12":"pa_suurus-s","13":"pa_suurus-xl","14":"pa_varvus-must","16":"first","17":"instock","18":"sold-individually","19":"taxable","20":"shipping-taxable","21":"purchasable","22":"product-type-variable"},"_links":{"self":[{"href":"https:\/\/pesu24.ee\/en\/wp-json\/wp\/v2\/product\/19147","targetHints":{"allow":["GET"]}}],"collection":[{"href":"https:\/\/pesu24.ee\/en\/wp-json\/wp\/v2\/product"}],"about":[{"href":"https:\/\/pesu24.ee\/en\/wp-json\/wp\/v2\/types\/product"}],"replies":[{"embeddable":true,"href":"https:\/\/pesu24.ee\/en\/wp-json\/wp\/v2\/comments?post=19147"}],"wp:featuredmedia":[{"embeddable":true,"href":"https:\/\/pesu24.ee\/en\/wp-json\/wp\/v2\/media\/19269"}],"wp:attachment":[{"href":"https:\/\/pesu24.ee\/en\/wp-json\/wp\/v2\/media?parent=19147"}],"wp:term":[{"taxonomy":"product_brand","embeddable":true,"href":"https:\/\/pesu24.ee\/en\/wp-json\/wp\/v2\/product_brand?post=19147"},{"taxonomy":"product_cat","embeddable":true,"href":"https:\/\/pesu24.ee\/en\/wp-json\/wp\/v2\/product_cat?post=19147"},{"taxonomy":"product_tag","embeddable":true,"href":"https:\/\/pesu24.ee\/en\/wp-json\/wp\/v2\/product_tag?post=19147"}],"curies":[{"name":"wp","href":"https:\/\/api.w.org\/{rel}","templated":true}]}}