{"id":19162,"date":"2025-08-18T21:53:52","date_gmt":"2025-08-18T18:53:52","guid":{"rendered":"https:\/\/pesu24.ee\/?post_type=product&#038;p=19162"},"modified":"2025-08-21T15:40:25","modified_gmt":"2025-08-21T12:40:25","slug":"miniseelik-noir-handmade-f219","status":"publish","type":"product","link":"https:\/\/pesu24.ee\/en\/kleidid-seelikud\/miniseelik-noir-handmade-f219\/","title":{"rendered":"Miniseelik Noir Handmade F219"},"content":{"rendered":"<p>Noir Handmade F219 miniseelik on maitseka <em>wet-look<\/em> stiiliga, mis on nii eest kui ka tagant kuldse lukuga avatav. Lisaks on tootel taga pannalrihm, mida on v\u00f5imalik reguleerida kolme suuruse jaoks.<\/p>\n<p>Miniseelikul tagumine lukk l\u00f5ppeb tuharate kohal, muutes selle erootiliseks pilgup\u00fc\u00fcdjaks.<\/p>\n<p><span style=\"color: #008000;\"><strong>KOMPLEKT SISALDAB:<\/strong><\/span><\/p>\n<ul>\n<li>miniseelik<\/li>\n<\/ul>\n<p>Lisaks Miniseelik Noir Handmade F219 v\u00f5ivad teile meeldida ka j\u00e4rgmised Noir Handmade tooted: <a href=\"https:\/\/pesu24.ee\/en\/aksessuaarid\/puksid-noir-handmade-f217\/\">p\u00fcksid F217<\/a> ja <a href=\"https:\/\/pesu24.ee\/en\/stringid-puksikud\/korge-pihaga-puksikud-noir-handmade-f218\/\">p\u00fcksikud F218<\/a>.<\/p>\n<p><span style=\"color: #008000;\"><strong>DETAILS:<\/strong><\/span><\/p>\n<ul>\n<li><em>wet-look<\/em> stiilis<\/li>\n<li>eest &amp; tagant lukuga avatav<\/li>\n<li>taga pannalrihm (kolme suurusele reguleeritav)<\/li>\n<li>mugav ja elastne kangas (76% pol\u00fcester; 24% elastaan)<\/li>\n<\/ul>","protected":false},"excerpt":{"rendered":"<p>&#46;&#46;&#46;<\/p>","protected":false},"featured_media":19272,"comment_status":"open","ping_status":"closed","template":"","meta":{"_glsr_average":0,"_glsr_ranking":0,"_glsr_reviews":0},"product_brand":[501],"product_cat":[383],"product_tag":[398,218],"class_list":{"0":"post-19162","1":"product","2":"type-product","3":"status-publish","4":"has-post-thumbnail","6":"product_brand-noir-handmade","7":"product_cat-kleidid-seelikud","8":"product_tag-latekspesu","9":"product_tag-noir-handmade","10":"pa_suurus-l","11":"pa_suurus-m","12":"pa_suurus-s","13":"pa_suurus-xl","14":"pa_varvus-must","16":"first","17":"instock","18":"sold-individually","19":"taxable","20":"shipping-taxable","21":"purchasable","22":"product-type-variable"},"_links":{"self":[{"href":"https:\/\/pesu24.ee\/en\/wp-json\/wp\/v2\/product\/19162","targetHints":{"allow":["GET"]}}],"collection":[{"href":"https:\/\/pesu24.ee\/en\/wp-json\/wp\/v2\/product"}],"about":[{"href":"https:\/\/pesu24.ee\/en\/wp-json\/wp\/v2\/types\/product"}],"replies":[{"embeddable":true,"href":"https:\/\/pesu24.ee\/en\/wp-json\/wp\/v2\/comments?post=19162"}],"wp:featuredmedia":[{"embeddable":true,"href":"https:\/\/pesu24.ee\/en\/wp-json\/wp\/v2\/media\/19272"}],"wp:attachment":[{"href":"https:\/\/pesu24.ee\/en\/wp-json\/wp\/v2\/media?parent=19162"}],"wp:term":[{"taxonomy":"product_brand","embeddable":true,"href":"https:\/\/pesu24.ee\/en\/wp-json\/wp\/v2\/product_brand?post=19162"},{"taxonomy":"product_cat","embeddable":true,"href":"https:\/\/pesu24.ee\/en\/wp-json\/wp\/v2\/product_cat?post=19162"},{"taxonomy":"product_tag","embeddable":true,"href":"https:\/\/pesu24.ee\/en\/wp-json\/wp\/v2\/product_tag?post=19162"}],"curies":[{"name":"wp","href":"https:\/\/api.w.org\/{rel}","templated":true}]}}