{"id":19425,"date":"2025-08-18T21:56:48","date_gmt":"2025-08-18T18:56:48","guid":{"rendered":"https:\/\/pesu24.ee\/?post_type=product&#038;p=19425"},"modified":"2026-04-10T14:21:55","modified_gmt":"2026-04-10T12:21:55","slug":"pikk-avatud-rinnakorviga-kleit-noir-handmade-f069","status":"publish","type":"product","link":"https:\/\/pesu24.ee\/en\/kleidid-seelikud\/pikk-avatud-rinnakorviga-kleit-noir-handmade-f069\/","title":{"rendered":"Pikk avatud rinnakorviga kleit Noir Handmade F069"},"content":{"rendered":"<p>Noir Handmade F069 pikk kleit on valmistatud eco-nahast, mis loob imelise\u00a0<em>wet-look<\/em> ilme.\u00a0Kleidi \u00fclemine osa on avatud rinnakorviga, mis annab teie rindadele lisatuge ja t\u00f5stab nad oskuslikult esile. Alumise dekoltee k\u00fclge kinnitatud v\u00e4ike volang lisab kleidile m\u00e4ngulise ilme.<\/p>\n<p>Laiad \u00f5lapaelad tagavad, et kleiti on v\u00f5imalikult mugav kanda. Kleidi muudab eriliseks seotavad paelad seljal, mis tagavad lisaks ka ideaalse sobivuse. Lisaks on toote erakordselt julge detail seeliku l\u00f5ige, mis on eest ja tagant avatud ning v\u00f5imaldab seega vabalt n\u00e4ha kandja armastatud kehapiirkondi.<\/p>\n<p><span style=\"color: #008000;\"><strong>KOMPLEKT SISALDAB:<\/strong><\/span><\/p>\n<ul>\n<li>avatud rinnakorviga pikk kleit<\/li>\n<\/ul>\n<p><span style=\"color: #008000;\"><strong>DETAILS:<\/strong><\/span><\/p>\n<ul>\n<li>valmistatud eco-nahast<\/li>\n<li><em>wet-look<\/em> disainiga<\/li>\n<li>avatud rinnakorv<\/li>\n<li>seelik eest &amp; tagant avatud<\/li>\n<li>seljalt paeltega seotav<\/li>\n<li>mugav ja elastne kangas<\/li>\n<\/ul>","protected":false},"excerpt":{"rendered":"<p>&#46;&#46;&#46;<\/p>","protected":false},"featured_media":19441,"comment_status":"open","ping_status":"closed","template":"","meta":{"_glsr_average":0,"_glsr_ranking":0,"_glsr_reviews":0},"product_brand":[501],"product_cat":[383],"product_tag":[398,218],"class_list":{"0":"post-19425","1":"product","2":"type-product","3":"status-publish","4":"has-post-thumbnail","6":"product_brand-noir-handmade","7":"product_cat-kleidid-seelikud","8":"product_tag-latekspesu","9":"product_tag-noir-handmade","10":"pa_suurus-l","11":"pa_suurus-m","12":"pa_suurus-s","13":"pa_suurus-xl","14":"pa_varvus-must","16":"first","17":"instock","18":"sold-individually","19":"taxable","20":"shipping-taxable","21":"purchasable","22":"product-type-variable"},"_links":{"self":[{"href":"https:\/\/pesu24.ee\/en\/wp-json\/wp\/v2\/product\/19425","targetHints":{"allow":["GET"]}}],"collection":[{"href":"https:\/\/pesu24.ee\/en\/wp-json\/wp\/v2\/product"}],"about":[{"href":"https:\/\/pesu24.ee\/en\/wp-json\/wp\/v2\/types\/product"}],"replies":[{"embeddable":true,"href":"https:\/\/pesu24.ee\/en\/wp-json\/wp\/v2\/comments?post=19425"}],"wp:featuredmedia":[{"embeddable":true,"href":"https:\/\/pesu24.ee\/en\/wp-json\/wp\/v2\/media\/19441"}],"wp:attachment":[{"href":"https:\/\/pesu24.ee\/en\/wp-json\/wp\/v2\/media?parent=19425"}],"wp:term":[{"taxonomy":"product_brand","embeddable":true,"href":"https:\/\/pesu24.ee\/en\/wp-json\/wp\/v2\/product_brand?post=19425"},{"taxonomy":"product_cat","embeddable":true,"href":"https:\/\/pesu24.ee\/en\/wp-json\/wp\/v2\/product_cat?post=19425"},{"taxonomy":"product_tag","embeddable":true,"href":"https:\/\/pesu24.ee\/en\/wp-json\/wp\/v2\/product_tag?post=19425"}],"curies":[{"name":"wp","href":"https:\/\/api.w.org\/{rel}","templated":true}]}}