{"id":19428,"date":"2025-08-18T21:56:48","date_gmt":"2025-08-18T18:56:48","guid":{"rendered":"https:\/\/pesu24.ee\/?post_type=product&#038;p=19428"},"modified":"2025-08-20T15:02:35","modified_gmt":"2025-08-20T12:02:35","slug":"kleit-beauty-night-lexi","status":"publish","type":"product","link":"https:\/\/pesu24.ee\/en\/kleidid-seelikud\/kleit-beauty-night-lexi\/","title":{"rendered":"Kleit Beauty Night Lexi"},"content":{"rendered":"<p>Beauty Night Lexi on v\u00e4ga seksikas ja isegi provokatiivne kleit, mis on valmistatud l\u00e4ikivast lateksitaolisest materjalist ja rinnakorvi osa l\u00e4bipaistvast peenest v\u00f5rgust.<\/p>\n<p>Mugavamaks selga panemiseks on kleidi tagak\u00fcljel h\u00f5bedane metallist t\u00f5mblukk ning ideaalseks sobivuseks on tootel reguleeritavad \u00f5lapaelad.<\/p>\n<p><span style=\"color: #008000;\"><strong>KOMPLEKT SISALDAB:<\/strong><\/span><\/p>\n<ul>\n<li>kleit<\/li>\n<li>stringid<\/li>\n<\/ul>\n<p><span style=\"color: #008000;\"><strong>DETAILS:<\/strong><\/span><\/p>\n<ul>\n<li>color black<\/li>\n<li>valmistatud lateksitaolisest materjalist<\/li>\n<li>rinnakorvi osa pooll\u00e4bipaistvast peenest v\u00f5rgust<\/li>\n<li>reguleeritavad \u00f5lapaelad<\/li>\n<li>tagant lukuga avatav<\/li>\n<li>mugavast ja elastsne kangas (92% pol\u00fcamiid, 8% elastaan)<\/li>\n<\/ul>","protected":false},"excerpt":{"rendered":"<p>&#46;&#46;&#46;<\/p>","protected":false},"featured_media":19447,"comment_status":"open","ping_status":"closed","template":"","meta":{"_glsr_average":0,"_glsr_ranking":0,"_glsr_reviews":0},"product_brand":[503],"product_cat":[383],"product_tag":[403],"class_list":{"0":"post-19428","1":"product","2":"type-product","3":"status-publish","4":"has-post-thumbnail","6":"product_brand-beauty-night","7":"product_cat-kleidid-seelikud","8":"product_tag-beauty-night","9":"pa_suurus-l-xl","10":"pa_suurus-s-m","11":"pa_varvus-must","13":"first","14":"instock","15":"sold-individually","16":"taxable","17":"shipping-taxable","18":"purchasable","19":"product-type-variable"},"_links":{"self":[{"href":"https:\/\/pesu24.ee\/en\/wp-json\/wp\/v2\/product\/19428","targetHints":{"allow":["GET"]}}],"collection":[{"href":"https:\/\/pesu24.ee\/en\/wp-json\/wp\/v2\/product"}],"about":[{"href":"https:\/\/pesu24.ee\/en\/wp-json\/wp\/v2\/types\/product"}],"replies":[{"embeddable":true,"href":"https:\/\/pesu24.ee\/en\/wp-json\/wp\/v2\/comments?post=19428"}],"wp:featuredmedia":[{"embeddable":true,"href":"https:\/\/pesu24.ee\/en\/wp-json\/wp\/v2\/media\/19447"}],"wp:attachment":[{"href":"https:\/\/pesu24.ee\/en\/wp-json\/wp\/v2\/media?parent=19428"}],"wp:term":[{"taxonomy":"product_brand","embeddable":true,"href":"https:\/\/pesu24.ee\/en\/wp-json\/wp\/v2\/product_brand?post=19428"},{"taxonomy":"product_cat","embeddable":true,"href":"https:\/\/pesu24.ee\/en\/wp-json\/wp\/v2\/product_cat?post=19428"},{"taxonomy":"product_tag","embeddable":true,"href":"https:\/\/pesu24.ee\/en\/wp-json\/wp\/v2\/product_tag?post=19428"}],"curies":[{"name":"wp","href":"https:\/\/api.w.org\/{rel}","templated":true}]}}