{"id":19455,"date":"2025-08-18T21:57:14","date_gmt":"2025-08-18T18:57:14","guid":{"rendered":"https:\/\/pesu24.ee\/?post_type=product&#038;p=19455"},"modified":"2025-08-20T14:58:00","modified_gmt":"2025-08-20T11:58:00","slug":"luhike-kleit-noir-handmade-f246","status":"publish","type":"product","link":"https:\/\/pesu24.ee\/en\/kleidid-seelikud\/luhike-kleit-noir-handmade-f246\/","title":{"rendered":"L\u00fchike kleit Noir Handmade F246"},"content":{"rendered":"<p>Noir Handmade F246 on puhvis \u00f5lgade ja pikkade varrukatega PVC-kleit, mis kinnitub eest kraest kuni all\u00e4\u00e4reni kuldsete trukkidega. Toode\u00a0on valmistatud l\u00e4ikivast PVC-materjalist, mis tekitab sensuaalse <em>wet-look<\/em> ilme<\/p>\n<p>Tegemist on stiilse ja trendika kleidiga, mis sobib ideaalselt igaks peoks.<\/p>\n<p><span style=\"color: #008000;\"><strong>KOMPLEKT SISALDAB:<\/strong><\/span><\/p>\n<ul>\n<li>kleit<\/li>\n<\/ul>\n<p>Lisaks v\u00f5ivad teile meeldida j\u00e4rgmised Noir Handmade tooted: <a href=\"https:\/\/pesu24.ee\/en\/puksid-pukskostuumid\/overall-noir-handmade-f247\/\">overall F247<\/a> ja <a href=\"https:\/\/pesu24.ee\/en\/kleidid-seelikud\/kleit-noir-handmade-f250\/\">kleit F250<\/a><\/p>\n<p><span style=\"color: #008000;\"><strong>DETAILS:<\/strong><\/span><\/p>\n<ul>\n<li>valmistatud PVC-materjalist<\/li>\n<li>seksika <em>wet-look<\/em> ilmega<\/li>\n<li>puhvis \u00f5lad &amp; pikad varrukad<\/li>\n<li>eest trukkidega avatav<\/li>\n<li>mugav ja elastne kangas (77% pol\u00fcester; 23% elastaan)<\/li>\n<\/ul>","protected":false},"excerpt":{"rendered":"<p>&#46;&#46;&#46;<\/p>","protected":false},"featured_media":19532,"comment_status":"open","ping_status":"closed","template":"","meta":{"_glsr_average":0,"_glsr_ranking":0,"_glsr_reviews":0},"product_brand":[501],"product_cat":[383],"product_tag":[398,218],"class_list":{"0":"post-19455","1":"product","2":"type-product","3":"status-publish","4":"has-post-thumbnail","6":"product_brand-noir-handmade","7":"product_cat-kleidid-seelikud","8":"product_tag-latekspesu","9":"product_tag-noir-handmade","10":"pa_suurus-l","11":"pa_suurus-m","12":"pa_suurus-s","13":"pa_suurus-xl","14":"pa_varvus-must","16":"first","17":"instock","18":"sold-individually","19":"taxable","20":"shipping-taxable","21":"purchasable","22":"product-type-variable"},"_links":{"self":[{"href":"https:\/\/pesu24.ee\/en\/wp-json\/wp\/v2\/product\/19455","targetHints":{"allow":["GET"]}}],"collection":[{"href":"https:\/\/pesu24.ee\/en\/wp-json\/wp\/v2\/product"}],"about":[{"href":"https:\/\/pesu24.ee\/en\/wp-json\/wp\/v2\/types\/product"}],"replies":[{"embeddable":true,"href":"https:\/\/pesu24.ee\/en\/wp-json\/wp\/v2\/comments?post=19455"}],"wp:featuredmedia":[{"embeddable":true,"href":"https:\/\/pesu24.ee\/en\/wp-json\/wp\/v2\/media\/19532"}],"wp:attachment":[{"href":"https:\/\/pesu24.ee\/en\/wp-json\/wp\/v2\/media?parent=19455"}],"wp:term":[{"taxonomy":"product_brand","embeddable":true,"href":"https:\/\/pesu24.ee\/en\/wp-json\/wp\/v2\/product_brand?post=19455"},{"taxonomy":"product_cat","embeddable":true,"href":"https:\/\/pesu24.ee\/en\/wp-json\/wp\/v2\/product_cat?post=19455"},{"taxonomy":"product_tag","embeddable":true,"href":"https:\/\/pesu24.ee\/en\/wp-json\/wp\/v2\/product_tag?post=19455"}],"curies":[{"name":"wp","href":"https:\/\/api.w.org\/{rel}","templated":true}]}}