{"id":19457,"date":"2025-08-18T21:57:14","date_gmt":"2025-08-18T18:57:14","guid":{"rendered":"https:\/\/pesu24.ee\/?post_type=product&#038;p=19457"},"modified":"2025-08-20T14:58:00","modified_gmt":"2025-08-20T11:58:00","slug":"kleit-noir-handmade-f250","status":"publish","type":"product","link":"https:\/\/pesu24.ee\/en\/kleidid-seelikud\/kleit-noir-handmade-f250\/","title":{"rendered":"Kleit Noir Handmade F250"},"content":{"rendered":"<p>Noir Handmade F251 kleit on valmistatud l\u00e4ikivast PVC-materjalist, mis tekitab sensuaalse <em>wet-look<\/em> ilme. Kleidil on ees rinnakorvi juures satsiline pael, mis lisab omakorda veelgi rohkem seksapiilsust.<\/p>\n<p>Tootel on ees avatav lukk, millega saate reguleerida seda kui palju te soovite enda keha n\u00e4idata &#8211; seet\u00f5ttu sobib see kleit kandmiseks erinevatel \u00fcritustel.<\/p>\n<p><span style=\"color: #008000;\"><strong>KOMPLEKT SISALDAB:<\/strong><\/span><\/p>\n<ul>\n<li>kleit<\/li>\n<\/ul>\n<p>Lisaks v\u00f5ivad teile meeldida j\u00e4rgmised Noir Handmade tooted: <a href=\"https:\/\/pesu24.ee\/en\/puksid-pukskostuumid\/overall-noir-handmade-f249\/\">overall F249<\/a> ja <a href=\"https:\/\/pesu24.ee\/en\/kleidid-seelikud\/kleit-noir-handmade-f251\/\">kleit F251<\/a><\/p>\n<p><span style=\"color: #008000;\"><strong>DETAILS:<\/strong><\/span><\/p>\n<ul>\n<li>valmistatud PVC-materjalist<\/li>\n<li>seksika <em>wet-look<\/em> ilmega<\/li>\n<li>rinnakorvi juures satsiline pael<\/li>\n<li>eest lukuga avatav<\/li>\n<li>mugav ja elastne kangas (77% pol\u00fcester; 23% elastaan)<\/li>\n<\/ul>","protected":false},"excerpt":{"rendered":"<p>&#46;&#46;&#46;<\/p>","protected":false},"featured_media":19546,"comment_status":"open","ping_status":"closed","template":"","meta":{"_glsr_average":0,"_glsr_ranking":0,"_glsr_reviews":0},"product_brand":[501],"product_cat":[383],"product_tag":[398,218],"class_list":{"0":"post-19457","1":"product","2":"type-product","3":"status-publish","4":"has-post-thumbnail","6":"product_brand-noir-handmade","7":"product_cat-kleidid-seelikud","8":"product_tag-latekspesu","9":"product_tag-noir-handmade","10":"pa_suurus-l","11":"pa_suurus-m","12":"pa_suurus-s","13":"pa_suurus-xl","14":"pa_varvus-must","16":"first","17":"instock","18":"sold-individually","19":"taxable","20":"shipping-taxable","21":"purchasable","22":"product-type-variable"},"_links":{"self":[{"href":"https:\/\/pesu24.ee\/en\/wp-json\/wp\/v2\/product\/19457","targetHints":{"allow":["GET"]}}],"collection":[{"href":"https:\/\/pesu24.ee\/en\/wp-json\/wp\/v2\/product"}],"about":[{"href":"https:\/\/pesu24.ee\/en\/wp-json\/wp\/v2\/types\/product"}],"replies":[{"embeddable":true,"href":"https:\/\/pesu24.ee\/en\/wp-json\/wp\/v2\/comments?post=19457"}],"wp:featuredmedia":[{"embeddable":true,"href":"https:\/\/pesu24.ee\/en\/wp-json\/wp\/v2\/media\/19546"}],"wp:attachment":[{"href":"https:\/\/pesu24.ee\/en\/wp-json\/wp\/v2\/media?parent=19457"}],"wp:term":[{"taxonomy":"product_brand","embeddable":true,"href":"https:\/\/pesu24.ee\/en\/wp-json\/wp\/v2\/product_brand?post=19457"},{"taxonomy":"product_cat","embeddable":true,"href":"https:\/\/pesu24.ee\/en\/wp-json\/wp\/v2\/product_cat?post=19457"},{"taxonomy":"product_tag","embeddable":true,"href":"https:\/\/pesu24.ee\/en\/wp-json\/wp\/v2\/product_tag?post=19457"}],"curies":[{"name":"wp","href":"https:\/\/api.w.org\/{rel}","templated":true}]}}