{"id":19467,"date":"2025-08-18T21:57:15","date_gmt":"2025-08-18T18:57:15","guid":{"rendered":"https:\/\/pesu24.ee\/?post_type=product&#038;p=19467"},"modified":"2025-08-20T14:53:54","modified_gmt":"2025-08-20T11:53:54","slug":"kleit-obsessive-vivianty","status":"publish","type":"product","link":"https:\/\/pesu24.ee\/en\/kleidid-seelikud\/kleit-obsessive-vivianty\/","title":{"rendered":"Kleit Obsessive Vivianty"},"content":{"rendered":"<p>Obsessive Vivianty on seksikas ja v\u00f5rgutav kleit, mis sobib suurep\u00e4raselt enesekindlale naisele. Kleidil on \u00e4\u00e4rmiselt ahvatlev l\u00f5ike ning seksikas kangas toob esile teie naiselikud vormid. Mugav kinnitus seljal ja sidumine kaela tagant v\u00f5imaldavad t\u00e4ielikku mugavuse ja sobivuse.<\/p>\n<p><span style=\"color: #008000;\"><strong>KOMPLEKT SISALDAB:<\/strong><\/span><\/p>\n<ul>\n<li>kleit<\/li>\n<\/ul>\n<p><span style=\"color: #008000;\"><strong>DETAILS:<\/strong><\/span><\/p>\n<ul>\n<li>erakordne kleit<\/li>\n<li>taga astmeline kinnitus<\/li>\n<li>kaela tagant seotav<\/li>\n<li>eriline l\u00f5ige &amp; disain<\/li>\n<li>mugav ja elastne kangas (85% ploe\u00fcster, 8% elastaan, 7% PU)<\/li>\n<\/ul>","protected":false},"excerpt":{"rendered":"<p>&#46;&#46;&#46;<\/p>","protected":false},"featured_media":19604,"comment_status":"open","ping_status":"closed","template":"","meta":{"_glsr_average":0,"_glsr_ranking":0,"_glsr_reviews":0},"product_brand":[500],"product_cat":[383],"product_tag":[160],"class_list":{"0":"post-19467","1":"product","2":"type-product","3":"status-publish","4":"has-post-thumbnail","6":"product_brand-obsessive","7":"product_cat-kleidid-seelikud","8":"product_tag-obsessive","9":"pa_suurus-m-l","10":"pa_suurus-xs-s","11":"pa_varvus-must","13":"first","14":"instock","15":"sold-individually","16":"taxable","17":"shipping-taxable","18":"purchasable","19":"product-type-variable"},"_links":{"self":[{"href":"https:\/\/pesu24.ee\/en\/wp-json\/wp\/v2\/product\/19467","targetHints":{"allow":["GET"]}}],"collection":[{"href":"https:\/\/pesu24.ee\/en\/wp-json\/wp\/v2\/product"}],"about":[{"href":"https:\/\/pesu24.ee\/en\/wp-json\/wp\/v2\/types\/product"}],"replies":[{"embeddable":true,"href":"https:\/\/pesu24.ee\/en\/wp-json\/wp\/v2\/comments?post=19467"}],"wp:featuredmedia":[{"embeddable":true,"href":"https:\/\/pesu24.ee\/en\/wp-json\/wp\/v2\/media\/19604"}],"wp:attachment":[{"href":"https:\/\/pesu24.ee\/en\/wp-json\/wp\/v2\/media?parent=19467"}],"wp:term":[{"taxonomy":"product_brand","embeddable":true,"href":"https:\/\/pesu24.ee\/en\/wp-json\/wp\/v2\/product_brand?post=19467"},{"taxonomy":"product_cat","embeddable":true,"href":"https:\/\/pesu24.ee\/en\/wp-json\/wp\/v2\/product_cat?post=19467"},{"taxonomy":"product_tag","embeddable":true,"href":"https:\/\/pesu24.ee\/en\/wp-json\/wp\/v2\/product_tag?post=19467"}],"curies":[{"name":"wp","href":"https:\/\/api.w.org\/{rel}","templated":true}]}}