{"id":19468,"date":"2025-08-18T21:57:15","date_gmt":"2025-08-18T18:57:15","guid":{"rendered":"https:\/\/pesu24.ee\/?post_type=product&#038;p=19468"},"modified":"2025-08-20T14:57:59","modified_gmt":"2025-08-20T11:57:59","slug":"pikk-kleit-noir-handmade-f288","status":"publish","type":"product","link":"https:\/\/pesu24.ee\/en\/kleidid-seelikud\/pikk-kleit-noir-handmade-f288\/","title":{"rendered":"Pikk kleit Noir Handmade F288"},"content":{"rendered":"<p>Noir Handmade F288 pikk kleit on valmistatud pooll\u00e4bipaistvast t\u00fcllist, mida kaunistab leopardimuster. Kleidil on ees k\u00f5rge l\u00f5hik ja avatud seljaosa.<\/p>\n<p>Kleit on kaela tagant haakidega kinnituv.<\/p>\n<p><span style=\"color: #008000;\"><strong>KOMPLEKT SISALDAB:<\/strong><\/span><\/p>\n<ul>\n<li>kleit<\/li>\n<\/ul>\n<p>Lisaks v\u00f5ivad teile meeldida j\u00e4rgmised Noir Handmade tooted: <a href=\"https:\/\/pesu24.ee\/en\/kleidid-seelikud\/kleit-noir-handmade-f284\/\">kleit F284<\/a>, <a href=\"https:\/\/pesu24.ee\/en\/puksid-pukskostuumid\/leopardi-mustriga-overall-noir-handmade-f285\/\">overall F285<\/a> ja <a href=\"https:\/\/pesu24.ee\/en\/puksid-pukskostuumid\/avatud-seljaga-overall-noir-handmade-f286\/\">overall F286<\/a>.<\/p>\n<p><span style=\"color: #008000;\"><strong>DETAILS:<\/strong><\/span><\/p>\n<ul>\n<li>valmistatud pooll\u00e4bipaistvast t\u00fcllist<\/li>\n<li>kaunistatud leopardimustriga<\/li>\n<li>seksikas pikk kleit<\/li>\n<li>ees l\u00f5hik<\/li>\n<li>avatud selg<\/li>\n<li>kaela tagant haakidega kinnituv<\/li>\n<li>mugav ja elastne kangas (90% pol\u00fcester; 10% elastaan)<\/li>\n<\/ul>","protected":false},"excerpt":{"rendered":"<p>&#46;&#46;&#46;<\/p>","protected":false},"featured_media":19611,"comment_status":"open","ping_status":"closed","template":"","meta":{"_glsr_average":0,"_glsr_ranking":0,"_glsr_reviews":0},"product_brand":[501],"product_cat":[383],"product_tag":[398,218],"class_list":{"0":"post-19468","1":"product","2":"type-product","3":"status-publish","4":"has-post-thumbnail","6":"product_brand-noir-handmade","7":"product_cat-kleidid-seelikud","8":"product_tag-latekspesu","9":"product_tag-noir-handmade","10":"pa_suurus-l","11":"pa_suurus-m","12":"pa_suurus-s","13":"pa_suurus-xl","14":"pa_varvus-must","16":"first","17":"instock","18":"sold-individually","19":"taxable","20":"shipping-taxable","21":"purchasable","22":"product-type-variable"},"_links":{"self":[{"href":"https:\/\/pesu24.ee\/en\/wp-json\/wp\/v2\/product\/19468","targetHints":{"allow":["GET"]}}],"collection":[{"href":"https:\/\/pesu24.ee\/en\/wp-json\/wp\/v2\/product"}],"about":[{"href":"https:\/\/pesu24.ee\/en\/wp-json\/wp\/v2\/types\/product"}],"replies":[{"embeddable":true,"href":"https:\/\/pesu24.ee\/en\/wp-json\/wp\/v2\/comments?post=19468"}],"wp:featuredmedia":[{"embeddable":true,"href":"https:\/\/pesu24.ee\/en\/wp-json\/wp\/v2\/media\/19611"}],"wp:attachment":[{"href":"https:\/\/pesu24.ee\/en\/wp-json\/wp\/v2\/media?parent=19468"}],"wp:term":[{"taxonomy":"product_brand","embeddable":true,"href":"https:\/\/pesu24.ee\/en\/wp-json\/wp\/v2\/product_brand?post=19468"},{"taxonomy":"product_cat","embeddable":true,"href":"https:\/\/pesu24.ee\/en\/wp-json\/wp\/v2\/product_cat?post=19468"},{"taxonomy":"product_tag","embeddable":true,"href":"https:\/\/pesu24.ee\/en\/wp-json\/wp\/v2\/product_tag?post=19468"}],"curies":[{"name":"wp","href":"https:\/\/api.w.org\/{rel}","templated":true}]}}