{"id":19506,"date":"2025-08-18T21:58:01","date_gmt":"2025-08-18T18:58:01","guid":{"rendered":"https:\/\/pesu24.ee\/?post_type=product&#038;p=19506"},"modified":"2025-08-21T15:41:01","modified_gmt":"2025-08-21T12:41:01","slug":"kleit-obsessive-d239","status":"publish","type":"product","link":"https:\/\/pesu24.ee\/en\/kleidid-seelikud\/kleit-obsessive-d239\/","title":{"rendered":"Kleit Obsessive D239"},"content":{"rendered":"<p>Obsessive D239 kelit on valmistatud v\u00f5rkkangast, mida kaunistab lilleline motiiv. Kleidi seljal on naiselik v\u00e4ljal\u00f5ige ning paljad \u00f5lad lisavad veelgi rohkem seksapiilsust.<\/p>\n<p><span style=\"color: #008000;\"><strong>KOMPLEKT SISALDAB:<\/strong><\/span><\/p>\n<ul>\n<li>kleit<\/li>\n<\/ul>\n<p><span style=\"color: #008000;\"><strong>DETAILS:<\/strong><\/span><\/p>\n<ul>\n<li>topelt \u00f5lapaelad<\/li>\n<li>seljal v\u00e4ljal\u00f5ige<\/li>\n<li>universaalsuurus &#8211; S\/M\/L<\/li>\n<li>mugav &amp; elastne kanga (81% pol\u00fcamiid, 19% elastaan)<\/li>\n<\/ul>","protected":false},"excerpt":{"rendered":"<p>&#46;&#46;&#46;<\/p>","protected":false},"featured_media":19684,"comment_status":"open","ping_status":"closed","template":"","meta":{"_glsr_average":0,"_glsr_ranking":0,"_glsr_reviews":0},"product_brand":[500],"product_cat":[383],"product_tag":[160],"class_list":{"0":"post-19506","1":"product","2":"type-product","3":"status-publish","4":"has-post-thumbnail","6":"product_brand-obsessive","7":"product_cat-kleidid-seelikud","8":"product_tag-obsessive","9":"pa_suurus-universaalsuurus","10":"pa_varvus-must","12":"first","13":"instock","14":"sold-individually","15":"taxable","16":"shipping-taxable","17":"purchasable","18":"product-type-simple"},"_links":{"self":[{"href":"https:\/\/pesu24.ee\/en\/wp-json\/wp\/v2\/product\/19506","targetHints":{"allow":["GET"]}}],"collection":[{"href":"https:\/\/pesu24.ee\/en\/wp-json\/wp\/v2\/product"}],"about":[{"href":"https:\/\/pesu24.ee\/en\/wp-json\/wp\/v2\/types\/product"}],"replies":[{"embeddable":true,"href":"https:\/\/pesu24.ee\/en\/wp-json\/wp\/v2\/comments?post=19506"}],"wp:featuredmedia":[{"embeddable":true,"href":"https:\/\/pesu24.ee\/en\/wp-json\/wp\/v2\/media\/19684"}],"wp:attachment":[{"href":"https:\/\/pesu24.ee\/en\/wp-json\/wp\/v2\/media?parent=19506"}],"wp:term":[{"taxonomy":"product_brand","embeddable":true,"href":"https:\/\/pesu24.ee\/en\/wp-json\/wp\/v2\/product_brand?post=19506"},{"taxonomy":"product_cat","embeddable":true,"href":"https:\/\/pesu24.ee\/en\/wp-json\/wp\/v2\/product_cat?post=19506"},{"taxonomy":"product_tag","embeddable":true,"href":"https:\/\/pesu24.ee\/en\/wp-json\/wp\/v2\/product_tag?post=19506"}],"curies":[{"name":"wp","href":"https:\/\/api.w.org\/{rel}","templated":true}]}}