{"id":19527,"date":"2025-08-18T21:58:30","date_gmt":"2025-08-18T18:58:30","guid":{"rendered":"https:\/\/pesu24.ee\/?post_type=product&#038;p=19527"},"modified":"2025-08-20T15:02:35","modified_gmt":"2025-08-20T12:02:35","slug":"kleit-beauty-night-hollie","status":"publish","type":"product","link":"https:\/\/pesu24.ee\/en\/kleidid-seelikud\/kleit-beauty-night-hollie\/","title":{"rendered":"Kleit Beauty Night Hollie"},"content":{"rendered":"<p>Beauty Night Holly on pilkup\u00fc\u00fcdev kleit, mis on valmistatud l\u00e4ikivast kangast ja kaunistatud lillelise pitsiga. Kleidi esiosa on s\u00fcgava kaeluse ja v\u00e4ljal\u00f5ikega. Kleidi tagaosas on lukk, mis kulgeb kogu pikkuse ulatuses.<\/p>\n<p><span style=\"color: #008000;\"><strong>KOMPLEKT SISALDAB:<\/strong><\/span><\/p>\n<ul>\n<li>kleit<\/li>\n<li>stringid<\/li>\n<\/ul>\n<p><span style=\"color: #008000;\"><strong>DETAILS:<\/strong><\/span><\/p>\n<ul>\n<li>color black<\/li>\n<li>seksikas disain<\/li>\n<li>tagant lukuga avatav<\/li>\n<li>ees seksikas v\u00e4ljal\u00f5ige<\/li>\n<li>mugav kangas (92% pol\u00fcamiid, 8% elastaan)<\/li>\n<\/ul>","protected":false},"excerpt":{"rendered":"<p>&#46;&#46;&#46;<\/p>","protected":false},"featured_media":19706,"comment_status":"open","ping_status":"closed","template":"","meta":{"_glsr_average":0,"_glsr_ranking":0,"_glsr_reviews":0},"product_brand":[503],"product_cat":[383],"product_tag":[403],"class_list":{"0":"post-19527","1":"product","2":"type-product","3":"status-publish","4":"has-post-thumbnail","6":"product_brand-beauty-night","7":"product_cat-kleidid-seelikud","8":"product_tag-beauty-night","9":"pa_suurus-l-xl","10":"pa_suurus-s-m","11":"pa_varvus-must","13":"first","14":"instock","15":"sold-individually","16":"taxable","17":"shipping-taxable","18":"purchasable","19":"product-type-variable"},"_links":{"self":[{"href":"https:\/\/pesu24.ee\/en\/wp-json\/wp\/v2\/product\/19527","targetHints":{"allow":["GET"]}}],"collection":[{"href":"https:\/\/pesu24.ee\/en\/wp-json\/wp\/v2\/product"}],"about":[{"href":"https:\/\/pesu24.ee\/en\/wp-json\/wp\/v2\/types\/product"}],"replies":[{"embeddable":true,"href":"https:\/\/pesu24.ee\/en\/wp-json\/wp\/v2\/comments?post=19527"}],"wp:featuredmedia":[{"embeddable":true,"href":"https:\/\/pesu24.ee\/en\/wp-json\/wp\/v2\/media\/19706"}],"wp:attachment":[{"href":"https:\/\/pesu24.ee\/en\/wp-json\/wp\/v2\/media?parent=19527"}],"wp:term":[{"taxonomy":"product_brand","embeddable":true,"href":"https:\/\/pesu24.ee\/en\/wp-json\/wp\/v2\/product_brand?post=19527"},{"taxonomy":"product_cat","embeddable":true,"href":"https:\/\/pesu24.ee\/en\/wp-json\/wp\/v2\/product_cat?post=19527"},{"taxonomy":"product_tag","embeddable":true,"href":"https:\/\/pesu24.ee\/en\/wp-json\/wp\/v2\/product_tag?post=19527"}],"curies":[{"name":"wp","href":"https:\/\/api.w.org\/{rel}","templated":true}]}}