{"id":19544,"date":"2025-08-18T21:58:53","date_gmt":"2025-08-18T18:58:53","guid":{"rendered":"https:\/\/pesu24.ee\/?post_type=product&#038;p=19544"},"modified":"2025-12-15T15:39:51","modified_gmt":"2025-12-15T12:39:51","slug":"seelik-noir-handmade-f305","status":"publish","type":"product","link":"https:\/\/pesu24.ee\/en\/kleidid-seelikud\/seelik-noir-handmade-f305\/","title":{"rendered":"Seelik Noir Handmade F305"},"content":{"rendered":"<p>Astuge julgelt oma kirelainele selle k\u00f5rgmoe as\u00fcmmeetrilise wet-look v\u00e4limuse seelikuga, mis on loodud, et \u00e4rataks \u00fcles Sinu pahelised soovid ja lisaks Sinu garderoobile tulist kiusatust. See ainulaadne seelik on rohkem kui lihtsalt r\u00f5ivaese \u2013 see on enesev\u00e4ljenduse ja sensuaalsuse manifestatsioon.<\/p>\n<p>As\u00fcmmeetriline l\u00f5ige annab seelikule kaasaegse ilme, mis r\u00f5hutab Sinu isikup\u00e4ra ja julgustab v\u00e4ljendama end vabalt. Wet-look v\u00e4limusega materjal lisab sellele erilise l\u00e4ike, tuues esile Sinu enesekindluse ja s\u00e4ra. Seelik on kui kunstiteos, mis avab uksed p\u00f5nevale maailmale, kus kirg ja mood saavad \u00fcheks.<\/p>\n<p>Selle seelikuga on v\u00f5imalik v\u00e4ljendada oma pahelisust ja julgustada seda tulist kiusatust, mis tekitab \u00fcmbritsevas huvi ja iha. Olge valmis vallandama oma sisemine tulikuum k\u00fclaline ja andke oma garderoobile s\u00e4rtsu, mida maailm ei unusta.<\/p>\n<p><span style=\"color: #008000;\"><strong>KOMPLEKT SISALDAB:<\/strong><\/span><\/p>\n<ul>\n<li>seelik<\/li>\n<\/ul>\n<p><span style=\"color: #008000;\"><strong>DETAILS:<\/strong><\/span><\/p>\n<ul>\n<li>wet-look stiilis<\/li>\n<li>as\u00fcmmeetriline l\u00f5ige<\/li>\n<li>mugav ja elastne kangas (76% pol\u00fcester; 24% elastaan)<\/li>\n<\/ul>","protected":false},"excerpt":{"rendered":"<p>&#46;&#46;&#46;<\/p>","protected":false},"featured_media":19739,"comment_status":"open","ping_status":"closed","template":"","meta":{"_glsr_average":0,"_glsr_ranking":0,"_glsr_reviews":0},"product_brand":[501],"product_cat":[383],"product_tag":[398,218],"class_list":{"0":"post-19544","1":"product","2":"type-product","3":"status-publish","4":"has-post-thumbnail","6":"product_brand-noir-handmade","7":"product_cat-kleidid-seelikud","8":"product_tag-latekspesu","9":"product_tag-noir-handmade","10":"pa_suurus-l","11":"pa_suurus-m","12":"pa_suurus-s","13":"pa_suurus-xl","14":"pa_varvus-must","16":"first","17":"instock","18":"sold-individually","19":"taxable","20":"shipping-taxable","21":"purchasable","22":"product-type-variable"},"_links":{"self":[{"href":"https:\/\/pesu24.ee\/en\/wp-json\/wp\/v2\/product\/19544","targetHints":{"allow":["GET"]}}],"collection":[{"href":"https:\/\/pesu24.ee\/en\/wp-json\/wp\/v2\/product"}],"about":[{"href":"https:\/\/pesu24.ee\/en\/wp-json\/wp\/v2\/types\/product"}],"replies":[{"embeddable":true,"href":"https:\/\/pesu24.ee\/en\/wp-json\/wp\/v2\/comments?post=19544"}],"wp:featuredmedia":[{"embeddable":true,"href":"https:\/\/pesu24.ee\/en\/wp-json\/wp\/v2\/media\/19739"}],"wp:attachment":[{"href":"https:\/\/pesu24.ee\/en\/wp-json\/wp\/v2\/media?parent=19544"}],"wp:term":[{"taxonomy":"product_brand","embeddable":true,"href":"https:\/\/pesu24.ee\/en\/wp-json\/wp\/v2\/product_brand?post=19544"},{"taxonomy":"product_cat","embeddable":true,"href":"https:\/\/pesu24.ee\/en\/wp-json\/wp\/v2\/product_cat?post=19544"},{"taxonomy":"product_tag","embeddable":true,"href":"https:\/\/pesu24.ee\/en\/wp-json\/wp\/v2\/product_tag?post=19544"}],"curies":[{"name":"wp","href":"https:\/\/api.w.org\/{rel}","templated":true}]}}