{"id":19563,"date":"2025-08-18T21:59:19","date_gmt":"2025-08-18T18:59:19","guid":{"rendered":"https:\/\/pesu24.ee\/?post_type=product&#038;p=19563"},"modified":"2025-08-20T14:57:58","modified_gmt":"2025-08-20T11:57:58","slug":"kleit-noir-handmade-f317","status":"publish","type":"product","link":"https:\/\/pesu24.ee\/en\/kleidid-seelikud\/kleit-noir-handmade-f317\/","title":{"rendered":"Kleit Noir Handmade F317"},"content":{"rendered":"<p>Kleidi krokodillimustriline wet look ilmse lisab sellele s\u00e4ra ja stiili, muutes selle ideaalseks valikuks, kui soovid tunda end sensuaalselt ja enesekindlalt. Ilma paelteta disain r\u00f5hutab \u00f5lgu ja dekolteed, tuues esile Sinu naiselikkuse.<\/p>\n<p>See kleit on loodud selleks, et tuua esile Sinu m\u00e4nguline ja julge pool. Olgu see siis \u00f5htu v\u00e4ljas\u00f5iduks v\u00f5i eriliseks s\u00fcndmuseks, see klassikaline kleit on valmistatud selleks, et sind t\u00e4helepanu keskpunktiks muuta ja sulle enesekindlust anda.<\/p>\n<p><span style=\"color: #008000;\"><strong>KOMPLEKT SISALDAB:<\/strong><\/span><\/p>\n<ul>\n<li>kleit<\/li>\n<\/ul>\n<p><span style=\"color: #008000;\"><strong>DETAILS:<\/strong><\/span><\/p>\n<ul>\n<li>elastne wet look stiilis kleit<\/li>\n<li>krokodillimustriga<\/li>\n<li>seksika l\u00f5ikega<\/li>\n<li>avatud \u00f5lad<\/li>\n<li>mugav ja elastne kangas (90% pol\u00fcester; 10% elastaan)<\/li>\n<\/ul>","protected":false},"excerpt":{"rendered":"<p>&#46;&#46;&#46;<\/p>","protected":false},"featured_media":19759,"comment_status":"open","ping_status":"closed","template":"","meta":{"_glsr_average":0,"_glsr_ranking":0,"_glsr_reviews":0},"product_brand":[501],"product_cat":[383],"product_tag":[398,218],"class_list":{"0":"post-19563","1":"product","2":"type-product","3":"status-publish","4":"has-post-thumbnail","6":"product_brand-noir-handmade","7":"product_cat-kleidid-seelikud","8":"product_tag-latekspesu","9":"product_tag-noir-handmade","10":"pa_suurus-l","11":"pa_suurus-m","12":"pa_suurus-s","13":"pa_suurus-xl","14":"pa_varvus-must","16":"first","17":"instock","18":"sold-individually","19":"taxable","20":"shipping-taxable","21":"purchasable","22":"product-type-variable"},"_links":{"self":[{"href":"https:\/\/pesu24.ee\/en\/wp-json\/wp\/v2\/product\/19563","targetHints":{"allow":["GET"]}}],"collection":[{"href":"https:\/\/pesu24.ee\/en\/wp-json\/wp\/v2\/product"}],"about":[{"href":"https:\/\/pesu24.ee\/en\/wp-json\/wp\/v2\/types\/product"}],"replies":[{"embeddable":true,"href":"https:\/\/pesu24.ee\/en\/wp-json\/wp\/v2\/comments?post=19563"}],"wp:featuredmedia":[{"embeddable":true,"href":"https:\/\/pesu24.ee\/en\/wp-json\/wp\/v2\/media\/19759"}],"wp:attachment":[{"href":"https:\/\/pesu24.ee\/en\/wp-json\/wp\/v2\/media?parent=19563"}],"wp:term":[{"taxonomy":"product_brand","embeddable":true,"href":"https:\/\/pesu24.ee\/en\/wp-json\/wp\/v2\/product_brand?post=19563"},{"taxonomy":"product_cat","embeddable":true,"href":"https:\/\/pesu24.ee\/en\/wp-json\/wp\/v2\/product_cat?post=19563"},{"taxonomy":"product_tag","embeddable":true,"href":"https:\/\/pesu24.ee\/en\/wp-json\/wp\/v2\/product_tag?post=19563"}],"curies":[{"name":"wp","href":"https:\/\/api.w.org\/{rel}","templated":true}]}}