{"id":19564,"date":"2025-08-18T21:59:19","date_gmt":"2025-08-18T18:59:19","guid":{"rendered":"https:\/\/pesu24.ee\/?post_type=product&#038;p=19564"},"modified":"2025-08-20T14:57:58","modified_gmt":"2025-08-20T11:57:58","slug":"kleit-noir-handmade-f311","status":"publish","type":"product","link":"https:\/\/pesu24.ee\/en\/kleidid-seelikud\/kleit-noir-handmade-f311\/","title":{"rendered":"Kleit Noir Handmade F311"},"content":{"rendered":"<p>Armastus on \u00f5hus selle halterstiilis kleidiga, mis uhkeldab l\u00e4bipaistva \u00f5iemustriga \u00fclaosa ja k\u00fctkestava wet-look v\u00e4limusega alumise osaga, et r\u00f5hutada Sinu kehakumerusi. Kaela kinnituse ja peidetud tagumise luku abil tood selles kleidis t\u00f5eliselt esile oma sisemise erootika.<\/p>\n<p>Kleidi \u00f5ie mustriga v\u00f5rkriie annab sellele romantilise ja \u00f5hulise puudutuse, samal ajal kui wet-look v\u00e4limus lisab sellele sensuaalsust ja stiili. Halterstiilis disain toob esile \u00f5lad ja dekoltee, andes kleidile elegantse ja naiseliku ilme.<\/p>\n<p>Selle kleidiga saad v\u00e4ljendada oma m\u00e4ngulist ja romantilist k\u00fclge. Olgu see siis eriline s\u00fcndmus v\u00f5i lihtsalt soov midagi erilist kanda, see kleit on ideaalne valik, et tunda end armas ja enesekindlana.<\/p>\n<p><span style=\"color: #008000;\"><strong>KOMPLEKT SISALDAB:<\/strong><\/span><\/p>\n<ul>\n<li>kleit<\/li>\n<\/ul>\n<p><span style=\"color: #008000;\"><strong>DETAILS:<\/strong><\/span><\/p>\n<ul>\n<li>elastne wet look stiilis kleit<\/li>\n<li>\u00fclemine osa pooll\u00e4bipaistev<\/li>\n<li>kaela tagant kinnituv<\/li>\n<li>tagant lukuga avatav<\/li>\n<li>mugav ja elastne kangas (76% pol\u00fcester; 24% elastaan)<\/li>\n<\/ul>","protected":false},"excerpt":{"rendered":"<p>&#46;&#46;&#46;<\/p>","protected":false},"featured_media":19764,"comment_status":"open","ping_status":"closed","template":"","meta":{"_glsr_average":0,"_glsr_ranking":0,"_glsr_reviews":0},"product_brand":[501],"product_cat":[383],"product_tag":[398,218],"class_list":{"0":"post-19564","1":"product","2":"type-product","3":"status-publish","4":"has-post-thumbnail","6":"product_brand-noir-handmade","7":"product_cat-kleidid-seelikud","8":"product_tag-latekspesu","9":"product_tag-noir-handmade","10":"pa_suurus-l","11":"pa_suurus-m","12":"pa_suurus-s","13":"pa_suurus-xl","14":"pa_varvus-must","16":"first","17":"instock","18":"sold-individually","19":"taxable","20":"shipping-taxable","21":"purchasable","22":"product-type-variable"},"_links":{"self":[{"href":"https:\/\/pesu24.ee\/en\/wp-json\/wp\/v2\/product\/19564","targetHints":{"allow":["GET"]}}],"collection":[{"href":"https:\/\/pesu24.ee\/en\/wp-json\/wp\/v2\/product"}],"about":[{"href":"https:\/\/pesu24.ee\/en\/wp-json\/wp\/v2\/types\/product"}],"replies":[{"embeddable":true,"href":"https:\/\/pesu24.ee\/en\/wp-json\/wp\/v2\/comments?post=19564"}],"wp:featuredmedia":[{"embeddable":true,"href":"https:\/\/pesu24.ee\/en\/wp-json\/wp\/v2\/media\/19764"}],"wp:attachment":[{"href":"https:\/\/pesu24.ee\/en\/wp-json\/wp\/v2\/media?parent=19564"}],"wp:term":[{"taxonomy":"product_brand","embeddable":true,"href":"https:\/\/pesu24.ee\/en\/wp-json\/wp\/v2\/product_brand?post=19564"},{"taxonomy":"product_cat","embeddable":true,"href":"https:\/\/pesu24.ee\/en\/wp-json\/wp\/v2\/product_cat?post=19564"},{"taxonomy":"product_tag","embeddable":true,"href":"https:\/\/pesu24.ee\/en\/wp-json\/wp\/v2\/product_tag?post=19564"}],"curies":[{"name":"wp","href":"https:\/\/api.w.org\/{rel}","templated":true}]}}