{"id":19913,"date":"2025-08-18T22:04:32","date_gmt":"2025-08-18T19:04:32","guid":{"rendered":"https:\/\/pesu24.ee\/?post_type=product&#038;p=19913"},"modified":"2025-12-15T15:21:59","modified_gmt":"2025-12-15T12:21:59","slug":"kleit-noir-handmade-f308","status":"publish","type":"product","link":"https:\/\/pesu24.ee\/en\/kleidid-seelikud\/kleit-noir-handmade-f308\/","title":{"rendered":"Kleit Noir Handmade F308"},"content":{"rendered":"<p>Noir Handmade F308 kleit on ideaalne valik nendeks hetkedeks, kui soovid tunda end mitte ainult atraktiivselt, vaid ka mugavalt. Wetlook ilmega materjal lisab kleidile l\u00e4iget ja stiili, samas kui \u00f5lapaelteta disain toob esile \u00f5lad ja dekoltee, muutes selle sobivaks erinevateks s\u00fcndmusteks.<\/p>\n<p>Olenemata sellest, kas oled teel pidutsema v\u00f5i soovid lihtsalt oma igap\u00e4evast stiili v\u00e4rskendada, see klassikaline wetlook ilmega kleit on selleks, et tuua esile Sinu enesekindluse ja m\u00e4ngulisuse.<\/p>\n<p><span style=\"color: #008000;\"><strong>KOMPLEKT SISALDAB:<\/strong><\/span><\/p>\n<ul>\n<li>kleit<\/li>\n<\/ul>\n<p><span style=\"color: #008000;\"><strong>DETAILS:<\/strong><\/span><\/p>\n<ul>\n<li>elastne wetlook ilmega kleit<\/li>\n<li>eest lukuga avatav<\/li>\n<li>ilma \u00f5lapaelteta<\/li>\n<li>mugav ja elastne kangas (76% pol\u00fcester; 24% elastaan)<\/li>\n<\/ul>","protected":false},"excerpt":{"rendered":"<p>&#46;&#46;&#46;<\/p>","protected":false},"featured_media":19924,"comment_status":"open","ping_status":"closed","template":"","meta":{"_glsr_average":0,"_glsr_ranking":0,"_glsr_reviews":0},"product_brand":[501],"product_cat":[383],"product_tag":[398,218],"class_list":{"0":"post-19913","1":"product","2":"type-product","3":"status-publish","4":"has-post-thumbnail","6":"product_brand-noir-handmade","7":"product_cat-kleidid-seelikud","8":"product_tag-latekspesu","9":"product_tag-noir-handmade","10":"pa_suurus-l","11":"pa_suurus-m","12":"pa_suurus-s","13":"pa_suurus-xl","14":"pa_varvus-must","16":"first","17":"instock","18":"sold-individually","19":"taxable","20":"shipping-taxable","21":"purchasable","22":"product-type-variable"},"_links":{"self":[{"href":"https:\/\/pesu24.ee\/en\/wp-json\/wp\/v2\/product\/19913","targetHints":{"allow":["GET"]}}],"collection":[{"href":"https:\/\/pesu24.ee\/en\/wp-json\/wp\/v2\/product"}],"about":[{"href":"https:\/\/pesu24.ee\/en\/wp-json\/wp\/v2\/types\/product"}],"replies":[{"embeddable":true,"href":"https:\/\/pesu24.ee\/en\/wp-json\/wp\/v2\/comments?post=19913"}],"wp:featuredmedia":[{"embeddable":true,"href":"https:\/\/pesu24.ee\/en\/wp-json\/wp\/v2\/media\/19924"}],"wp:attachment":[{"href":"https:\/\/pesu24.ee\/en\/wp-json\/wp\/v2\/media?parent=19913"}],"wp:term":[{"taxonomy":"product_brand","embeddable":true,"href":"https:\/\/pesu24.ee\/en\/wp-json\/wp\/v2\/product_brand?post=19913"},{"taxonomy":"product_cat","embeddable":true,"href":"https:\/\/pesu24.ee\/en\/wp-json\/wp\/v2\/product_cat?post=19913"},{"taxonomy":"product_tag","embeddable":true,"href":"https:\/\/pesu24.ee\/en\/wp-json\/wp\/v2\/product_tag?post=19913"}],"curies":[{"name":"wp","href":"https:\/\/api.w.org\/{rel}","templated":true}]}}