{"id":19915,"date":"2025-08-18T22:04:32","date_gmt":"2025-08-18T19:04:32","guid":{"rendered":"https:\/\/pesu24.ee\/?post_type=product&#038;p=19915"},"modified":"2025-08-20T14:57:58","modified_gmt":"2025-08-20T11:57:58","slug":"pikk-kleit-noir-handmade-f312","status":"publish","type":"product","link":"https:\/\/pesu24.ee\/en\/kleidid-seelikud\/pikk-kleit-noir-handmade-f312\/","title":{"rendered":"Pikk kleit Noir Handmade F312"},"content":{"rendered":"<p>\u00c4ratage sisemine kirg ellu selles l\u00e4bipaistvas \u00f5ie mustriga pikas kleidis.\u00a0See kleit on loodud selleks, et esile tuua Sinu sensuaalsus ja naiselikkus.<\/p>\n<p>T\u00e4ielikult avatud tagaosa lisab seksuaalsust, samas kui sametise \u00e4\u00e4ristuse ja krae detailid toovad sisse luksusliku puudutuse. Seksikas l\u00f5hik ja lendlev esiosa loovad elegantse ja ligit\u00f5mbava v\u00e4limuse, mis valmistab Sind ette unustamatuks kogemuseks.<\/p>\n<p><span style=\"color: #008000;\"><strong>KOMPLEKT SISALDAB:<\/strong><\/span><\/p>\n<ul>\n<li>pikk kleit<\/li>\n<\/ul>\n<p><span style=\"color: #008000;\"><strong>DETAILS:<\/strong><\/span><\/p>\n<ul>\n<li>pooll\u00e4bipaistev pikk kleit<\/li>\n<li>kaunistatud lillemotiiviga<\/li>\n<li>kaela tagant kinnituv<\/li>\n<li>avatud selg &amp; dekoltee<\/li>\n<li>mugav ja elastne kangas (86% pol\u00fcester; 14% elastaan)<\/li>\n<\/ul>","protected":false},"excerpt":{"rendered":"<p>&#46;&#46;&#46;<\/p>","protected":false},"featured_media":19962,"comment_status":"open","ping_status":"closed","template":"","meta":{"_glsr_average":0,"_glsr_ranking":0,"_glsr_reviews":0},"product_brand":[501],"product_cat":[383],"product_tag":[398,218],"class_list":{"0":"post-19915","1":"product","2":"type-product","3":"status-publish","4":"has-post-thumbnail","6":"product_brand-noir-handmade","7":"product_cat-kleidid-seelikud","8":"product_tag-latekspesu","9":"product_tag-noir-handmade","10":"pa_suurus-l","11":"pa_suurus-m","12":"pa_suurus-s","13":"pa_suurus-xl","14":"pa_varvus-must","16":"first","17":"instock","18":"sold-individually","19":"taxable","20":"shipping-taxable","21":"purchasable","22":"product-type-variable"},"_links":{"self":[{"href":"https:\/\/pesu24.ee\/en\/wp-json\/wp\/v2\/product\/19915","targetHints":{"allow":["GET"]}}],"collection":[{"href":"https:\/\/pesu24.ee\/en\/wp-json\/wp\/v2\/product"}],"about":[{"href":"https:\/\/pesu24.ee\/en\/wp-json\/wp\/v2\/types\/product"}],"replies":[{"embeddable":true,"href":"https:\/\/pesu24.ee\/en\/wp-json\/wp\/v2\/comments?post=19915"}],"wp:featuredmedia":[{"embeddable":true,"href":"https:\/\/pesu24.ee\/en\/wp-json\/wp\/v2\/media\/19962"}],"wp:attachment":[{"href":"https:\/\/pesu24.ee\/en\/wp-json\/wp\/v2\/media?parent=19915"}],"wp:term":[{"taxonomy":"product_brand","embeddable":true,"href":"https:\/\/pesu24.ee\/en\/wp-json\/wp\/v2\/product_brand?post=19915"},{"taxonomy":"product_cat","embeddable":true,"href":"https:\/\/pesu24.ee\/en\/wp-json\/wp\/v2\/product_cat?post=19915"},{"taxonomy":"product_tag","embeddable":true,"href":"https:\/\/pesu24.ee\/en\/wp-json\/wp\/v2\/product_tag?post=19915"}],"curies":[{"name":"wp","href":"https:\/\/api.w.org\/{rel}","templated":true}]}}