{"id":19917,"date":"2025-08-18T22:04:32","date_gmt":"2025-08-18T19:04:32","guid":{"rendered":"https:\/\/pesu24.ee\/?post_type=product&#038;p=19917"},"modified":"2025-08-20T14:57:58","modified_gmt":"2025-08-20T11:57:58","slug":"kleit-noir-handmade-f310","status":"publish","type":"product","link":"https:\/\/pesu24.ee\/en\/kleidid-seelikud\/kleit-noir-handmade-f310\/","title":{"rendered":"Kleit Noir Handmade F310"},"content":{"rendered":"<p>Noir Handmade F310 kleit on loodud selleks, et tuua esile Sinu stiili ja naiselikkust. Pika varrukatega \u00f5ie mustriga v\u00f5rkkangas lisab kleidile romantilist puudutust, samal ajal kui wetlook ilmega detailid annavad sellele kaasaegse ja sensuaalse ilme. Seljataha peidetud lukk muudab riietumise lihtsaks ja mugavaks ning seeliku tagaosa sissel\u00f5ige lisab kleidile m\u00e4ngulisust ja v\u00f5imaldab sul oma jalgu n\u00e4idata.<\/p>\n<p><span style=\"color: #008000;\"><strong>KOMPLEKT SISALDAB:<\/strong><\/span><\/p>\n<ul>\n<li>kleit<\/li>\n<\/ul>\n<p><span style=\"color: #008000;\"><strong>DETAILS:<\/strong><\/span><\/p>\n<ul>\n<li>kombineeritud wetlook materjalist ja v\u00f5rkkangast<\/li>\n<li>kaunistatud lillemotiividega<\/li>\n<li>kaela tagant kinnituv<\/li>\n<li>taga lukk &amp; sissel\u00f5ige<\/li>\n<li>pikad varrukad<\/li>\n<li>mugav ja elastne kangas (76% pol\u00fcester; 24% elastaan)<\/li>\n<\/ul>","protected":false},"excerpt":{"rendered":"<p>&#46;&#46;&#46;<\/p>","protected":false},"featured_media":19976,"comment_status":"open","ping_status":"closed","template":"","meta":{"_glsr_average":0,"_glsr_ranking":0,"_glsr_reviews":0},"product_brand":[501],"product_cat":[383],"product_tag":[398,218],"class_list":{"0":"post-19917","1":"product","2":"type-product","3":"status-publish","4":"has-post-thumbnail","6":"product_brand-noir-handmade","7":"product_cat-kleidid-seelikud","8":"product_tag-latekspesu","9":"product_tag-noir-handmade","10":"pa_suurus-l","11":"pa_suurus-m","12":"pa_suurus-s","13":"pa_suurus-xl","14":"pa_varvus-must","16":"first","17":"instock","18":"sold-individually","19":"taxable","20":"shipping-taxable","21":"purchasable","22":"product-type-variable"},"_links":{"self":[{"href":"https:\/\/pesu24.ee\/en\/wp-json\/wp\/v2\/product\/19917","targetHints":{"allow":["GET"]}}],"collection":[{"href":"https:\/\/pesu24.ee\/en\/wp-json\/wp\/v2\/product"}],"about":[{"href":"https:\/\/pesu24.ee\/en\/wp-json\/wp\/v2\/types\/product"}],"replies":[{"embeddable":true,"href":"https:\/\/pesu24.ee\/en\/wp-json\/wp\/v2\/comments?post=19917"}],"wp:featuredmedia":[{"embeddable":true,"href":"https:\/\/pesu24.ee\/en\/wp-json\/wp\/v2\/media\/19976"}],"wp:attachment":[{"href":"https:\/\/pesu24.ee\/en\/wp-json\/wp\/v2\/media?parent=19917"}],"wp:term":[{"taxonomy":"product_brand","embeddable":true,"href":"https:\/\/pesu24.ee\/en\/wp-json\/wp\/v2\/product_brand?post=19917"},{"taxonomy":"product_cat","embeddable":true,"href":"https:\/\/pesu24.ee\/en\/wp-json\/wp\/v2\/product_cat?post=19917"},{"taxonomy":"product_tag","embeddable":true,"href":"https:\/\/pesu24.ee\/en\/wp-json\/wp\/v2\/product_tag?post=19917"}],"curies":[{"name":"wp","href":"https:\/\/api.w.org\/{rel}","templated":true}]}}