{"id":19918,"date":"2025-08-18T22:04:32","date_gmt":"2025-08-18T19:04:32","guid":{"rendered":"https:\/\/pesu24.ee\/?post_type=product&#038;p=19918"},"modified":"2025-08-20T14:57:58","modified_gmt":"2025-08-20T11:57:58","slug":"kleit-noir-handmade-f301","status":"publish","type":"product","link":"https:\/\/pesu24.ee\/en\/kleidid-seelikud\/kleit-noir-handmade-f301\/","title":{"rendered":"Kleit Noir Handmade F301"},"content":{"rendered":"<p>Noir Handmade F301 on loodud selleks, et tuua esile Teie unikaalset ja m\u00e4ngulist k\u00fclge. Pitsmaterjal annab kleidile romantilise ja elegantsi puudutuse, samas kui paelteta disain toob esile \u00f5lad ja dekoltee. Provokatiivne paeltega kinnituv seljaosa lisab kleidile ligit\u00f5mbavat ja m\u00e4ngulist elementi, muutes selle ideaalseks valikuks erilisteks s\u00fcndmusteks v\u00f5i romantilisteks \u00f5htuteks.<\/p>\n<p><span style=\"color: #008000;\"><strong>KOMPLEKT SISALDAB:<\/strong><\/span><\/p>\n<ul>\n<li>kleit<\/li>\n<\/ul>\n<p><span style=\"color: #008000;\"><strong>DETAILS:<\/strong><\/span><\/p>\n<ul>\n<li>valmistatud sensuaalsest pooll\u00e4bipaistvast pitsist<\/li>\n<li>kaunistatud lillemotiividega<\/li>\n<li>avatud \u00f5lad<\/li>\n<li>tagant paeltega seotav<\/li>\n<li>mugav ja elastne kangas (90% pol\u00fcamiid; 10% elastaan)<\/li>\n<\/ul>","protected":false},"excerpt":{"rendered":"<p>&#46;&#46;&#46;<\/p>","protected":false},"featured_media":19981,"comment_status":"open","ping_status":"closed","template":"","meta":{"_glsr_average":0,"_glsr_ranking":0,"_glsr_reviews":0},"product_brand":[501],"product_cat":[383],"product_tag":[398,218],"class_list":{"0":"post-19918","1":"product","2":"type-product","3":"status-publish","4":"has-post-thumbnail","6":"product_brand-noir-handmade","7":"product_cat-kleidid-seelikud","8":"product_tag-latekspesu","9":"product_tag-noir-handmade","10":"pa_suurus-l","11":"pa_suurus-m","12":"pa_suurus-s","13":"pa_suurus-xl","14":"pa_varvus-must","16":"first","17":"instock","18":"sold-individually","19":"taxable","20":"shipping-taxable","21":"purchasable","22":"product-type-variable"},"_links":{"self":[{"href":"https:\/\/pesu24.ee\/en\/wp-json\/wp\/v2\/product\/19918","targetHints":{"allow":["GET"]}}],"collection":[{"href":"https:\/\/pesu24.ee\/en\/wp-json\/wp\/v2\/product"}],"about":[{"href":"https:\/\/pesu24.ee\/en\/wp-json\/wp\/v2\/types\/product"}],"replies":[{"embeddable":true,"href":"https:\/\/pesu24.ee\/en\/wp-json\/wp\/v2\/comments?post=19918"}],"wp:featuredmedia":[{"embeddable":true,"href":"https:\/\/pesu24.ee\/en\/wp-json\/wp\/v2\/media\/19981"}],"wp:attachment":[{"href":"https:\/\/pesu24.ee\/en\/wp-json\/wp\/v2\/media?parent=19918"}],"wp:term":[{"taxonomy":"product_brand","embeddable":true,"href":"https:\/\/pesu24.ee\/en\/wp-json\/wp\/v2\/product_brand?post=19918"},{"taxonomy":"product_cat","embeddable":true,"href":"https:\/\/pesu24.ee\/en\/wp-json\/wp\/v2\/product_cat?post=19918"},{"taxonomy":"product_tag","embeddable":true,"href":"https:\/\/pesu24.ee\/en\/wp-json\/wp\/v2\/product_tag?post=19918"}],"curies":[{"name":"wp","href":"https:\/\/api.w.org\/{rel}","templated":true}]}}