{"id":19930,"date":"2025-08-18T22:04:54","date_gmt":"2025-08-18T19:04:54","guid":{"rendered":"https:\/\/pesu24.ee\/?post_type=product&#038;p=19930"},"modified":"2025-12-15T15:25:39","modified_gmt":"2025-12-15T12:25:39","slug":"kleit-noir-handmade-f295","status":"publish","type":"product","link":"https:\/\/pesu24.ee\/en\/kleidid-seelikud\/kleit-noir-handmade-f295\/","title":{"rendered":"Kleit Noir Handmade F295"},"content":{"rendered":"<p>Sukelduge sellesse keskmise pikkusega kleiti. Kleidi ahvatlev pitsiline pealmine osa koos dekoratiivse kaelusega ning veetlev m\u00e4rja v\u00e4limusega seelik haaravad pilke.<\/p>\n<p>Kleit on t\u00e4iendatud peidetud lukuga, mis lisab sellele m\u00fcstilist v\u00f5lu ning olge valmis salap\u00e4raselt s\u00e4rama. Olge valmis t\u00e4helepanu keskpunktiks saama selles unikaalses ja pilkup\u00fc\u00fcdvas kleidis.<\/p>\n<p><span style=\"color: #008000;\"><strong>KOMPLEKT SISALDAB:<\/strong><\/span><\/p>\n<ul>\n<li>kleit<\/li>\n<\/ul>\n<p><span style=\"color: #008000;\"><strong>DETAILS:<\/strong><\/span><\/p>\n<ul>\n<li>wet-look materjal kombineeritud pitsiga<\/li>\n<li>kaunistatud lillemotiividega<\/li>\n<li>pikad varrukad<\/li>\n<li>taga seelikul sissel\u00f5ige<\/li>\n<li>mugav ja elastne kangas (76% pol\u00fcester; 24% elastaan)<\/li>\n<\/ul>","protected":false},"excerpt":{"rendered":"<p>&#46;&#46;&#46;<\/p>","protected":false},"featured_media":19990,"comment_status":"open","ping_status":"closed","template":"","meta":{"_glsr_average":0,"_glsr_ranking":0,"_glsr_reviews":0},"product_brand":[501],"product_cat":[383],"product_tag":[398,218],"class_list":{"0":"post-19930","1":"product","2":"type-product","3":"status-publish","4":"has-post-thumbnail","6":"product_brand-noir-handmade","7":"product_cat-kleidid-seelikud","8":"product_tag-latekspesu","9":"product_tag-noir-handmade","10":"pa_suurus-l","11":"pa_suurus-m","12":"pa_suurus-s","13":"pa_suurus-xl","14":"pa_varvus-must","16":"first","17":"instock","18":"sold-individually","19":"taxable","20":"shipping-taxable","21":"purchasable","22":"product-type-variable"},"_links":{"self":[{"href":"https:\/\/pesu24.ee\/en\/wp-json\/wp\/v2\/product\/19930","targetHints":{"allow":["GET"]}}],"collection":[{"href":"https:\/\/pesu24.ee\/en\/wp-json\/wp\/v2\/product"}],"about":[{"href":"https:\/\/pesu24.ee\/en\/wp-json\/wp\/v2\/types\/product"}],"replies":[{"embeddable":true,"href":"https:\/\/pesu24.ee\/en\/wp-json\/wp\/v2\/comments?post=19930"}],"wp:featuredmedia":[{"embeddable":true,"href":"https:\/\/pesu24.ee\/en\/wp-json\/wp\/v2\/media\/19990"}],"wp:attachment":[{"href":"https:\/\/pesu24.ee\/en\/wp-json\/wp\/v2\/media?parent=19930"}],"wp:term":[{"taxonomy":"product_brand","embeddable":true,"href":"https:\/\/pesu24.ee\/en\/wp-json\/wp\/v2\/product_brand?post=19930"},{"taxonomy":"product_cat","embeddable":true,"href":"https:\/\/pesu24.ee\/en\/wp-json\/wp\/v2\/product_cat?post=19930"},{"taxonomy":"product_tag","embeddable":true,"href":"https:\/\/pesu24.ee\/en\/wp-json\/wp\/v2\/product_tag?post=19930"}],"curies":[{"name":"wp","href":"https:\/\/api.w.org\/{rel}","templated":true}]}}