{"id":19931,"date":"2025-08-18T22:04:54","date_gmt":"2025-08-18T19:04:54","guid":{"rendered":"https:\/\/pesu24.ee\/?post_type=product&#038;p=19931"},"modified":"2026-03-12T10:34:07","modified_gmt":"2026-03-12T08:34:07","slug":"kleit-beauty-night-loreen","status":"publish","type":"product","link":"https:\/\/pesu24.ee\/en\/kleidid-seelikud\/kleit-beauty-night-loreen\/","title":{"rendered":"Kleit Beauty Night Loreen"},"content":{"rendered":"<p>Avasta oma sisemine diiva Beauty Night Loreen kleidiga. See lummav r\u00f5ivaese on loodud naistele, kes soovivad tunda end erakordselt iga p\u00e4ev. Loreen kleidi luksuslik disain ja peened detailid loovad kombinatsiooni, mis toob esile sinu parimad k\u00fcljed ning pakub samal ajal kandmismugavust ja -r\u00f5\u00f5mu.<\/p>\n<p>Valmistatud k\u00f5rgekvaliteetsetest materjalidest, \u00fchendab Loreen kleit elegantsi ja sensuaalsuse unikaalsel viisil. Selle delikaatsed l\u00f5iked r\u00f5hutavad sinu naiselikkust ja lisavad enesekindlust. Kleidi kangas langeb graatsiliselt \u00fcmber keha, pakkudes sujuvat liikumist ja kaunist siluetti igal sammul.<\/p>\n<p>Olgu sul plaanis romantiline \u00f5htu v\u00f5i lihtsalt soov end hellitada, Beauty Night Loreen kleit on ideaalne valik. See kaunis kleit annab sulle v\u00f5imaluse tunda end t\u00f5eliselt erilisena ja v\u00e4ljendada oma isikup\u00e4ra. Lase Loreen kleidil viia sind maailma, kus stiil ja mugavus kohtuvad ning iga hetk muutub m\u00e4lestusv\u00e4\u00e4rseks.<\/p>\n<p><span style=\"color: #008000;\"><strong>KOMPLEKT SISALDAB:<\/strong><\/span><\/p>\n<ul>\n<li>kleit<\/li>\n<li>stringid<\/li>\n<\/ul>\n<p><span style=\"color: #008000;\"><strong>DETAILS:<\/strong><\/span><\/p>\n<ul>\n<li>kelmika disainiga kleit<\/li>\n<li>l\u00e4ikiv kangas kombineeritud pool\u00e4bipaistva materjaliga<\/li>\n<li>toob esile keha kumerused<\/li>\n<li>valmistatud mugavast &amp; elastsest kangas (88% pol\u00fcester ja 12% elastaan)<\/li>\n<\/ul>","protected":false},"excerpt":{"rendered":"<p>&#46;&#46;&#46;<\/p>","protected":false},"featured_media":19995,"comment_status":"open","ping_status":"closed","template":"","meta":{"_glsr_average":0,"_glsr_ranking":0,"_glsr_reviews":0},"product_brand":[503],"product_cat":[383],"product_tag":[403],"class_list":{"0":"post-19931","1":"product","2":"type-product","3":"status-publish","4":"has-post-thumbnail","6":"product_brand-beauty-night","7":"product_cat-kleidid-seelikud","8":"product_tag-beauty-night","9":"pa_suurus-l-xl","10":"pa_suurus-s-m","11":"pa_varvus-must","13":"first","14":"instock","15":"sold-individually","16":"taxable","17":"shipping-taxable","18":"purchasable","19":"product-type-variable"},"_links":{"self":[{"href":"https:\/\/pesu24.ee\/en\/wp-json\/wp\/v2\/product\/19931","targetHints":{"allow":["GET"]}}],"collection":[{"href":"https:\/\/pesu24.ee\/en\/wp-json\/wp\/v2\/product"}],"about":[{"href":"https:\/\/pesu24.ee\/en\/wp-json\/wp\/v2\/types\/product"}],"replies":[{"embeddable":true,"href":"https:\/\/pesu24.ee\/en\/wp-json\/wp\/v2\/comments?post=19931"}],"wp:featuredmedia":[{"embeddable":true,"href":"https:\/\/pesu24.ee\/en\/wp-json\/wp\/v2\/media\/19995"}],"wp:attachment":[{"href":"https:\/\/pesu24.ee\/en\/wp-json\/wp\/v2\/media?parent=19931"}],"wp:term":[{"taxonomy":"product_brand","embeddable":true,"href":"https:\/\/pesu24.ee\/en\/wp-json\/wp\/v2\/product_brand?post=19931"},{"taxonomy":"product_cat","embeddable":true,"href":"https:\/\/pesu24.ee\/en\/wp-json\/wp\/v2\/product_cat?post=19931"},{"taxonomy":"product_tag","embeddable":true,"href":"https:\/\/pesu24.ee\/en\/wp-json\/wp\/v2\/product_tag?post=19931"}],"curies":[{"name":"wp","href":"https:\/\/api.w.org\/{rel}","templated":true}]}}