{"id":19932,"date":"2025-08-18T22:04:54","date_gmt":"2025-08-18T19:04:54","guid":{"rendered":"https:\/\/pesu24.ee\/?post_type=product&#038;p=19932"},"modified":"2025-09-23T10:01:40","modified_gmt":"2025-09-23T07:01:40","slug":"kleit-beauty-night-cameron","status":"publish","type":"product","link":"https:\/\/pesu24.ee\/en\/kleidid-seelikud\/kleit-beauty-night-cameron\/","title":{"rendered":"Kleit Beauty Night Cameron"},"content":{"rendered":"<p>Beauty Night Cameron on elegantne ja stiilne kleit, mis \u00fchendab naiselikkuse ja mugavuse \u00fcheks tervikuks. Valmistatud pehmest ja l\u00e4ikivast satiinist, see kleit pakub luksuslikku tunnetust nahal, muutes iga \u00f5htu eriliseks. Rikkalikud pitsilised detailid dekolteel ja kleidi \u00e4\u00e4ristel lisavad sellele romantilist ja rafineeritud ilmet.<\/p>\n<p>Beauty Night Cameron kleit on loodud naistele, kes hindavad ilu ja stiili igas detailis. See kleit on t\u00e4iuslik kingitus, mis v\u00e4ljendab armastust ja hoolivust. Olgu see romantiline \u00f5htu v\u00f5i lihtsalt soov tunda end eriliselt, Cameron kleit pakub iga naise garderoobis elegantset ja ajatut valikut.<\/p>\n<p><span style=\"color: #008000;\"><strong>KOMPLEKT SISALDAB:<\/strong><\/span><\/p>\n<ul>\n<li>kleit<\/li>\n<\/ul>\n<p><span style=\"color: #008000;\"><strong>DETAILS:<\/strong><\/span><\/p>\n<ul>\n<li>sensuaalne disain<\/li>\n<li>imeline lillemotiivga pits<\/li>\n<li>l\u00e4ikiv kangas kombineeritud pool\u00e4bipaistva materjaliga<\/li>\n<li>toob esile keha kumerused<\/li>\n<li>valmistatud mugavast &amp; elastsest kangas (88% pol\u00fcester ja 12% elastaan)<\/li>\n<\/ul>","protected":false},"excerpt":{"rendered":"<p>&#46;&#46;&#46;<\/p>","protected":false},"featured_media":20005,"comment_status":"open","ping_status":"closed","template":"","meta":{"_glsr_average":0,"_glsr_ranking":0,"_glsr_reviews":0},"product_brand":[503],"product_cat":[383],"product_tag":[403],"class_list":{"0":"post-19932","1":"product","2":"type-product","3":"status-publish","4":"has-post-thumbnail","6":"product_brand-beauty-night","7":"product_cat-kleidid-seelikud","8":"product_tag-beauty-night","9":"pa_suurus-l-xl","10":"pa_suurus-s-m","11":"pa_varvus-must","13":"first","14":"instock","15":"sold-individually","16":"taxable","17":"shipping-taxable","18":"purchasable","19":"product-type-variable"},"_links":{"self":[{"href":"https:\/\/pesu24.ee\/en\/wp-json\/wp\/v2\/product\/19932","targetHints":{"allow":["GET"]}}],"collection":[{"href":"https:\/\/pesu24.ee\/en\/wp-json\/wp\/v2\/product"}],"about":[{"href":"https:\/\/pesu24.ee\/en\/wp-json\/wp\/v2\/types\/product"}],"replies":[{"embeddable":true,"href":"https:\/\/pesu24.ee\/en\/wp-json\/wp\/v2\/comments?post=19932"}],"wp:featuredmedia":[{"embeddable":true,"href":"https:\/\/pesu24.ee\/en\/wp-json\/wp\/v2\/media\/20005"}],"wp:attachment":[{"href":"https:\/\/pesu24.ee\/en\/wp-json\/wp\/v2\/media?parent=19932"}],"wp:term":[{"taxonomy":"product_brand","embeddable":true,"href":"https:\/\/pesu24.ee\/en\/wp-json\/wp\/v2\/product_brand?post=19932"},{"taxonomy":"product_cat","embeddable":true,"href":"https:\/\/pesu24.ee\/en\/wp-json\/wp\/v2\/product_cat?post=19932"},{"taxonomy":"product_tag","embeddable":true,"href":"https:\/\/pesu24.ee\/en\/wp-json\/wp\/v2\/product_tag?post=19932"}],"curies":[{"name":"wp","href":"https:\/\/api.w.org\/{rel}","templated":true}]}}