{"id":21416,"date":"2025-08-18T22:44:55","date_gmt":"2025-08-18T19:44:55","guid":{"rendered":"https:\/\/pesu24.ee\/?post_type=product&#038;p=21416"},"modified":"2025-08-21T14:33:52","modified_gmt":"2025-08-21T11:33:52","slug":"korsett-obsessive-strapelie","status":"publish","type":"product","link":"https:\/\/pesu24.ee\/en\/korsetid\/korsett-obsessive-strapelie\/","title":{"rendered":"Korsett Obsessive Strapelie"},"content":{"rendered":"<p><strong>L\u00e4bipaistvast mustast kangast korsett Obsessive Strapelie r\u00f5hutab ja toob esile kuuma temperamenti. Rindadest t\u00e4ielikult avatud ning reguleeritava kaelapaelaga.<\/strong><\/p>\n<p>Korsett reguleeritavate sukapaeltega ja sobib ideaalselt mustade <a href=\"https:\/\/pesu24.ee\/en\/sukad\/sukad-obsessive-s820-15-den-saadaval-plusss-suuruses\/\">Obssessive S820 sukkadega<\/a>. Tootefotodel olevad <a href=\"https:\/\/pesu24.ee\/en\/?s=nibukatted\">nibukatted Obsessive A752<\/a> ei kuulu komplekti ega tule tootega kaasa, aga fotodel olevad stringid k\u00fcll.<\/p>\n<p>Fotodel olevad stringid on avatud jalgevahega ja nagu \u00f6eldud on komplektiga kaasas. Komplekt valmistatud l\u00e4bipaistvast mustas kudumist (90% pol\u00fcamiid, 10% elastaan), mida on v\u00e4ga mugav kanda ja keha vastas tunda.<\/p>\n<p><span style=\"color: #008000;\"><strong>DETAILS<\/strong><\/span><\/p>\n<ul>\n<li>seksikas must korsett<\/li>\n<li>tootega kaasa avatud stringid<\/li>\n<li>reguleeritav kaelapael<\/li>\n<li>reguleeritavad sukapaelad<\/li>\n<li>l\u00e4bipaistev must kudum<\/li>\n<li>90% pol\u00fcamiid, 10% elastaan<\/li>\n<\/ul>\n<p>Sobib ideaalselt tootefotodel olevate <a href=\"https:\/\/pesu24.ee\/en\/sukad\/sukad-obsessive-s820-15-den-saadaval-plusss-suuruses\/\">S820 sukkadega<\/a>. Lisaks samast kollektsioonist on saadaval ka <a href=\"https:\/\/pesu24.ee\/en\/stringid-puksikud\/\">Strapelie avatud p\u00fcksikud<\/a>.<\/p>","protected":false},"excerpt":{"rendered":"<p>&#46;&#46;&#46;<\/p>","protected":false},"featured_media":21672,"comment_status":"open","ping_status":"closed","template":"","meta":{"_glsr_average":0,"_glsr_ranking":0,"_glsr_reviews":0},"product_brand":[500],"product_cat":[33],"product_tag":[392,160],"class_list":{"0":"post-21416","1":"product","2":"type-product","3":"status-publish","4":"has-post-thumbnail","6":"product_brand-obsessive","7":"product_cat-korsetid","8":"product_tag-avatud-stringid","9":"product_tag-obsessive","10":"pa_suurus-l-xl","11":"pa_suurus-s-m","12":"pa_varvus-must","14":"first","15":"instock","16":"sold-individually","17":"taxable","18":"shipping-taxable","19":"purchasable","20":"product-type-variable"},"_links":{"self":[{"href":"https:\/\/pesu24.ee\/en\/wp-json\/wp\/v2\/product\/21416","targetHints":{"allow":["GET"]}}],"collection":[{"href":"https:\/\/pesu24.ee\/en\/wp-json\/wp\/v2\/product"}],"about":[{"href":"https:\/\/pesu24.ee\/en\/wp-json\/wp\/v2\/types\/product"}],"replies":[{"embeddable":true,"href":"https:\/\/pesu24.ee\/en\/wp-json\/wp\/v2\/comments?post=21416"}],"wp:featuredmedia":[{"embeddable":true,"href":"https:\/\/pesu24.ee\/en\/wp-json\/wp\/v2\/media\/21672"}],"wp:attachment":[{"href":"https:\/\/pesu24.ee\/en\/wp-json\/wp\/v2\/media?parent=21416"}],"wp:term":[{"taxonomy":"product_brand","embeddable":true,"href":"https:\/\/pesu24.ee\/en\/wp-json\/wp\/v2\/product_brand?post=21416"},{"taxonomy":"product_cat","embeddable":true,"href":"https:\/\/pesu24.ee\/en\/wp-json\/wp\/v2\/product_cat?post=21416"},{"taxonomy":"product_tag","embeddable":true,"href":"https:\/\/pesu24.ee\/en\/wp-json\/wp\/v2\/product_tag?post=21416"}],"curies":[{"name":"wp","href":"https:\/\/api.w.org\/{rel}","templated":true}]}}