{"id":21617,"date":"2025-08-18T23:05:30","date_gmt":"2025-08-18T20:05:30","guid":{"rendered":"https:\/\/pesu24.ee\/?post_type=product&#038;p=21617"},"modified":"2025-08-21T14:19:59","modified_gmt":"2025-08-21T11:19:59","slug":"korsett-obsessive-contica","status":"publish","type":"product","link":"https:\/\/pesu24.ee\/en\/korsetid\/korsett-obsessive-contica\/","title":{"rendered":"Korsett Obsessive Contica"},"content":{"rendered":"<p><span style=\"color: #008000;\"><strong>KOMPLEKT SISALDAB:<\/strong><\/span><\/p>\n<ul>\n<li>korsett<\/li>\n<li>p\u00fcksikud<\/li>\n<li>NB! sukad ei kuulu komplekti<\/li>\n<\/ul>\n<p>Korsett sobib kokku <a class=\"sex_shop\" href=\"https:\/\/pesu24.ee\/en\/sukad\/\">Obsessive Contica sukkadega<\/a>.<\/p>\n<p><span style=\"color: #008000;\"><strong>DETAILS:<\/strong><\/span><\/p>\n<ul>\n<li>sensuaalne must korsett<\/li>\n<li>reguleeritavad \u00f5lapaelad<\/li>\n<li>korsetil tugikaared ja taga astmeline kinnitus<\/li>\n<li>reguleeritavad sukapaelad<\/li>\n<li>komplekt sisaldab korsetti ja p\u00fcksikuid<\/li>\n<li>mugav ning elastne materjal (94% pol\u00fcamiid, 6% elastaan)<\/li>\n<\/ul>\n<p><span style=\"color: #008000;\"><strong>VIDEO<\/strong><\/span><\/p>\n<div class=\"video-container\"><iframe loading=\"lazy\" title=\"\u00da\u017dASN\u00dd KORZET CONTICA CORSET - OBSESSIVE\" width=\"500\" height=\"281\" src=\"https:\/\/www.youtube.com\/embed\/o-ytMFeewT4?feature=oembed&#038;wmode=opaque\" frameborder=\"0\" allow=\"accelerometer; autoplay; clipboard-write; encrypted-media; gyroscope; picture-in-picture; web-share\" referrerpolicy=\"strict-origin-when-cross-origin\" allowfullscreen><\/iframe><\/div>","protected":false},"excerpt":{"rendered":"<ul>\n<li>sensuaalne must korsett<\/li>\n<li>reguleeritavad \u00f5lapaelad<\/li>\n<li>korsetil tugikaared ja taga astmeline kinnitus<\/li>\n<li>reguleeritavad sukapaelad<\/li>\n<li>komplekt sisaldab korsetti ja p\u00fcksikuid<\/li>\n<li>mugav ning elastne materjal (94% pol\u00fcamiid, 6% elastaan)<\/li>\n<li>NB! sukad ei kuulu komplekti<\/li>\n<\/ul>","protected":false},"featured_media":12558,"comment_status":"open","ping_status":"closed","template":"","meta":{"_glsr_average":0,"_glsr_ranking":0,"_glsr_reviews":0},"product_brand":[500],"product_cat":[33],"product_tag":[160,271],"class_list":{"0":"post-21617","1":"product","2":"type-product","3":"status-publish","4":"has-post-thumbnail","6":"product_brand-obsessive","7":"product_cat-korsetid","8":"product_tag-obsessive","9":"product_tag-obsessive-contica","10":"pa_suurus-l-xl","11":"pa_suurus-s-m","12":"pa_varvus-must","14":"first","15":"instock","16":"sold-individually","17":"taxable","18":"shipping-taxable","19":"purchasable","20":"product-type-variable"},"_links":{"self":[{"href":"https:\/\/pesu24.ee\/en\/wp-json\/wp\/v2\/product\/21617","targetHints":{"allow":["GET"]}}],"collection":[{"href":"https:\/\/pesu24.ee\/en\/wp-json\/wp\/v2\/product"}],"about":[{"href":"https:\/\/pesu24.ee\/en\/wp-json\/wp\/v2\/types\/product"}],"replies":[{"embeddable":true,"href":"https:\/\/pesu24.ee\/en\/wp-json\/wp\/v2\/comments?post=21617"}],"wp:featuredmedia":[{"embeddable":true,"href":"https:\/\/pesu24.ee\/en\/wp-json\/wp\/v2\/media\/12558"}],"wp:attachment":[{"href":"https:\/\/pesu24.ee\/en\/wp-json\/wp\/v2\/media?parent=21617"}],"wp:term":[{"taxonomy":"product_brand","embeddable":true,"href":"https:\/\/pesu24.ee\/en\/wp-json\/wp\/v2\/product_brand?post=21617"},{"taxonomy":"product_cat","embeddable":true,"href":"https:\/\/pesu24.ee\/en\/wp-json\/wp\/v2\/product_cat?post=21617"},{"taxonomy":"product_tag","embeddable":true,"href":"https:\/\/pesu24.ee\/en\/wp-json\/wp\/v2\/product_tag?post=21617"}],"curies":[{"name":"wp","href":"https:\/\/api.w.org\/{rel}","templated":true}]}}