{"id":21619,"date":"2025-08-18T23:05:30","date_gmt":"2025-08-18T20:05:30","guid":{"rendered":"https:\/\/pesu24.ee\/?post_type=product&#038;p=21619"},"modified":"2025-08-20T15:13:46","modified_gmt":"2025-08-20T12:13:46","slug":"korsett-casmir-divine","status":"publish","type":"product","link":"https:\/\/pesu24.ee\/en\/korsetid\/korsett-casmir-divine\/","title":{"rendered":"Korsett Casmir Divine"},"content":{"rendered":"<p>Casmir Divine on klassikalise l\u00f5ikega korsett, mis on kaunistatud musta ja kuldse pitsiga. Mustad paelad ees ning \u00fcmber kaela t\u00f5stavad rinnakorvi rohkem esile. Antud komplekt ei j\u00e4ta k\u00fclmaks \u00fchtegi meesterahvast.<\/p>\n<p><span style=\"color: #008000;\"><strong>KOMPLEKT SISALDAB:<\/strong><\/span><\/p>\n<ul>\n<li>korsett<\/li>\n<li>stringid<\/li>\n<\/ul>\n<p><span style=\"color: #008000;\"><strong>DETAILS:<\/strong><\/span><\/p>\n<ul>\n<li style=\"text-align: justify;\">seksikas kuldse pitsiga kaunistatud korsett<\/li>\n<li style=\"text-align: justify;\">reguleeritavad \u00f5lapaelad<\/li>\n<li style=\"text-align: justify;\">reguleeritavad sukapaelad<\/li>\n<li>rinnakorvil tugikaared<\/li>\n<li style=\"text-align: justify;\">mugav ning elastne materjal (85% pol\u00fcester, 10% elastaan, 5% pol\u00fcamiid)<\/li>\n<\/ul>","protected":false},"excerpt":{"rendered":"<p>&#46;&#46;&#46;<\/p>","protected":false},"featured_media":20348,"comment_status":"open","ping_status":"closed","template":"","meta":{"_glsr_average":0,"_glsr_ranking":0,"_glsr_reviews":0},"product_brand":[505],"product_cat":[33],"product_tag":[394],"class_list":{"0":"post-21619","1":"product","2":"type-product","3":"status-publish","4":"has-post-thumbnail","6":"product_brand-casmir","7":"product_cat-korsetid","8":"product_tag-casmir","9":"pa_suurus-l-xl","10":"pa_suurus-s-m","11":"pa_varvus-must","13":"first","14":"instock","15":"sale","16":"sold-individually","17":"taxable","18":"shipping-taxable","19":"purchasable","20":"product-type-variable"},"_links":{"self":[{"href":"https:\/\/pesu24.ee\/en\/wp-json\/wp\/v2\/product\/21619","targetHints":{"allow":["GET"]}}],"collection":[{"href":"https:\/\/pesu24.ee\/en\/wp-json\/wp\/v2\/product"}],"about":[{"href":"https:\/\/pesu24.ee\/en\/wp-json\/wp\/v2\/types\/product"}],"replies":[{"embeddable":true,"href":"https:\/\/pesu24.ee\/en\/wp-json\/wp\/v2\/comments?post=21619"}],"wp:featuredmedia":[{"embeddable":true,"href":"https:\/\/pesu24.ee\/en\/wp-json\/wp\/v2\/media\/20348"}],"wp:attachment":[{"href":"https:\/\/pesu24.ee\/en\/wp-json\/wp\/v2\/media?parent=21619"}],"wp:term":[{"taxonomy":"product_brand","embeddable":true,"href":"https:\/\/pesu24.ee\/en\/wp-json\/wp\/v2\/product_brand?post=21619"},{"taxonomy":"product_cat","embeddable":true,"href":"https:\/\/pesu24.ee\/en\/wp-json\/wp\/v2\/product_cat?post=21619"},{"taxonomy":"product_tag","embeddable":true,"href":"https:\/\/pesu24.ee\/en\/wp-json\/wp\/v2\/product_tag?post=21619"}],"curies":[{"name":"wp","href":"https:\/\/api.w.org\/{rel}","templated":true}]}}