{"id":21623,"date":"2025-08-18T23:05:30","date_gmt":"2025-08-18T20:05:30","guid":{"rendered":"https:\/\/pesu24.ee\/?post_type=product&#038;p=21623"},"modified":"2025-08-20T14:53:53","modified_gmt":"2025-08-20T11:53:53","slug":"korsett-obsessive-meshlove","status":"publish","type":"product","link":"https:\/\/pesu24.ee\/en\/korsetid\/korsett-obsessive-meshlove\/","title":{"rendered":"Korsett Obsessive Meshlove"},"content":{"rendered":"<p>Natuke pitsi ja seksikaid paelu&#8230; Lisagem naiselikkust ja \u0161ikki. See on seksikas Obsessive Meshlove pesukollektsiooni korsett. Kaunistatud \u00e4\u00e4rmiselt v\u00fcrtsika ja seksika pitsiga, l\u00e4bipaistvast siidisest ja venivast materjalist, milles n\u00e4ete v\u00e4lja imeline ja seksikas.<\/p>\n<p>Soovi korral lisage juurde sama <a class=\"sex_shop\" href=\"https:\/\/pesu24.ee\/en\/omadus\/obsessive-meshlove\/\">Meshlove pesukollektsiooni<\/a> avatud p\u00fcksikuid v\u00f5i stringid. Oh &#8230; see on kombinatsioon, mis on loodud just teile! Uskuge meid, teie mehest saab selles korsetis teie keha t\u00f5eline f\u00e4nn. Nii v\u00f5ite olla kindel, et teid ootab \u00f5htu, mis on t\u00e4is \u00e4\u00e4rmiselt meeldivaid kogemusi.<\/p>\n<p><span style=\"color: #008000;\"><strong>KOMPLEKT SISALDAB:<\/strong><\/span><\/p>\n<ul>\n<li>korsett<\/li>\n<li>stringid<\/li>\n<li>NB! sukad eei kuulu komplekti<\/li>\n<\/ul>\n<p>Komplektiga sobivad ideaalselt <a class=\"sex_shop\" href=\"https:\/\/pesu24.ee\/en\/sukad\/sukad-obsessive-s800\/\">S800 mustad sukad<\/a> v\u00f5i leidke omale lemmikud meie <a class=\"sex_shop\" href=\"https:\/\/pesu24.ee\/en\/sukad\/\">sukkade sektsioonist<\/a>.<\/p>\n<p><span style=\"color: #008000;\"><strong>DETAILS:<\/strong><\/span><\/p>\n<ul>\n<li>sensuaalne, must korsett<\/li>\n<li>kaunistatud seksika pitsiga<\/li>\n<li>l\u00e4bipaistev materjal toov v\u00e4lja naiselikkuse<\/li>\n<li>intrigeerivad korseti n\u00f6\u00f6rid taga<\/li>\n<li>reguleerivad sukapaelad<\/li>\n<li>m\u00f5nus katsuda, \u00fclielastne kangas (90% pol\u00fcamiid, 10% elastaan)<\/li>\n<\/ul>\n<p><span style=\"color: #008000;\"><strong>VIDEO<\/strong><\/span><\/p>\n<div class=\"video-container\"><iframe loading=\"lazy\" title=\"ELEGANTN\u00cd KORZET MESHLOVE CORSET - OBSESSIVE\" width=\"500\" height=\"281\" src=\"https:\/\/www.youtube.com\/embed\/ZYD5Ehc4fU0?feature=oembed&#038;wmode=opaque\" frameborder=\"0\" allow=\"accelerometer; autoplay; clipboard-write; encrypted-media; gyroscope; picture-in-picture; web-share\" referrerpolicy=\"strict-origin-when-cross-origin\" allowfullscreen><\/iframe><\/div>","protected":false},"excerpt":{"rendered":"<p>&#46;&#46;&#46;<\/p>","protected":false},"featured_media":20452,"comment_status":"open","ping_status":"closed","template":"","meta":{"_glsr_average":0,"_glsr_ranking":0,"_glsr_reviews":0},"product_brand":[500],"product_cat":[33],"product_tag":[160,396],"class_list":{"0":"post-21623","1":"product","2":"type-product","3":"status-publish","4":"has-post-thumbnail","6":"product_brand-obsessive","7":"product_cat-korsetid","8":"product_tag-obsessive","9":"product_tag-obsessive-meshlove","10":"pa_suurus-l-xl","11":"pa_suurus-s-m","12":"pa_varvus-must","14":"first","15":"instock","16":"sold-individually","17":"taxable","18":"shipping-taxable","19":"purchasable","20":"product-type-variable"},"_links":{"self":[{"href":"https:\/\/pesu24.ee\/en\/wp-json\/wp\/v2\/product\/21623","targetHints":{"allow":["GET"]}}],"collection":[{"href":"https:\/\/pesu24.ee\/en\/wp-json\/wp\/v2\/product"}],"about":[{"href":"https:\/\/pesu24.ee\/en\/wp-json\/wp\/v2\/types\/product"}],"replies":[{"embeddable":true,"href":"https:\/\/pesu24.ee\/en\/wp-json\/wp\/v2\/comments?post=21623"}],"wp:featuredmedia":[{"embeddable":true,"href":"https:\/\/pesu24.ee\/en\/wp-json\/wp\/v2\/media\/20452"}],"wp:attachment":[{"href":"https:\/\/pesu24.ee\/en\/wp-json\/wp\/v2\/media?parent=21623"}],"wp:term":[{"taxonomy":"product_brand","embeddable":true,"href":"https:\/\/pesu24.ee\/en\/wp-json\/wp\/v2\/product_brand?post=21623"},{"taxonomy":"product_cat","embeddable":true,"href":"https:\/\/pesu24.ee\/en\/wp-json\/wp\/v2\/product_cat?post=21623"},{"taxonomy":"product_tag","embeddable":true,"href":"https:\/\/pesu24.ee\/en\/wp-json\/wp\/v2\/product_tag?post=21623"}],"curies":[{"name":"wp","href":"https:\/\/api.w.org\/{rel}","templated":true}]}}