{"id":21624,"date":"2025-08-18T23:05:30","date_gmt":"2025-08-18T20:05:30","guid":{"rendered":"https:\/\/pesu24.ee\/?post_type=product&#038;p=21624"},"modified":"2025-08-20T15:09:53","modified_gmt":"2025-08-20T12:09:53","slug":"labipaistev-korsett-passion-zoe","status":"publish","type":"product","link":"https:\/\/pesu24.ee\/en\/korsetid\/labipaistev-korsett-passion-zoe\/","title":{"rendered":"L\u00e4bipaistev korsett Passion Zoe"},"content":{"rendered":"<p>Siidine ja seksikas Passion pesubr\u00e4ndi korsett Zoe. L\u00e4bipaistev, veniv ja mugav materjal tagab ideaalse sobivuse, samal ajal r\u00f5hutades ja tuues esile naiseliku ilu. Komplekti kuuluvad ka fotol olevad stringid. Saadaval suurustes S\/M ja L\/XL.<\/p>\n<p><span style=\"color: #008000;\"><strong>KOMPLEKT SISALDAB:<\/strong><\/span><\/p>\n<ul>\n<li>korsett<\/li>\n<li>stringid<\/li>\n<\/ul>\n<p><span style=\"color: #008000;\"><strong>DETAILS:<\/strong><\/span><\/p>\n<ul>\n<li>pehme siidine materjal<\/li>\n<li>elastne ja venivus tagab ideaalse sobivuse<\/li>\n<li>komplekti kuuluvad ka stringid<\/li>\n<li>kaela &#8211; ja k\u00e4eehe ei kuulu komplekti<\/li>\n<\/ul>","protected":false},"excerpt":{"rendered":"<p>&#46;&#46;&#46;<\/p>","protected":false},"featured_media":20481,"comment_status":"open","ping_status":"closed","template":"","meta":{"_glsr_average":0,"_glsr_ranking":0,"_glsr_reviews":0},"product_brand":[504],"product_cat":[33],"product_tag":[387],"class_list":{"0":"post-21624","1":"product","2":"type-product","3":"status-publish","4":"has-post-thumbnail","6":"product_brand-passion","7":"product_cat-korsetid","8":"product_tag-passion","9":"pa_suurus-l-xl","10":"pa_suurus-s-m","11":"pa_varvus-must","13":"first","14":"instock","15":"sale","16":"sold-individually","17":"taxable","18":"shipping-taxable","19":"purchasable","20":"product-type-variable"},"_links":{"self":[{"href":"https:\/\/pesu24.ee\/en\/wp-json\/wp\/v2\/product\/21624","targetHints":{"allow":["GET"]}}],"collection":[{"href":"https:\/\/pesu24.ee\/en\/wp-json\/wp\/v2\/product"}],"about":[{"href":"https:\/\/pesu24.ee\/en\/wp-json\/wp\/v2\/types\/product"}],"replies":[{"embeddable":true,"href":"https:\/\/pesu24.ee\/en\/wp-json\/wp\/v2\/comments?post=21624"}],"wp:featuredmedia":[{"embeddable":true,"href":"https:\/\/pesu24.ee\/en\/wp-json\/wp\/v2\/media\/20481"}],"wp:attachment":[{"href":"https:\/\/pesu24.ee\/en\/wp-json\/wp\/v2\/media?parent=21624"}],"wp:term":[{"taxonomy":"product_brand","embeddable":true,"href":"https:\/\/pesu24.ee\/en\/wp-json\/wp\/v2\/product_brand?post=21624"},{"taxonomy":"product_cat","embeddable":true,"href":"https:\/\/pesu24.ee\/en\/wp-json\/wp\/v2\/product_cat?post=21624"},{"taxonomy":"product_tag","embeddable":true,"href":"https:\/\/pesu24.ee\/en\/wp-json\/wp\/v2\/product_tag?post=21624"}],"curies":[{"name":"wp","href":"https:\/\/api.w.org\/{rel}","templated":true}]}}