{"id":21625,"date":"2025-08-18T23:05:30","date_gmt":"2025-08-18T20:05:30","guid":{"rendered":"https:\/\/pesu24.ee\/?post_type=product&#038;p=21625"},"modified":"2026-03-03T21:54:28","modified_gmt":"2026-03-03T19:54:28","slug":"korsett-passion-praline","status":"publish","type":"product","link":"https:\/\/pesu24.ee\/en\/korsetid\/korsett-passion-praline\/","title":{"rendered":"Korsett Passion Praline"},"content":{"rendered":"<p>Seksikas musta ja roosa kombinatsiooniga Passioni korsett Praline, mis toob esile loomuliku naise ilu ning muudab teid meeste silmis vastupandamatuks. Korsetil on ees pool s\u00fcmmeetrilised v\u00e4ljal\u00f5iked.<\/p>\n<p>Meelep\u00e4rased sukad leiate meie\u00a0e-poe\u00a0<a class=\"sex_shop\" href=\"https:\/\/pesu24.ee\/en\/sukad\/\">sukkade sektsioonist<\/a>. Lisaks on saadaval ka <a class=\"sex_shop\" href=\"https:\/\/pesu24.ee\/en\/pesukomplektid\/2-osaline-avatud-pesukomplekt-praline\/\">Passion Praline pesukomplekt<\/a> ja <a class=\"sex_shop\" href=\"https:\/\/pesu24.ee\/en\/oosargid\/oosark-passion-praline\/\">Passion Praline Body<\/a>.<\/p>\n<p><span style=\"color: #008000;\"><strong>KOMPLEKT SISALDAB:<\/strong><\/span><\/p>\n<ul>\n<li>osaliselt avatud korsett<\/li>\n<li>avatud p\u00fcksikud<\/li>\n<li>NB! Sukad ei kuulu komplekti<\/li>\n<\/ul>\n<p><span style=\"color: #008000;\"><strong>DETAILS:<\/strong><\/span><\/p>\n<ul>\n<li>korsett kaela tagant seotav<\/li>\n<li>korseti rinnakorvil tugikaared<\/li>\n<li>mugav ning elastne materjal (75% pol\u00fcester, 15% pol\u00fcamiid, 10% elastaan)<\/li>\n<\/ul>","protected":false},"excerpt":{"rendered":"<p>&#46;&#46;&#46;<\/p>","protected":false},"featured_media":20501,"comment_status":"open","ping_status":"closed","template":"","meta":{"_glsr_average":0,"_glsr_ranking":0,"_glsr_reviews":0},"product_brand":[504],"product_cat":[33],"product_tag":[387],"class_list":{"0":"post-21625","1":"product","2":"type-product","3":"status-publish","4":"has-post-thumbnail","6":"product_brand-passion","7":"product_cat-korsetid","8":"product_tag-passion","9":"pa_suurus-l-xl","10":"pa_suurus-s-m","11":"pa_varvus-must","13":"first","14":"instock","15":"sale","16":"sold-individually","17":"taxable","18":"shipping-taxable","19":"purchasable","20":"product-type-variable"},"_links":{"self":[{"href":"https:\/\/pesu24.ee\/en\/wp-json\/wp\/v2\/product\/21625","targetHints":{"allow":["GET"]}}],"collection":[{"href":"https:\/\/pesu24.ee\/en\/wp-json\/wp\/v2\/product"}],"about":[{"href":"https:\/\/pesu24.ee\/en\/wp-json\/wp\/v2\/types\/product"}],"replies":[{"embeddable":true,"href":"https:\/\/pesu24.ee\/en\/wp-json\/wp\/v2\/comments?post=21625"}],"wp:featuredmedia":[{"embeddable":true,"href":"https:\/\/pesu24.ee\/en\/wp-json\/wp\/v2\/media\/20501"}],"wp:attachment":[{"href":"https:\/\/pesu24.ee\/en\/wp-json\/wp\/v2\/media?parent=21625"}],"wp:term":[{"taxonomy":"product_brand","embeddable":true,"href":"https:\/\/pesu24.ee\/en\/wp-json\/wp\/v2\/product_brand?post=21625"},{"taxonomy":"product_cat","embeddable":true,"href":"https:\/\/pesu24.ee\/en\/wp-json\/wp\/v2\/product_cat?post=21625"},{"taxonomy":"product_tag","embeddable":true,"href":"https:\/\/pesu24.ee\/en\/wp-json\/wp\/v2\/product_tag?post=21625"}],"curies":[{"name":"wp","href":"https:\/\/api.w.org\/{rel}","templated":true}]}}