{"id":21634,"date":"2025-08-18T23:05:30","date_gmt":"2025-08-18T20:05:30","guid":{"rendered":"https:\/\/pesu24.ee\/?post_type=product&#038;p=21634"},"modified":"2025-08-20T15:02:34","modified_gmt":"2025-08-20T12:02:34","slug":"korsett-beauty-night-shaquila","status":"publish","type":"product","link":"https:\/\/pesu24.ee\/en\/korsetid\/korsett-beauty-night-shaquila\/","title":{"rendered":"Korsett Beauty Night Shaquila"},"content":{"rendered":"<p>Beauty Night Shaquila on eksklusiivne ja samal ajal sensuaalne ja provokatiivne korsett, mis toob esile naiselikke vorme ja figuuri. Toote rinnakorv on osaliselt avatud ning toestatud tugikaartega. Korsett on valmistatud lateksi sarnasest materjalist, mis on kaunistatud seksika pitsiga.<\/p>\n<p>Lisaks on korseti k\u00fclgedel satiinist paelad, mida saab kasutada n\u00e4iteks k\u00e4tte kinnisidumiseks v\u00f5i dekoratiivsete lipsudena, mis muudavad komplekti veelgi seksikamaks.<\/p>\n<p><span style=\"color: #008000;\"><strong>KOMPLEKT SISALDAB:<\/strong><\/span><\/p>\n<ul>\n<li>korsett<\/li>\n<li>stringid<\/li>\n<li>NB! sukad ei kuulu komplekti<\/li>\n<\/ul>\n<p>Komplekt sobib kokku <a href=\"https:\/\/pesu24.ee\/en\/sukad\/sukad-beauty-night-romance-mustad\/\">Beauty Night Romance sukkadega<\/a>.<\/p>\n<p><strong><span style=\"color: #008000;\">DETAILS:<\/span><\/strong><\/p>\n<ul>\n<li>seksikas must korsett<\/li>\n<li>tagant seotav<\/li>\n<li>rinnakorvil tugikaared<\/li>\n<li>reguleeritavad \u00f5lapaelad ja sukatripid<\/li>\n<li>satiinist paelad k\u00fclgedel<\/li>\n<li>mugav ning elastne materjal (88% pol\u00fcester, 12% elastaan)<\/li>\n<\/ul>","protected":false},"excerpt":{"rendered":"<p>&#46;&#46;&#46;<\/p>","protected":false},"featured_media":20819,"comment_status":"open","ping_status":"closed","template":"","meta":{"_glsr_average":0,"_glsr_ranking":0,"_glsr_reviews":0},"product_brand":[503],"product_cat":[33],"product_tag":[403,398],"class_list":{"0":"post-21634","1":"product","2":"type-product","3":"status-publish","4":"has-post-thumbnail","6":"product_brand-beauty-night","7":"product_cat-korsetid","8":"product_tag-beauty-night","9":"product_tag-latekspesu","10":"pa_suurus-l-xl","11":"pa_suurus-s-m","12":"pa_varvus-must","14":"first","15":"instock","16":"sold-individually","17":"taxable","18":"shipping-taxable","19":"purchasable","20":"product-type-variable"},"_links":{"self":[{"href":"https:\/\/pesu24.ee\/en\/wp-json\/wp\/v2\/product\/21634","targetHints":{"allow":["GET"]}}],"collection":[{"href":"https:\/\/pesu24.ee\/en\/wp-json\/wp\/v2\/product"}],"about":[{"href":"https:\/\/pesu24.ee\/en\/wp-json\/wp\/v2\/types\/product"}],"replies":[{"embeddable":true,"href":"https:\/\/pesu24.ee\/en\/wp-json\/wp\/v2\/comments?post=21634"}],"wp:featuredmedia":[{"embeddable":true,"href":"https:\/\/pesu24.ee\/en\/wp-json\/wp\/v2\/media\/20819"}],"wp:attachment":[{"href":"https:\/\/pesu24.ee\/en\/wp-json\/wp\/v2\/media?parent=21634"}],"wp:term":[{"taxonomy":"product_brand","embeddable":true,"href":"https:\/\/pesu24.ee\/en\/wp-json\/wp\/v2\/product_brand?post=21634"},{"taxonomy":"product_cat","embeddable":true,"href":"https:\/\/pesu24.ee\/en\/wp-json\/wp\/v2\/product_cat?post=21634"},{"taxonomy":"product_tag","embeddable":true,"href":"https:\/\/pesu24.ee\/en\/wp-json\/wp\/v2\/product_tag?post=21634"}],"curies":[{"name":"wp","href":"https:\/\/api.w.org\/{rel}","templated":true}]}}