{"id":21648,"date":"2025-08-18T23:05:37","date_gmt":"2025-08-18T20:05:37","guid":{"rendered":"https:\/\/pesu24.ee\/?post_type=product&#038;p=21648"},"modified":"2025-08-21T15:41:49","modified_gmt":"2025-08-21T12:41:49","slug":"korsett-passion-heidi","status":"publish","type":"product","link":"https:\/\/pesu24.ee\/en\/korsetid\/korsett-passion-heidi\/","title":{"rendered":"Korsett Passion Heidi"},"content":{"rendered":"<p>Passion Heidi on naiseliku disainiga korsett, millega saate rutiinseks muutunud \u00f5htud taas muuta eriliseks ning meeldej\u00e4\u00e4vaks.<\/p>\n<p><span style=\"color: #008000;\"><strong>KOMPLEKT SISALDAB:<\/strong><\/span><\/p>\n<ul>\n<li>korsett<\/li>\n<li>stringid<\/li>\n<li>NB! sukad ei kuulu komplekti<\/li>\n<\/ul>\n<p>Kombineerige komplekt omale meelep\u00e4raste sukkadega meie <a href=\"https:\/\/pesu24.ee\/en\/sukad\/\">e-poe valikust<\/a>.<\/p>\n<p><span style=\"color: #008000;\"><strong>DETAILS:<\/strong><\/span><\/p>\n<ul>\n<li>color black<\/li>\n<li>avatud rinnakorv<\/li>\n<li>reguleeritavad \u00f5la- ja sukapaelad<\/li>\n<li>rinnakorvil tugikaared<\/li>\n<li>selja osal haakidega kinnitused<\/li>\n<li>komplekti kaunistavad punased lipsukesed<\/li>\n<li>mugav ning elastne materjal (75% pol\u00fcester, 15% pol\u00fcamiid, 10% elastaan)<\/li>\n<\/ul>\n<p><span style=\"color: #008000;\"><strong>TUTVUSTAV VIDEO:<\/strong><\/span><\/p>\n<div style=\"width: 640px;\" class=\"wp-video\"><video class=\"wp-video-shortcode\" id=\"video-21648-1\" width=\"640\" height=\"360\" preload=\"metadata\" controls=\"controls\"><source type=\"video\/mp4\" src=\"https:\/\/passion.pl\/filmy\/heidi_corset.mp4?_=1\" \/><a href=\"https:\/\/passion.pl\/filmy\/heidi_corset.mp4\">https:\/\/passion.pl\/filmy\/heidi_corset.mp4<\/a><\/video><\/div>","protected":false},"excerpt":{"rendered":"<p>&#46;&#46;&#46;<\/p>","protected":false},"featured_media":21106,"comment_status":"open","ping_status":"closed","template":"","meta":{"_glsr_average":0,"_glsr_ranking":0,"_glsr_reviews":0},"product_brand":[504],"product_cat":[33],"product_tag":[392,387],"class_list":{"0":"post-21648","1":"product","2":"type-product","3":"status-publish","4":"has-post-thumbnail","6":"product_brand-passion","7":"product_cat-korsetid","8":"product_tag-avatud-stringid","9":"product_tag-passion","10":"pa_suurus-l-xl","11":"pa_suurus-s-m","12":"pa_varvus-must","14":"first","15":"instock","16":"sale","17":"sold-individually","18":"taxable","19":"shipping-taxable","20":"purchasable","21":"product-type-variable"},"_links":{"self":[{"href":"https:\/\/pesu24.ee\/en\/wp-json\/wp\/v2\/product\/21648","targetHints":{"allow":["GET"]}}],"collection":[{"href":"https:\/\/pesu24.ee\/en\/wp-json\/wp\/v2\/product"}],"about":[{"href":"https:\/\/pesu24.ee\/en\/wp-json\/wp\/v2\/types\/product"}],"replies":[{"embeddable":true,"href":"https:\/\/pesu24.ee\/en\/wp-json\/wp\/v2\/comments?post=21648"}],"wp:featuredmedia":[{"embeddable":true,"href":"https:\/\/pesu24.ee\/en\/wp-json\/wp\/v2\/media\/21106"}],"wp:attachment":[{"href":"https:\/\/pesu24.ee\/en\/wp-json\/wp\/v2\/media?parent=21648"}],"wp:term":[{"taxonomy":"product_brand","embeddable":true,"href":"https:\/\/pesu24.ee\/en\/wp-json\/wp\/v2\/product_brand?post=21648"},{"taxonomy":"product_cat","embeddable":true,"href":"https:\/\/pesu24.ee\/en\/wp-json\/wp\/v2\/product_cat?post=21648"},{"taxonomy":"product_tag","embeddable":true,"href":"https:\/\/pesu24.ee\/en\/wp-json\/wp\/v2\/product_tag?post=21648"}],"curies":[{"name":"wp","href":"https:\/\/api.w.org\/{rel}","templated":true}]}}