{"id":21649,"date":"2025-12-16T12:05:37","date_gmt":"2025-12-16T09:05:37","guid":{"rendered":"https:\/\/pesu24.ee\/?post_type=product&#038;p=21649"},"modified":"2026-03-23T12:20:06","modified_gmt":"2026-03-23T10:20:06","slug":"korsett-obsessive-810-valge","status":"publish","type":"product","link":"https:\/\/pesu24.ee\/en\/korsetid\/korsett-obsessive-810-valge\/","title":{"rendered":"Korsett Obsessive 810"},"content":{"rendered":"<p>Obsessive 810 on naiselik luksuslik korsett, mis ei j\u00e4ta k\u00fclmaks mitte \u00fchtegi meesterahvast. Toode on valmistatud satiinist ning kaunistatud sensuaalse pitsiga.<\/p>\n<p>Kas teil on t\u00e4na \u00f5htuks kelmikaid plaane? See korsett on teie ulakas inspiratsioon &#8211; valge pits kaunite lilledega, v\u00f5rgutav l\u00f5ige ja&#8230; palju armastust.<\/p>\n<div class=\"omadused\">\n<p>Omadused<\/p>\n<ul>\n<li>komplektis korsett ja stringid<\/li>\n<li>tootefotodel olevad <a href=\"https:\/\/pesu24.ee\/en\/sukad\/sukad-obsessive-810-valged\/\">810 sukad<\/a> saab osta eraldi<\/li>\n<li>v\u00e4rvus valge<\/li>\n<li>osaliselt polsterdatud rinnakorv<\/li>\n<li>lillemotiiviga pits<\/li>\n<li>reguleeritavad \u00f5la ja sukapaelad<\/li>\n<li>mugav ja elastne kangas (85% pol\u00fcamiid, 15% elastaan)<\/li>\n<\/ul>\n<p>Korsett sobib kokku <a href=\"https:\/\/pesu24.ee\/en\/sukad\/sukad-obsessive-810-valged\/\">Obsessive 810 sukkadega<\/a>. Lisaks on saadaval antud mudeli <a href=\"https:\/\/pesu24.ee\/en\/korsetid\/korsett-obsessive-810-must\/\">must variant<\/a>.<\/p>\n<\/div>\n<p><span style=\"color: #008000;\"><strong>VIDEO<\/strong><\/span><\/p>\n<div class=\"video-container\"><iframe loading=\"lazy\" title=\"KORZET 810-COR WHITE CORSET - OBSESSIVE\" width=\"500\" height=\"281\" src=\"https:\/\/www.youtube.com\/embed\/vCxcDsqrzcA?feature=oembed&#038;wmode=opaque\" frameborder=\"0\" allow=\"accelerometer; autoplay; clipboard-write; encrypted-media; gyroscope; picture-in-picture; web-share\" referrerpolicy=\"strict-origin-when-cross-origin\" allowfullscreen><\/iframe><\/div>","protected":false},"excerpt":{"rendered":"<p>Komplekt sisaldab<\/p>\n<ul>\n<li>korsetti ja stringe<\/li>\n<li><a href=\"https:\/\/pesu24.ee\/en\/sukad\/sukad-obsessive-810-valged\/\">valged 810 sukad<\/a> saab osta eraldi<\/li>\n<\/ul>","protected":false},"featured_media":30210,"comment_status":"open","ping_status":"closed","template":"","meta":{"_glsr_average":0,"_glsr_ranking":0,"_glsr_reviews":0},"product_brand":[500],"product_cat":[33],"product_tag":[160,155],"class_list":{"0":"post-21649","1":"product","2":"type-product","3":"status-publish","4":"has-post-thumbnail","6":"product_brand-obsessive","7":"product_cat-korsetid","8":"product_tag-obsessive","9":"product_tag-obsessive-810","10":"pa_suurus-l-xl","11":"pa_suurus-s-m","12":"pa_varvus-valge","14":"first","15":"instock","16":"sale","17":"sold-individually","18":"taxable","19":"shipping-taxable","20":"purchasable","21":"product-type-variable"},"_links":{"self":[{"href":"https:\/\/pesu24.ee\/en\/wp-json\/wp\/v2\/product\/21649","targetHints":{"allow":["GET"]}}],"collection":[{"href":"https:\/\/pesu24.ee\/en\/wp-json\/wp\/v2\/product"}],"about":[{"href":"https:\/\/pesu24.ee\/en\/wp-json\/wp\/v2\/types\/product"}],"replies":[{"embeddable":true,"href":"https:\/\/pesu24.ee\/en\/wp-json\/wp\/v2\/comments?post=21649"}],"wp:featuredmedia":[{"embeddable":true,"href":"https:\/\/pesu24.ee\/en\/wp-json\/wp\/v2\/media\/30210"}],"wp:attachment":[{"href":"https:\/\/pesu24.ee\/en\/wp-json\/wp\/v2\/media?parent=21649"}],"wp:term":[{"taxonomy":"product_brand","embeddable":true,"href":"https:\/\/pesu24.ee\/en\/wp-json\/wp\/v2\/product_brand?post=21649"},{"taxonomy":"product_cat","embeddable":true,"href":"https:\/\/pesu24.ee\/en\/wp-json\/wp\/v2\/product_cat?post=21649"},{"taxonomy":"product_tag","embeddable":true,"href":"https:\/\/pesu24.ee\/en\/wp-json\/wp\/v2\/product_tag?post=21649"}],"curies":[{"name":"wp","href":"https:\/\/api.w.org\/{rel}","templated":true}]}}