{"id":21655,"date":"2025-08-18T23:05:37","date_gmt":"2025-08-18T20:05:37","guid":{"rendered":"https:\/\/pesu24.ee\/?post_type=product&#038;p=21655"},"modified":"2025-08-21T14:17:27","modified_gmt":"2025-08-21T11:17:27","slug":"korsett-obsessive-laurise","status":"publish","type":"product","link":"https:\/\/pesu24.ee\/en\/korsetid\/korsett-obsessive-laurise\/","title":{"rendered":"Korsett Obsessive Laurise"},"content":{"rendered":"<p><strong>Kas meeldib s\u00fcgavmust v\u00e4rv? Kombineeritud pitsi ja lillelise mustriga, sama pesukollektsiooni stringidega ja sama stiili sukkadega? Laurise korsetiga on see k\u00f5ik v\u00f5imalik.<\/strong><\/p>\n<p>Intrigeeriv korsett Laurise on valmistatud kvaliteetsest ja venivast kangast, mida v\u00e4ga mugav kanda ja m\u00f5nus keha vastas tunda. \u00d5la &#8211; ja seljapaeltest reguleeritavus ning elastne kangas tagab ideaalse sobivuse.<\/p>\n<p>Komplekti kuuluvad ka tootefotodel olevad stringid. Sukad komplekti ei kuulu, aga saab osta juurde fotodel olevad <a href=\"https:\/\/pesu24.ee\/en\/sukad\/sukad-obsessive-810\/\">Obsessive 810 sukad<\/a> v\u00f5i valida ise sobivad sukad meie laiast <a href=\"https:\/\/pesu24.ee\/en\/sukad\/\">sukkade valikust<\/a>.<\/p>\n<p><span style=\"color: #008000;\"><strong>KOMPLEKT SISALDAB:<\/strong><\/span><\/p>\n<ul>\n<li>korsett<\/li>\n<li>stringid<\/li>\n<li>NB! sukad ei kuulu komplekti<\/li>\n<\/ul>\n<p><span style=\"color: #008000;\"><strong>DETAILS:<\/strong><\/span><\/p>\n<ul>\n<li>korsett \u00f5lapaeltest reguleeritav<\/li>\n<li>korsett tagant paeltest reguleeritav<\/li>\n<li>4 reguleeritavat sukapaela<\/li>\n<li>mugav ja meeldiv materjal<\/li>\n<li>elastne kangas (90% pol\u00fcamiid, 10% elastaan)<\/li>\n<li>r\u00f5hutab rindu<\/li>\n<li>saadaval erinevad suurused<\/li>\n<\/ul>\n<p>Kui toode meeldib, siis samast Laurise pesukollektsioonist on saadaval ka klassikaline <a href=\"https:\/\/pesu24.ee\/en\/pesukomplektid\/2-osaline-pesukomplekt-obsessive-laurise\/\">2-osaline pesukomplekt Laurise<\/a> ning kaunis ja naiselik Laurise babydoll koos stringidega.<\/p>\n<p><span style=\"color: #008000;\"><strong>VIDEO<\/strong><\/span><\/p>\n<div class=\"video-container\"><iframe loading=\"lazy\" title=\"\u017dHAV\u00dd KORZET LAURISE CORSET - OBSESSIVE\" width=\"500\" height=\"281\" src=\"https:\/\/www.youtube.com\/embed\/-6hDwJpbhHc?feature=oembed&#038;wmode=opaque\" frameborder=\"0\" allow=\"accelerometer; autoplay; clipboard-write; encrypted-media; gyroscope; picture-in-picture; web-share\" referrerpolicy=\"strict-origin-when-cross-origin\" allowfullscreen><\/iframe><\/div>","protected":false},"excerpt":{"rendered":"<p>&#46;&#46;&#46;<\/p>","protected":false},"featured_media":21498,"comment_status":"open","ping_status":"closed","template":"","meta":{"_glsr_average":0,"_glsr_ranking":0,"_glsr_reviews":0},"product_brand":[500],"product_cat":[33],"product_tag":[160],"class_list":{"0":"post-21655","1":"product","2":"type-product","3":"status-publish","4":"has-post-thumbnail","6":"product_brand-obsessive","7":"product_cat-korsetid","8":"product_tag-obsessive","9":"pa_suurus-l-xl","10":"pa_suurus-s-m","11":"pa_varvus-must","13":"first","14":"instock","15":"sold-individually","16":"taxable","17":"shipping-taxable","18":"purchasable","19":"product-type-variable"},"_links":{"self":[{"href":"https:\/\/pesu24.ee\/en\/wp-json\/wp\/v2\/product\/21655","targetHints":{"allow":["GET"]}}],"collection":[{"href":"https:\/\/pesu24.ee\/en\/wp-json\/wp\/v2\/product"}],"about":[{"href":"https:\/\/pesu24.ee\/en\/wp-json\/wp\/v2\/types\/product"}],"replies":[{"embeddable":true,"href":"https:\/\/pesu24.ee\/en\/wp-json\/wp\/v2\/comments?post=21655"}],"wp:featuredmedia":[{"embeddable":true,"href":"https:\/\/pesu24.ee\/en\/wp-json\/wp\/v2\/media\/21498"}],"wp:attachment":[{"href":"https:\/\/pesu24.ee\/en\/wp-json\/wp\/v2\/media?parent=21655"}],"wp:term":[{"taxonomy":"product_brand","embeddable":true,"href":"https:\/\/pesu24.ee\/en\/wp-json\/wp\/v2\/product_brand?post=21655"},{"taxonomy":"product_cat","embeddable":true,"href":"https:\/\/pesu24.ee\/en\/wp-json\/wp\/v2\/product_cat?post=21655"},{"taxonomy":"product_tag","embeddable":true,"href":"https:\/\/pesu24.ee\/en\/wp-json\/wp\/v2\/product_tag?post=21655"}],"curies":[{"name":"wp","href":"https:\/\/api.w.org\/{rel}","templated":true}]}}