{"id":21657,"date":"2025-08-18T23:05:37","date_gmt":"2025-08-18T20:05:37","guid":{"rendered":"https:\/\/pesu24.ee\/?post_type=product&#038;p=21657"},"modified":"2026-03-23T12:21:36","modified_gmt":"2026-03-23T10:21:36","slug":"korsett-obsessive-elizenes","status":"publish","type":"product","link":"https:\/\/pesu24.ee\/en\/korsetid\/korsett-obsessive-elizenes\/","title":{"rendered":"Korsett Obsessive Elizenes"},"content":{"rendered":"<p>Selle korsetiga sa s\u00e4rad. Obsessive&#8217;l on Sulle uhiuus Elizenese mudel, mis paneb sind tundma \u00fclinaiselikuna. Kas teile meeldib juba meie v\u00e4ike eelvaade? Elizenesel pole mitte ainult imeline pits, vaid ka choker, mis kaunistab kaunilt dekolteed.<\/p>\n<p>Niipea, kui sa seda oma mehele n\u00e4itad, minestab ta, kui jumalik sa selles v\u00e4lja n\u00e4ed. Kas soovite seda proovida? Ohtlikult ahvatlev k\u00f6ide, k\u00fctkestava v\u00e4limusega l\u00e4bipaistev kangas, lilleline pits&#8230; te ei taha midagi muud, kui et see oleks kogu aeg seljas!<\/p>\n<p><span style=\"color: #008000;\"><strong>KOMPLEKT SISALDAB:<\/strong><\/span><\/p>\n<ul>\n<li>korsett<\/li>\n<li>stringid<\/li>\n<li>NB! Sukad ei kuulu komplekti<\/li>\n<\/ul>\n<p>Kombineeriga komplekt endale meelep\u00e4raste <a href=\"https:\/\/pesu24.ee\/en\/sukad\/\">sukkadega<\/a>.<\/p>\n<p><span style=\"color: #008000;\"><strong>DETAILS:<\/strong><\/span><\/p>\n<ul>\n<li>tagant haakidega kinnituv<\/li>\n<li>reguleeritavad \u00f5la- ja sukapaelad<\/li>\n<li>eest seotav<\/li>\n<li>rinnakorvil tugikaared<\/li>\n<li>k\u00fctkestava disainiga<\/li>\n<li>kaunistatud pitsiga<\/li>\n<li>mugav ja elastne materjal (90% pol\u00fcamiid, 10% elastaan)<\/li>\n<\/ul>","protected":false},"excerpt":{"rendered":"<p>&#46;&#46;&#46;<\/p>","protected":false},"featured_media":21679,"comment_status":"open","ping_status":"closed","template":"","meta":{"_glsr_average":0,"_glsr_ranking":0,"_glsr_reviews":0},"product_brand":[500],"product_cat":[33],"product_tag":[160],"class_list":{"0":"post-21657","1":"product","2":"type-product","3":"status-publish","4":"has-post-thumbnail","6":"product_brand-obsessive","7":"product_cat-korsetid","8":"product_tag-obsessive","9":"pa_suurus-l-xl","10":"pa_suurus-s-m","11":"pa_varvus-must","13":"first","14":"instock","15":"sale","16":"sold-individually","17":"taxable","18":"shipping-taxable","19":"purchasable","20":"product-type-variable"},"_links":{"self":[{"href":"https:\/\/pesu24.ee\/en\/wp-json\/wp\/v2\/product\/21657","targetHints":{"allow":["GET"]}}],"collection":[{"href":"https:\/\/pesu24.ee\/en\/wp-json\/wp\/v2\/product"}],"about":[{"href":"https:\/\/pesu24.ee\/en\/wp-json\/wp\/v2\/types\/product"}],"replies":[{"embeddable":true,"href":"https:\/\/pesu24.ee\/en\/wp-json\/wp\/v2\/comments?post=21657"}],"wp:featuredmedia":[{"embeddable":true,"href":"https:\/\/pesu24.ee\/en\/wp-json\/wp\/v2\/media\/21679"}],"wp:attachment":[{"href":"https:\/\/pesu24.ee\/en\/wp-json\/wp\/v2\/media?parent=21657"}],"wp:term":[{"taxonomy":"product_brand","embeddable":true,"href":"https:\/\/pesu24.ee\/en\/wp-json\/wp\/v2\/product_brand?post=21657"},{"taxonomy":"product_cat","embeddable":true,"href":"https:\/\/pesu24.ee\/en\/wp-json\/wp\/v2\/product_cat?post=21657"},{"taxonomy":"product_tag","embeddable":true,"href":"https:\/\/pesu24.ee\/en\/wp-json\/wp\/v2\/product_tag?post=21657"}],"curies":[{"name":"wp","href":"https:\/\/api.w.org\/{rel}","templated":true}]}}