{"id":21658,"date":"2025-08-18T23:05:38","date_gmt":"2025-08-18T20:05:38","guid":{"rendered":"https:\/\/pesu24.ee\/?post_type=product&#038;p=21658"},"modified":"2025-08-20T14:53:51","modified_gmt":"2025-08-20T11:53:51","slug":"korsett-obsessive-felisita","status":"publish","type":"product","link":"https:\/\/pesu24.ee\/en\/korsetid\/korsett-obsessive-felisita\/","title":{"rendered":"Korsett Obsessive Felisita"},"content":{"rendered":"<p>Kas sa oled viimasel ajal hea t\u00fcdruk olnud? Felisita komplektiga muudad asjad ulakamaks. Felisita n\u00e4eb ilus v\u00e4lja, kas pole? Sinu peal n\u00e4eb see veelgi parem v\u00e4lja!<\/p>\n<p>Kutsu oma mees magamistuppa ja anna talle teada, et t\u00e4na ootab sind ees v\u00e4ga m\u00f5nus \u00f5htu kahekesi. T\u00e4nu pitsist ja nahast materjalile m\u00e4ngite oma armum\u00e4ngu meisterlikult! Juba ammu on teada, et \u00fclimalt naiselik must on m\u00f5nusa p\u00f5nevuse kuulutaja&#8230;<\/p>\n<p><span style=\"color: #008000;\"><strong>KOMPLEKT SISALDAB:<\/strong><\/span><\/p>\n<ul>\n<li>korsett<\/li>\n<li>seelik<\/li>\n<\/ul>\n<p><span style=\"color: #008000;\"><strong>DETAILS:<\/strong><\/span><\/p>\n<ul>\n<li>k\u00fctkestav komplekt<\/li>\n<li>korsett tagant seotav<\/li>\n<li>k\u00fcljel lukk<\/li>\n<li>reguleeritavad \u00f5lapaelad<\/li>\n<li>ees seksikas ripats<\/li>\n<li>pliiatsl\u00f5ikega seelik<\/li>\n<li>nahka imiteetriv materjal<\/li>\n<li>kaunistatud lillelise mustriga<\/li>\n<li>mugav ja elastne materjal (70% pol\u00fcuretaan, 30% elastaan)<\/li>\n<\/ul>","protected":false},"excerpt":{"rendered":"<p>&#46;&#46;&#46;<\/p>","protected":false},"featured_media":19107,"comment_status":"open","ping_status":"closed","template":"","meta":{"_glsr_average":0,"_glsr_ranking":0,"_glsr_reviews":0},"product_brand":[500],"product_cat":[383,33],"product_tag":[160],"class_list":{"0":"post-21658","1":"product","2":"type-product","3":"status-publish","4":"has-post-thumbnail","6":"product_brand-obsessive","7":"product_cat-kleidid-seelikud","8":"product_cat-korsetid","9":"product_tag-obsessive","10":"pa_suurus-l-xl","11":"pa_suurus-s-m","12":"pa_varvus-must","14":"first","15":"instock","16":"sold-individually","17":"taxable","18":"shipping-taxable","19":"purchasable","20":"product-type-variable"},"_links":{"self":[{"href":"https:\/\/pesu24.ee\/en\/wp-json\/wp\/v2\/product\/21658","targetHints":{"allow":["GET"]}}],"collection":[{"href":"https:\/\/pesu24.ee\/en\/wp-json\/wp\/v2\/product"}],"about":[{"href":"https:\/\/pesu24.ee\/en\/wp-json\/wp\/v2\/types\/product"}],"replies":[{"embeddable":true,"href":"https:\/\/pesu24.ee\/en\/wp-json\/wp\/v2\/comments?post=21658"}],"wp:featuredmedia":[{"embeddable":true,"href":"https:\/\/pesu24.ee\/en\/wp-json\/wp\/v2\/media\/19107"}],"wp:attachment":[{"href":"https:\/\/pesu24.ee\/en\/wp-json\/wp\/v2\/media?parent=21658"}],"wp:term":[{"taxonomy":"product_brand","embeddable":true,"href":"https:\/\/pesu24.ee\/en\/wp-json\/wp\/v2\/product_brand?post=21658"},{"taxonomy":"product_cat","embeddable":true,"href":"https:\/\/pesu24.ee\/en\/wp-json\/wp\/v2\/product_cat?post=21658"},{"taxonomy":"product_tag","embeddable":true,"href":"https:\/\/pesu24.ee\/en\/wp-json\/wp\/v2\/product_tag?post=21658"}],"curies":[{"name":"wp","href":"https:\/\/api.w.org\/{rel}","templated":true}]}}