{"id":21659,"date":"2025-08-18T23:05:38","date_gmt":"2025-08-18T20:05:38","guid":{"rendered":"https:\/\/pesu24.ee\/?post_type=product&#038;p=21659"},"modified":"2025-08-21T14:18:25","modified_gmt":"2025-08-21T11:18:25","slug":"korsett-obsessive-flameria","status":"publish","type":"product","link":"https:\/\/pesu24.ee\/en\/korsetid\/korsett-obsessive-flameria\/","title":{"rendered":"Korsett Obsessive Flameria"},"content":{"rendered":"<p>T\u00e4na \u00f5htul ootab teid palju sensatsioone! Sa n\u00e4ed Flameria korsetis imeline v\u00e4lja! Oh, jah, armas! Kas olete teadlik v\u00f5lust, mille oma armastatule selga pannes avaldate? Garanteerime, et see korsett annab teile palju toredaid koosolemise hetki ja r\u00f5hutab samal ajal teie rindu.<\/p>\n<p><span style=\"color: #008000;\"><strong>KOMPLEKT SISALDAB:<\/strong><\/span><\/p>\n<ul>\n<li>korsett koos eemaldatavate sukapaeltega<\/li>\n<li>stringid<\/li>\n<li>NB! sukad ei kuulu komplekti<\/li>\n<\/ul>\n<p>Kombineerige komplekt endale meelep\u00e4raste <a href=\"https:\/\/pesu24.ee\/en\/sukad\/\">sukkadega<\/a>.<\/p>\n<p><span style=\"color: #008000;\"><strong>DETAILS:<\/strong><\/span><\/p>\n<ul>\n<li>\u00fclimalt naiseliku disainiga komplekt<\/li>\n<li>kaela pael reguleeritav<\/li>\n<li>korsett tagant seotav<\/li>\n<li>vertikaalsed tugikaared<\/li>\n<li>k\u00fcljel lukk<\/li>\n<li>reguleeritavad sukapaelad (eemaldatavad)<\/li>\n<li>kaunistatud pitsiga<\/li>\n<li>mugav ja elastne materjal (95% pol\u00fcester, 5% elastaan)<\/li>\n<\/ul>","protected":false},"excerpt":{"rendered":"<p>&#46;&#46;&#46;<\/p>","protected":false},"featured_media":21702,"comment_status":"open","ping_status":"closed","template":"","meta":{"_glsr_average":0,"_glsr_ranking":0,"_glsr_reviews":0},"product_brand":[500],"product_cat":[33],"product_tag":[160],"class_list":{"0":"post-21659","1":"product","2":"type-product","3":"status-publish","4":"has-post-thumbnail","6":"product_brand-obsessive","7":"product_cat-korsetid","8":"product_tag-obsessive","9":"pa_suurus-l-xl","10":"pa_suurus-s-m","11":"pa_varvus-punane","13":"first","14":"instock","15":"sold-individually","16":"taxable","17":"shipping-taxable","18":"purchasable","19":"product-type-variable"},"_links":{"self":[{"href":"https:\/\/pesu24.ee\/en\/wp-json\/wp\/v2\/product\/21659","targetHints":{"allow":["GET"]}}],"collection":[{"href":"https:\/\/pesu24.ee\/en\/wp-json\/wp\/v2\/product"}],"about":[{"href":"https:\/\/pesu24.ee\/en\/wp-json\/wp\/v2\/types\/product"}],"replies":[{"embeddable":true,"href":"https:\/\/pesu24.ee\/en\/wp-json\/wp\/v2\/comments?post=21659"}],"wp:featuredmedia":[{"embeddable":true,"href":"https:\/\/pesu24.ee\/en\/wp-json\/wp\/v2\/media\/21702"}],"wp:attachment":[{"href":"https:\/\/pesu24.ee\/en\/wp-json\/wp\/v2\/media?parent=21659"}],"wp:term":[{"taxonomy":"product_brand","embeddable":true,"href":"https:\/\/pesu24.ee\/en\/wp-json\/wp\/v2\/product_brand?post=21659"},{"taxonomy":"product_cat","embeddable":true,"href":"https:\/\/pesu24.ee\/en\/wp-json\/wp\/v2\/product_cat?post=21659"},{"taxonomy":"product_tag","embeddable":true,"href":"https:\/\/pesu24.ee\/en\/wp-json\/wp\/v2\/product_tag?post=21659"}],"curies":[{"name":"wp","href":"https:\/\/api.w.org\/{rel}","templated":true}]}}