{"id":21794,"date":"2025-08-18T23:06:43","date_gmt":"2025-08-18T20:06:43","guid":{"rendered":"https:\/\/pesu24.ee\/?post_type=product&#038;p=21794"},"modified":"2025-08-20T14:57:57","modified_gmt":"2025-08-20T11:57:57","slug":"korsett-noir-handmade-f159","status":"publish","type":"product","link":"https:\/\/pesu24.ee\/en\/korsetid\/korsett-noir-handmade-f159\/","title":{"rendered":"Korsett Noir Handmade F159"},"content":{"rendered":"<p>Noir Handmade F159 korsett on valmistatud eco-nahast, mis tekitab seksiga\u00a0<em>wet-look\u00a0<\/em>ilme. Korsett on eest kaunistatud sensuaalse musta pitsiga.<\/p>\n<p>Korsett on eest haakidega kinnituv ning reguleeritavad paelad seljal v\u00f5imaldavad saavutada ideaalse sobivuse. Soovi korral saate k\u00fclgmised \u00f5lapaelad eemaldada.<\/p>\n<p><span style=\"color: #008000;\"><strong>KOMPLEKT SISALDAB:<\/strong><\/span><\/p>\n<ul>\n<li>korsett<\/li>\n<li>eemaldatavad k\u00fclgmised \u00f5lapaelad<\/li>\n<\/ul>\n<p>Korsett Noir Handmade F159 sobib kokku j\u00e4rgmiste Noir Handmade toodetega: <a href=\"https:\/\/pesu24.ee\/en\/aksessuaarid\/pliiatsseelik-noir-handmade-f152\/\">pliiatsseelik F152<\/a> ja <a href=\"https:\/\/pesu24.ee\/en\/sukad\/sukad-noir-handmade-f145\/\">sukad F145<\/a>.<\/p>\n<p><span style=\"color: #008000;\"><strong>DETAILS:<\/strong><\/span><\/p>\n<ul>\n<li>valmistatud eco-nahast<\/li>\n<li>kaunistatud pooll\u00e4bipaistva pitsiga<\/li>\n<li>eest haakidega kinnituv<\/li>\n<li>reguleeritavad \u00f5lapaelad<\/li>\n<li>seljalt paeltega seotav<\/li>\n<li>k\u00fclgmised \u00f5lapaelad eemaldatavad<\/li>\n<li>mugav ja elastne kangas (80% pol\u00fcamiid, 20% elastaan)<\/li>\n<\/ul>","protected":false},"excerpt":{"rendered":"<p>&#46;&#46;&#46;<\/p>","protected":false},"featured_media":21814,"comment_status":"open","ping_status":"closed","template":"","meta":{"_glsr_average":0,"_glsr_ranking":0,"_glsr_reviews":0},"product_brand":[501],"product_cat":[33],"product_tag":[398,218],"class_list":{"0":"post-21794","1":"product","2":"type-product","3":"status-publish","4":"has-post-thumbnail","6":"product_brand-noir-handmade","7":"product_cat-korsetid","8":"product_tag-latekspesu","9":"product_tag-noir-handmade","10":"pa_suurus-l","11":"pa_suurus-m","12":"pa_suurus-s","13":"pa_suurus-xl","14":"pa_varvus-must","16":"first","17":"instock","18":"sold-individually","19":"taxable","20":"shipping-taxable","21":"purchasable","22":"product-type-variable"},"_links":{"self":[{"href":"https:\/\/pesu24.ee\/en\/wp-json\/wp\/v2\/product\/21794","targetHints":{"allow":["GET"]}}],"collection":[{"href":"https:\/\/pesu24.ee\/en\/wp-json\/wp\/v2\/product"}],"about":[{"href":"https:\/\/pesu24.ee\/en\/wp-json\/wp\/v2\/types\/product"}],"replies":[{"embeddable":true,"href":"https:\/\/pesu24.ee\/en\/wp-json\/wp\/v2\/comments?post=21794"}],"wp:featuredmedia":[{"embeddable":true,"href":"https:\/\/pesu24.ee\/en\/wp-json\/wp\/v2\/media\/21814"}],"wp:attachment":[{"href":"https:\/\/pesu24.ee\/en\/wp-json\/wp\/v2\/media?parent=21794"}],"wp:term":[{"taxonomy":"product_brand","embeddable":true,"href":"https:\/\/pesu24.ee\/en\/wp-json\/wp\/v2\/product_brand?post=21794"},{"taxonomy":"product_cat","embeddable":true,"href":"https:\/\/pesu24.ee\/en\/wp-json\/wp\/v2\/product_cat?post=21794"},{"taxonomy":"product_tag","embeddable":true,"href":"https:\/\/pesu24.ee\/en\/wp-json\/wp\/v2\/product_tag?post=21794"}],"curies":[{"name":"wp","href":"https:\/\/api.w.org\/{rel}","templated":true}]}}