{"id":21797,"date":"2025-08-18T23:06:43","date_gmt":"2025-08-18T20:06:43","guid":{"rendered":"https:\/\/pesu24.ee\/?post_type=product&#038;p=21797"},"modified":"2025-08-21T16:48:14","modified_gmt":"2025-08-21T13:48:14","slug":"korsett-obsessive-setilla","status":"publish","type":"product","link":"https:\/\/pesu24.ee\/en\/korsetid\/korsett-obsessive-setilla\/","title":{"rendered":"Korsett Obsessive Setilla"},"content":{"rendered":"<p>Obsess Setilla must korsett on julge ettepanek enesekindlatele naistele, kellele meeldib lisada veidi v\u00fcrtsi. Seda mudelit iseloomustab elegantne l\u00f5ige, milles on tunda kaasaegset disaini.<\/p>\n<p>Klassikalise pitsi ja figuuri r\u00f5hutavate paelte kombinatsioon v\u00f5ib ergutada kujutlusv\u00f5imet. Avatud rinnahoidja ja avatud jalgevahega stringid on mugav ja ahvatlev lahendus kuumaks \u00f5htuks. Paljastunud seljaosa ja sensuaalsed paelad t\u00f5mbavad t\u00e4helepanu ja lisavad delikatessi.<\/p>\n<p><span style=\"color: #008000;\"><strong>KOMPLEKT SISALDAB:<\/strong><\/span><\/p>\n<ul>\n<li>avatud rinnakorviga korsett<\/li>\n<li>avatud stringid<\/li>\n<li>NB! Sukad ei kuulu komplekti<\/li>\n<\/ul>\n<p>Korsett sobib kokku <a href=\"https:\/\/pesu24.ee\/en\/sukad\/sukad-obsessive-s800\/\">Obsessive S800 mustade sukkadega<\/a>.<\/p>\n<p><span style=\"color: #008000;\"><strong>DETAILS:<\/strong><\/span><\/p>\n<ul>\n<li>color black<\/li>\n<li>avatud rinnakorv<\/li>\n<li>avatud stringid<\/li>\n<li>paelad \u00f5lgadel ja dekolteel<\/li>\n<li>korsett tagant seotav koos astmelise kinnitusega<\/li>\n<li>rinnakorvil tugikaared<\/li>\n<li>reguleeritavad sukapaelad<\/li>\n<li>mugav ja elastne kangas (94% pol\u00fcamiid, 6% elastaan<span data-contrast=\"none\">)<\/span><\/li>\n<\/ul>\n<p><span style=\"color: #008000;\"><strong>VIDEO:<\/strong><\/span><\/p>\n<div class=\"video-container\"><iframe loading=\"lazy\" title=\"ODV\u00c1\u017dN\u00dd KORZET SETILLA CORSET - OBSESSIVE\" width=\"500\" height=\"281\" src=\"https:\/\/www.youtube.com\/embed\/k3WGbgpv_jU?feature=oembed&#038;wmode=opaque\" frameborder=\"0\" allow=\"accelerometer; autoplay; clipboard-write; encrypted-media; gyroscope; picture-in-picture; web-share\" referrerpolicy=\"strict-origin-when-cross-origin\" allowfullscreen><\/iframe><\/div>","protected":false},"excerpt":{"rendered":"<p>&#46;&#46;&#46;<\/p>","protected":false},"featured_media":21853,"comment_status":"open","ping_status":"closed","template":"","meta":{"_glsr_average":0,"_glsr_ranking":0,"_glsr_reviews":0},"product_brand":[500],"product_cat":[33],"product_tag":[392,160],"class_list":{"0":"post-21797","1":"product","2":"type-product","3":"status-publish","4":"has-post-thumbnail","6":"product_brand-obsessive","7":"product_cat-korsetid","8":"product_tag-avatud-stringid","9":"product_tag-obsessive","10":"pa_suurus-l-xl","11":"pa_suurus-s-m","12":"pa_varvus-must","14":"first","15":"instock","16":"sold-individually","17":"taxable","18":"shipping-taxable","19":"purchasable","20":"product-type-variable"},"_links":{"self":[{"href":"https:\/\/pesu24.ee\/en\/wp-json\/wp\/v2\/product\/21797","targetHints":{"allow":["GET"]}}],"collection":[{"href":"https:\/\/pesu24.ee\/en\/wp-json\/wp\/v2\/product"}],"about":[{"href":"https:\/\/pesu24.ee\/en\/wp-json\/wp\/v2\/types\/product"}],"replies":[{"embeddable":true,"href":"https:\/\/pesu24.ee\/en\/wp-json\/wp\/v2\/comments?post=21797"}],"wp:featuredmedia":[{"embeddable":true,"href":"https:\/\/pesu24.ee\/en\/wp-json\/wp\/v2\/media\/21853"}],"wp:attachment":[{"href":"https:\/\/pesu24.ee\/en\/wp-json\/wp\/v2\/media?parent=21797"}],"wp:term":[{"taxonomy":"product_brand","embeddable":true,"href":"https:\/\/pesu24.ee\/en\/wp-json\/wp\/v2\/product_brand?post=21797"},{"taxonomy":"product_cat","embeddable":true,"href":"https:\/\/pesu24.ee\/en\/wp-json\/wp\/v2\/product_cat?post=21797"},{"taxonomy":"product_tag","embeddable":true,"href":"https:\/\/pesu24.ee\/en\/wp-json\/wp\/v2\/product_tag?post=21797"}],"curies":[{"name":"wp","href":"https:\/\/api.w.org\/{rel}","templated":true}]}}