{"id":21801,"date":"2025-08-18T23:06:43","date_gmt":"2025-08-18T20:06:43","guid":{"rendered":"https:\/\/pesu24.ee\/?post_type=product&#038;p=21801"},"modified":"2025-08-21T15:44:27","modified_gmt":"2025-08-21T12:44:27","slug":"korsett-obsessive-editya","status":"publish","type":"product","link":"https:\/\/pesu24.ee\/en\/korsetid\/korsett-obsessive-editya\/","title":{"rendered":"Korsett Obsessive Editya"},"content":{"rendered":"<p>Obsessive Editya on stiilne must korsett on naiseliku ja elegantse disainiga. Korsetil on optiliselt salendav efekt, mis toob imeliselt esile teie suurep\u00e4rase figuuri. Ideaalseks sobivuseks on korsett seljalt haakidega kinnituv.<\/p>\n<p><span style=\"color: #008000;\"><strong>KOMPLEKT SISALDAB:<\/strong><\/span><\/p>\n<ul>\n<li>korsett<\/li>\n<li>eemaldatavad sukapaelad<\/li>\n<li>NB! sukad ja p\u00fcksikud ei kuulu komplekti<\/li>\n<\/ul>\n<p>Komplekt sobib perfektselt kokku <a href=\"https:\/\/pesu24.ee\/en\/stringid-puksikud\/puksikud-obsessive-editya\/\">Obsessive Editya p\u00fcksikutega<\/a>.<\/p>\n<p><span style=\"color: #008000;\"><strong>DETAILS:<\/strong><\/span><\/p>\n<ul>\n<li>elegantse disainiga korsett<\/li>\n<li>pehme pitsist rinnakorv<\/li>\n<li>optiliselt salendav efekt<\/li>\n<li>reguleeritavad &amp; eemaldatavad sukapaelad<\/li>\n<li>tagant haakidega kinnituv<\/li>\n<li>mugav &amp; elastne kangas (85% pol\u00fcamiid, 15% elastaan)<\/li>\n<\/ul>\n<p><span style=\"color: #008000;\"><strong>VIDEO<\/strong><\/span><\/p>\n<div class=\"video-container\"><iframe loading=\"lazy\" title=\"V\u00ddJIME\u010cN\u00dd KORZET EDITYA CORSET - OBSESSIVE\" width=\"500\" height=\"281\" src=\"https:\/\/www.youtube.com\/embed\/3GdqVTSkXrI?feature=oembed&#038;wmode=opaque\" frameborder=\"0\" allow=\"accelerometer; autoplay; clipboard-write; encrypted-media; gyroscope; picture-in-picture; web-share\" referrerpolicy=\"strict-origin-when-cross-origin\" allowfullscreen><\/iframe><\/div>","protected":false},"excerpt":{"rendered":"<p>&#46;&#46;&#46;<\/p>","protected":false},"featured_media":21884,"comment_status":"open","ping_status":"closed","template":"","meta":{"_glsr_average":0,"_glsr_ranking":0,"_glsr_reviews":0},"product_brand":[500],"product_cat":[33],"product_tag":[160],"class_list":{"0":"post-21801","1":"product","2":"type-product","3":"status-publish","4":"has-post-thumbnail","6":"product_brand-obsessive","7":"product_cat-korsetid","8":"product_tag-obsessive","9":"pa_suurus-m-l","10":"pa_suurus-xs-s","11":"pa_varvus-must","13":"first","14":"instock","15":"sold-individually","16":"taxable","17":"shipping-taxable","18":"purchasable","19":"product-type-variable"},"_links":{"self":[{"href":"https:\/\/pesu24.ee\/en\/wp-json\/wp\/v2\/product\/21801","targetHints":{"allow":["GET"]}}],"collection":[{"href":"https:\/\/pesu24.ee\/en\/wp-json\/wp\/v2\/product"}],"about":[{"href":"https:\/\/pesu24.ee\/en\/wp-json\/wp\/v2\/types\/product"}],"replies":[{"embeddable":true,"href":"https:\/\/pesu24.ee\/en\/wp-json\/wp\/v2\/comments?post=21801"}],"wp:featuredmedia":[{"embeddable":true,"href":"https:\/\/pesu24.ee\/en\/wp-json\/wp\/v2\/media\/21884"}],"wp:attachment":[{"href":"https:\/\/pesu24.ee\/en\/wp-json\/wp\/v2\/media?parent=21801"}],"wp:term":[{"taxonomy":"product_brand","embeddable":true,"href":"https:\/\/pesu24.ee\/en\/wp-json\/wp\/v2\/product_brand?post=21801"},{"taxonomy":"product_cat","embeddable":true,"href":"https:\/\/pesu24.ee\/en\/wp-json\/wp\/v2\/product_cat?post=21801"},{"taxonomy":"product_tag","embeddable":true,"href":"https:\/\/pesu24.ee\/en\/wp-json\/wp\/v2\/product_tag?post=21801"}],"curies":[{"name":"wp","href":"https:\/\/api.w.org\/{rel}","templated":true}]}}