{"id":21802,"date":"2025-08-18T23:06:43","date_gmt":"2025-08-18T20:06:43","guid":{"rendered":"https:\/\/pesu24.ee\/?post_type=product&#038;p=21802"},"modified":"2025-08-20T15:00:04","modified_gmt":"2025-08-20T12:00:04","slug":"korsett-axami-v-10037","status":"publish","type":"product","link":"https:\/\/pesu24.ee\/en\/korsetid\/korsett-axami-v-10037\/","title":{"rendered":"Korsett Axami V-10037"},"content":{"rendered":"<p><strong>Punasest ja mustast pitsist v\u00f5rgutav elastne korsett Axami V-10037, mis on ajatu hitt. Korseti rinnakorv pehme, ilma polsterduste ja alustraatideta. See tagab mugavuse ja ideaalse sobivuse.<\/strong><\/p>\n<p>Korseti \u00fclaosa \u00fchendatud pehmete mustade paelade kompositsiooniga, mis l\u00f5ppeb stiilse pitsil\u00f5ikega k\u00f5hu pealt. Elastsete mustade paelade kombinatsioon tagab ideaalse toetuse rinnale ja toob esile naiselikud kurvid. Korsett on kaunistatud kuldsete ja l\u00e4ikivate aksessuaaridega.<\/p>\n<p>Korsetil on kaks kinnitust. \u00dcks viie haagiga kaheastmeline kinnitus seljal nimmepiirkonnas ja teine tavap\u00e4rane kinnitus seljal. Lisaks saab korseti alumist osa (k\u00f5hupealset) eemaldada ja nii kasutada rinnahoidjat eraldiseisvana. Tootefotodel olevad <a href=\"https:\/\/pesu24.ee\/en\/stringid-puksikud\/stringid-axami-v-10038\/\">V-10038 stringid<\/a> komplekti ei kuulu, aga need saab osta eraldi.<\/p>\n<p><span style=\"color: #008000;\"><strong>OMADUSED<\/strong><\/span><\/p>\n<ul>\n<li>komplektis korsett<\/li>\n<li>stringid komplekti ei kuulu, saab osta eraldi <a href=\"https:\/\/pesu24.ee\/en\/stringid-puksikud\/stringid-axami-v-10038\/\">SIIT<\/a><\/li>\n<li>korseti rinnakorv pehme, ilma polsterduste ja tugikaarteta<\/li>\n<li>tagant kinnitatav nimmepiirkonnast ja seljast<\/li>\n<li>korseti alumise osa saab eemaldada<\/li>\n<li>elastne ja meeldiv materjal<\/li>\n<li>mugav kanda<\/li>\n<li>tootja <a href=\"https:\/\/pesu24.ee\/en\/omadus\/axami\/\">Axami<\/a><\/li>\n<li>66% pol\u00fcamiid, 20% viskoos, 14% elastaan<\/li>\n<li>saadaval suurustes XS kuni XL<\/li>\n<\/ul>\n<p>PS! Kui sobivat suurust valikus ei ole, v\u00f5ta julgesti \u00fchendust aadressil support@pesu24.ee. Kui valik n\u00e4itab j\u00e4reltellimisel, siis see suurus on hetkel laost otsas ja p\u00e4rast ostu sooritamist see tellitakse (kuni 14 t\u00f6\u00f6p\u00e4eva)<\/p>\n<p>Kui antud pesukomplekt meeldib, siis tutvu ka teiste sama <a href=\"https:\/\/pesu24.ee\/en\/omadus\/sensual-paradise-lilleline-motiiv\/\">lillemotiiviga Axami pesudega<\/a>.<\/p>","protected":false},"excerpt":{"rendered":"<p>&#46;&#46;&#46;<\/p>","protected":false},"featured_media":21891,"comment_status":"open","ping_status":"closed","template":"","meta":{"_glsr_average":0,"_glsr_ranking":0,"_glsr_reviews":0},"product_brand":[502],"product_cat":[33],"product_tag":[333,334,433],"class_list":{"0":"post-21802","1":"product","2":"type-product","3":"status-publish","4":"has-post-thumbnail","6":"product_brand-axami","7":"product_cat-korsetid","8":"product_tag-axami","9":"product_tag-sensual-paradise","10":"product_tag-sensual-paradise-lilleline-motiiv","11":"pa_suurus-l","12":"pa_suurus-m","13":"pa_suurus-s","14":"pa_suurus-xl","15":"pa_varvus-must","16":"pa_varvus-punane","18":"first","19":"instock","20":"sold-individually","21":"taxable","22":"shipping-taxable","23":"purchasable","24":"product-type-variable"},"_links":{"self":[{"href":"https:\/\/pesu24.ee\/en\/wp-json\/wp\/v2\/product\/21802","targetHints":{"allow":["GET"]}}],"collection":[{"href":"https:\/\/pesu24.ee\/en\/wp-json\/wp\/v2\/product"}],"about":[{"href":"https:\/\/pesu24.ee\/en\/wp-json\/wp\/v2\/types\/product"}],"replies":[{"embeddable":true,"href":"https:\/\/pesu24.ee\/en\/wp-json\/wp\/v2\/comments?post=21802"}],"wp:featuredmedia":[{"embeddable":true,"href":"https:\/\/pesu24.ee\/en\/wp-json\/wp\/v2\/media\/21891"}],"wp:attachment":[{"href":"https:\/\/pesu24.ee\/en\/wp-json\/wp\/v2\/media?parent=21802"}],"wp:term":[{"taxonomy":"product_brand","embeddable":true,"href":"https:\/\/pesu24.ee\/en\/wp-json\/wp\/v2\/product_brand?post=21802"},{"taxonomy":"product_cat","embeddable":true,"href":"https:\/\/pesu24.ee\/en\/wp-json\/wp\/v2\/product_cat?post=21802"},{"taxonomy":"product_tag","embeddable":true,"href":"https:\/\/pesu24.ee\/en\/wp-json\/wp\/v2\/product_tag?post=21802"}],"curies":[{"name":"wp","href":"https:\/\/api.w.org\/{rel}","templated":true}]}}