{"id":21803,"date":"2025-08-18T23:06:43","date_gmt":"2025-08-18T20:06:43","guid":{"rendered":"https:\/\/pesu24.ee\/?post_type=product&#038;p=21803"},"modified":"2025-08-27T17:14:23","modified_gmt":"2025-08-27T14:14:23","slug":"poolkorsett-axami-v-10111","status":"publish","type":"product","link":"https:\/\/pesu24.ee\/en\/korsetid\/poolkorsett-axami-v-10111\/","title":{"rendered":"Rinnahoidja-poolkorsett Axami V-10111"},"content":{"rendered":"<p><strong>Musta ja kuldse pitsiga ning painduvate plastist alustraatidega poolkorsett, mis sobib ideaalselt iga rinnakorviga. Poolkorseti alumine kui ka tagumine osa \u00fchendatud omavahel kuldsete r\u00f5ngaste abil.\u00a0<\/strong><\/p>\n<p>Kangas v\u00e4ga kvaliteetne, samas elastne, mis koos \u00f5lapaeladest reguleeritavuse ja tagant astmelise kinnitusega tagab perfektse sobivuse. Sobib ideaalselt kokku tootefotodel olevatge <a href=\"https:\/\/pesu24.ee\/en\/stringid-puksikud\/stringid-axami-v-10118\/\">V-10118 stringidega<\/a>\u00a0(ei ole komplektis, tuleb osta eraldi).<\/p>\n<p><span style=\"color: #008000;\"><strong>OMADUSED<\/strong><\/span><\/p>\n<ul>\n<li>komplektis poolkorsett<\/li>\n<li>painduvad plastist alustraadid<\/li>\n<li>adjustable shoulder straps<\/li>\n<li>tagant 2-astmelise kinnitusega<\/li>\n<li>v\u00e4ga elastne ja kvaliteetne kangas<\/li>\n<li>ideaalne sobivus<\/li>\n<li>70% pol\u00fcamiid, 14% pol\u00fcester, 13% elastaan, 3% pol\u00fcet\u00fcleen<\/li>\n<li>v\u00f5imalikud suurused: 65CDE, 70ABCDE, 75ABCDE, 80ABCDE, 85BCD<\/li>\n<\/ul>\n<p>PS! Kui sobivat suurust valikus ei ole, siis on hetkel antud suurus meie laost otsa ja sel juhul v\u00f5ta julgesti \u00fchendust meie klienditoega aadressil support@pesu24.ee ja anname teada t\u00e4pse tarneaja.<\/p>","protected":false},"excerpt":{"rendered":"<p>&#46;&#46;&#46;<\/p>","protected":false},"featured_media":21900,"comment_status":"open","ping_status":"closed","template":"","meta":{"_glsr_average":0,"_glsr_ranking":0,"_glsr_reviews":0},"product_brand":[502],"product_cat":[33],"product_tag":[333,334],"class_list":{"0":"post-21803","1":"product","2":"type-product","3":"status-publish","4":"has-post-thumbnail","6":"product_brand-axami","7":"product_cat-korsetid","8":"product_tag-axami","9":"product_tag-sensual-paradise","10":"pa_varvus-must","12":"first","13":"instock","14":"sold-individually","15":"taxable","16":"shipping-taxable","17":"purchasable","18":"product-type-variable"},"_links":{"self":[{"href":"https:\/\/pesu24.ee\/en\/wp-json\/wp\/v2\/product\/21803","targetHints":{"allow":["GET"]}}],"collection":[{"href":"https:\/\/pesu24.ee\/en\/wp-json\/wp\/v2\/product"}],"about":[{"href":"https:\/\/pesu24.ee\/en\/wp-json\/wp\/v2\/types\/product"}],"replies":[{"embeddable":true,"href":"https:\/\/pesu24.ee\/en\/wp-json\/wp\/v2\/comments?post=21803"}],"wp:featuredmedia":[{"embeddable":true,"href":"https:\/\/pesu24.ee\/en\/wp-json\/wp\/v2\/media\/21900"}],"wp:attachment":[{"href":"https:\/\/pesu24.ee\/en\/wp-json\/wp\/v2\/media?parent=21803"}],"wp:term":[{"taxonomy":"product_brand","embeddable":true,"href":"https:\/\/pesu24.ee\/en\/wp-json\/wp\/v2\/product_brand?post=21803"},{"taxonomy":"product_cat","embeddable":true,"href":"https:\/\/pesu24.ee\/en\/wp-json\/wp\/v2\/product_cat?post=21803"},{"taxonomy":"product_tag","embeddable":true,"href":"https:\/\/pesu24.ee\/en\/wp-json\/wp\/v2\/product_tag?post=21803"}],"curies":[{"name":"wp","href":"https:\/\/api.w.org\/{rel}","templated":true}]}}