{"id":21806,"date":"2025-08-18T23:06:43","date_gmt":"2025-08-18T20:06:43","guid":{"rendered":"https:\/\/pesu24.ee\/?post_type=product&#038;p=21806"},"modified":"2025-08-20T14:53:51","modified_gmt":"2025-08-20T11:53:51","slug":"korsett-obsessive-denissa","status":"publish","type":"product","link":"https:\/\/pesu24.ee\/en\/korsetid\/korsett-obsessive-denissa\/","title":{"rendered":"Korsett Obsessive Denissa"},"content":{"rendered":"<p>Obsessive Denissa korsett on valmistatud sensusaalsest punasest kangast, mida kaunistab imeline must pits. Korsett ahvatleb seksapiiliga, r\u00f5\u00f5mustab naiseliku l\u00f5ikega ja intrigeerib sensuaalsete kangamustritega.<\/p>\n<p>\u00d5rna pitsiga kaunistatud \u00f5lapaelad lisavad klassi ja elegantsi ning rinnakorvi ja stringide avatud l\u00f5ige lisab v\u00fcrtsi. Kui teile meeldib julge pesu modernsuse h\u00f5nguga, siis Obsessive Denissa korsett on loodud just Teile.<\/p>\n<p><span style=\"color: #008000;\"><strong>KOMPLEKT SISALDAB:<\/strong><\/span><\/p>\n<ul>\n<li>korsett<\/li>\n<li>avatud stringid<\/li>\n<\/ul>\n<p><span style=\"color: #008000;\"><strong>DETAILS:<\/strong><\/span><\/p>\n<ul>\n<li>seksikat punast &amp; musta tooni<\/li>\n<li>vertikaalsed tugikaared<\/li>\n<li>rinnakorvil tugikaared<\/li>\n<li>osaliselt polsterdatud rinnakorv<\/li>\n<li>reguleeritavad \u00f5la- ja sukapaelad<\/li>\n<li>eemaldatavad sukapaelad<\/li>\n<li>korsett tagant haakidega kinnituv<\/li>\n<li>avatud rinnakorv<\/li>\n<li>stringidel avatud jalgevahe<\/li>\n<li>mugav &amp; elastne kangas (90% pol\u00fcamiid, 10% elastaan)<\/li>\n<\/ul>","protected":false},"excerpt":{"rendered":"<p>&#46;&#46;&#46;<\/p>","protected":false},"featured_media":21924,"comment_status":"open","ping_status":"closed","template":"","meta":{"_glsr_average":0,"_glsr_ranking":0,"_glsr_reviews":0},"product_brand":[500],"product_cat":[33],"product_tag":[392,160],"class_list":{"0":"post-21806","1":"product","2":"type-product","3":"status-publish","4":"has-post-thumbnail","6":"product_brand-obsessive","7":"product_cat-korsetid","8":"product_tag-avatud-stringid","9":"product_tag-obsessive","10":"pa_suurus-m-l","11":"pa_suurus-xl-xxl","12":"pa_suurus-xs-s","13":"pa_varvus-must","14":"pa_varvus-punane","16":"first","17":"instock","18":"sold-individually","19":"taxable","20":"shipping-taxable","21":"purchasable","22":"product-type-variable"},"_links":{"self":[{"href":"https:\/\/pesu24.ee\/en\/wp-json\/wp\/v2\/product\/21806","targetHints":{"allow":["GET"]}}],"collection":[{"href":"https:\/\/pesu24.ee\/en\/wp-json\/wp\/v2\/product"}],"about":[{"href":"https:\/\/pesu24.ee\/en\/wp-json\/wp\/v2\/types\/product"}],"replies":[{"embeddable":true,"href":"https:\/\/pesu24.ee\/en\/wp-json\/wp\/v2\/comments?post=21806"}],"wp:featuredmedia":[{"embeddable":true,"href":"https:\/\/pesu24.ee\/en\/wp-json\/wp\/v2\/media\/21924"}],"wp:attachment":[{"href":"https:\/\/pesu24.ee\/en\/wp-json\/wp\/v2\/media?parent=21806"}],"wp:term":[{"taxonomy":"product_brand","embeddable":true,"href":"https:\/\/pesu24.ee\/en\/wp-json\/wp\/v2\/product_brand?post=21806"},{"taxonomy":"product_cat","embeddable":true,"href":"https:\/\/pesu24.ee\/en\/wp-json\/wp\/v2\/product_cat?post=21806"},{"taxonomy":"product_tag","embeddable":true,"href":"https:\/\/pesu24.ee\/en\/wp-json\/wp\/v2\/product_tag?post=21806"}],"curies":[{"name":"wp","href":"https:\/\/api.w.org\/{rel}","templated":true}]}}