{"id":21822,"date":"2025-08-18T23:07:04","date_gmt":"2025-08-18T20:07:04","guid":{"rendered":"https:\/\/pesu24.ee\/?post_type=product&#038;p=21822"},"modified":"2025-08-20T14:53:48","modified_gmt":"2025-08-20T11:53:48","slug":"korsett-obsessive-serena-love","status":"publish","type":"product","link":"https:\/\/pesu24.ee\/en\/korsetid\/korsett-obsessive-serena-love\/","title":{"rendered":"Korsett Obsessive Serena Love"},"content":{"rendered":"<p>Obsessive <a href=\"https:\/\/pesu24.ee\/en\/omadus\/serena-love\/\">Serena Love<\/a> kollektsiooni korsett on kaunis ja elegantne pesutoode, mis on loodud naiste ilu esile toomiseks. Korseti disain on inspireeritud klassikalisest korsetist ning see on valmistatud kvaliteetsest pooll\u00e4bipaistvast kangast. Obsessive Serena Love korsett on ideaalne valik erilisteks s\u00fcndmusteks v\u00f5i romantilisteks \u00f5htuteks, kus soovite end erilisena tunda.<\/p>\n<p>Korseti tagaosa on haakidega kinnituv, mis v\u00f5imaldavad selle suurust reguleerida vastavalt teie kehale ning lisavad ka elegantsi ja stiili. Korsetti saab kombineerida sama kollektsiooni pesutoodetega.<\/p>\n<p><span style=\"color: #008000;\"><strong>KOMPLEKT SISALDAB:<\/strong><\/span><\/p>\n<ul>\n<li>korsett<\/li>\n<li>stringid<\/li>\n<\/ul>\n<p><span style=\"color: #008000;\"><strong>DETAILS:<\/strong><\/span><\/p>\n<ul>\n<li>reguleeritavad \u00f5la- ja sukapaelad<\/li>\n<li>tagant haakidega kinnituv<\/li>\n<li>rinnakorvil tugikaared<\/li>\n<li>lisatud vertikaalsed tugikaared<\/li>\n<li>mugav ja elastne kangas (94% pol\u00fcamiid, 6% elastaan)<\/li>\n<\/ul>","protected":false},"excerpt":{"rendered":"<p>&#46;&#46;&#46;<\/p>","protected":false},"featured_media":21961,"comment_status":"open","ping_status":"closed","template":"","meta":{"_glsr_average":0,"_glsr_ranking":0,"_glsr_reviews":0},"product_brand":[500],"product_cat":[33],"product_tag":[160,442],"class_list":{"0":"post-21822","1":"product","2":"type-product","3":"status-publish","4":"has-post-thumbnail","6":"product_brand-obsessive","7":"product_cat-korsetid","8":"product_tag-obsessive","9":"product_tag-serena-love","10":"pa_suurus-m-l","11":"pa_suurus-xl-xxl","12":"pa_suurus-xs-s","13":"pa_varvus-must","15":"first","16":"instock","17":"sold-individually","18":"taxable","19":"shipping-taxable","20":"purchasable","21":"product-type-variable"},"_links":{"self":[{"href":"https:\/\/pesu24.ee\/en\/wp-json\/wp\/v2\/product\/21822","targetHints":{"allow":["GET"]}}],"collection":[{"href":"https:\/\/pesu24.ee\/en\/wp-json\/wp\/v2\/product"}],"about":[{"href":"https:\/\/pesu24.ee\/en\/wp-json\/wp\/v2\/types\/product"}],"replies":[{"embeddable":true,"href":"https:\/\/pesu24.ee\/en\/wp-json\/wp\/v2\/comments?post=21822"}],"wp:featuredmedia":[{"embeddable":true,"href":"https:\/\/pesu24.ee\/en\/wp-json\/wp\/v2\/media\/21961"}],"wp:attachment":[{"href":"https:\/\/pesu24.ee\/en\/wp-json\/wp\/v2\/media?parent=21822"}],"wp:term":[{"taxonomy":"product_brand","embeddable":true,"href":"https:\/\/pesu24.ee\/en\/wp-json\/wp\/v2\/product_brand?post=21822"},{"taxonomy":"product_cat","embeddable":true,"href":"https:\/\/pesu24.ee\/en\/wp-json\/wp\/v2\/product_cat?post=21822"},{"taxonomy":"product_tag","embeddable":true,"href":"https:\/\/pesu24.ee\/en\/wp-json\/wp\/v2\/product_tag?post=21822"}],"curies":[{"name":"wp","href":"https:\/\/api.w.org\/{rel}","templated":true}]}}