{"id":21823,"date":"2025-08-18T23:07:04","date_gmt":"2025-08-18T20:07:04","guid":{"rendered":"https:\/\/pesu24.ee\/?post_type=product&#038;p=21823"},"modified":"2025-08-20T14:53:49","modified_gmt":"2025-08-20T11:53:49","slug":"korsett-obsessive-lacelove","status":"publish","type":"product","link":"https:\/\/pesu24.ee\/en\/korsetid\/korsett-obsessive-lacelove\/","title":{"rendered":"Korsett Obsessive Lacelove"},"content":{"rendered":"<p>Kui te unistate sensuaalsest ja seksikast v\u00e4limusest, mis r\u00f5hutab teie naiselikke vorme, siis Obsessive Lacelove korsett on m\u00f5eldud just teile. Korsett sobitub ideaalselt teie kehaga ning r\u00f5hutab teie imelist figuuri.<\/p>\n<p>Korseti on valmistatud pooll\u00e4bipaistvast punasest kangast, mis on kaunistatud lillelise pitsiga. Rinnakorvil on tugikaared ning ideaalse sobivuse tagamiseks on komplekt saadaval kolmes erinevas suuruses.<\/p>\n<p>Tutvuge ka teiste <a href=\"https:\/\/pesu24.ee\/en\/omadus\/obsessive-lacelove\/\">Obsessive Lacelove<\/a> pesukollektsiooni toodetega.<\/p>\n<p><span style=\"color: #008000;\"><strong>KOMPLEKT SISALDAB:<\/strong><\/span><\/p>\n<ul>\n<li>korsett<\/li>\n<li>stringid<\/li>\n<li>NB! sukad ei kuulu komplekti<\/li>\n<\/ul>\n<p>Korsett sobib kokku <a href=\"https:\/\/pesu24.ee\/en\/sukad\/sukad-obsessive-lacelove\/\">Obsesse Lacelove sukkadega<\/a>.<\/p>\n<p><span style=\"color: #008000;\"><strong>DETAILS:<\/strong><\/span><\/p>\n<ul>\n<li>naisellike vorme r\u00f5hutav korsett<\/li>\n<li>toob esile teie seksika figuuri<\/li>\n<li>kaunistatud pitsiga<\/li>\n<li>rinnakorvil tugikaared<\/li>\n<li>seljal ristuvad paelad<\/li>\n<li>reguleeritavad \u00f5la- ja sukapaelad<\/li>\n<li>mugav &amp; elastne kangas (94% pol\u00fcamiid &amp; 6% elastaan)<\/li>\n<\/ul>","protected":false},"excerpt":{"rendered":"<p>&#46;&#46;&#46;<\/p>","protected":false},"featured_media":21970,"comment_status":"open","ping_status":"closed","template":"","meta":{"_glsr_average":0,"_glsr_ranking":0,"_glsr_reviews":0},"product_brand":[500],"product_cat":[33],"product_tag":[160,451],"class_list":{"0":"post-21823","1":"product","2":"type-product","3":"status-publish","4":"has-post-thumbnail","6":"product_brand-obsessive","7":"product_cat-korsetid","8":"product_tag-obsessive","9":"product_tag-obsessive-lacelove","10":"pa_suurus-m-l","11":"pa_suurus-xl-xxl","12":"pa_suurus-xs-s","13":"pa_varvus-punane","15":"first","16":"instock","17":"sold-individually","18":"taxable","19":"shipping-taxable","20":"purchasable","21":"product-type-variable"},"_links":{"self":[{"href":"https:\/\/pesu24.ee\/en\/wp-json\/wp\/v2\/product\/21823","targetHints":{"allow":["GET"]}}],"collection":[{"href":"https:\/\/pesu24.ee\/en\/wp-json\/wp\/v2\/product"}],"about":[{"href":"https:\/\/pesu24.ee\/en\/wp-json\/wp\/v2\/types\/product"}],"replies":[{"embeddable":true,"href":"https:\/\/pesu24.ee\/en\/wp-json\/wp\/v2\/comments?post=21823"}],"wp:featuredmedia":[{"embeddable":true,"href":"https:\/\/pesu24.ee\/en\/wp-json\/wp\/v2\/media\/21970"}],"wp:attachment":[{"href":"https:\/\/pesu24.ee\/en\/wp-json\/wp\/v2\/media?parent=21823"}],"wp:term":[{"taxonomy":"product_brand","embeddable":true,"href":"https:\/\/pesu24.ee\/en\/wp-json\/wp\/v2\/product_brand?post=21823"},{"taxonomy":"product_cat","embeddable":true,"href":"https:\/\/pesu24.ee\/en\/wp-json\/wp\/v2\/product_cat?post=21823"},{"taxonomy":"product_tag","embeddable":true,"href":"https:\/\/pesu24.ee\/en\/wp-json\/wp\/v2\/product_tag?post=21823"}],"curies":[{"name":"wp","href":"https:\/\/api.w.org\/{rel}","templated":true}]}}