{"id":21824,"date":"2025-09-14T00:00:04","date_gmt":"2025-09-13T21:00:04","guid":{"rendered":"https:\/\/pesu24.ee\/?post_type=product&#038;p=21824"},"modified":"2025-09-14T10:25:17","modified_gmt":"2025-09-14T07:25:17","slug":"korsett-obsessive-norides","status":"publish","type":"product","link":"https:\/\/pesu24.ee\/en\/korsetid\/korsett-obsessive-norides\/","title":{"rendered":"Wetlook stiilis korsett Obsessive Norides"},"content":{"rendered":"<p><em>Wet-look<\/em> stiilis <strong>Obsessive Norides korsett<\/strong> on sensuaalne ja luksuslik pesuvalik, mis toob esile naise enesekindluse ja v\u00f5rgutavuse.<\/p>\n<p>Selle korseti detailirohke disain r\u00f5hutab naiselikke kurve ning lisab erilist elegantsi.<\/p>\n<p>Norides korsett sobib suurep\u00e4raselt romantilisteks \u00f5htuteks ja intiimseteks hetkedeks, andes kandjale enesekindluse ja v\u00f5rgutavuse.<\/p>\n<p>Komplektis korsett ja stringid. Sukad komplekti ei kuulu, kuid saab osta eraldi.<\/p>\n<div class=\"omadused\">\n<h3>Omadused<\/h3>\n<ul>\n<li>komplektis korsett ja stringid<\/li>\n<li>sukad ei kuulu komplekti<\/li>\n<li>komplekt sobib kokku <a style=\"font-family: Poppins, sans-serif;\" href=\"https:\/\/pesu24.ee\/en\/sukad\/sukad-obsessive-s824\/\">Obsessive S824<\/a><span style=\"font-family: Poppins, sans-serif;\"> ja <\/span><a style=\"font-family: Poppins, sans-serif;\" href=\"https:\/\/pesu24.ee\/en\/sukad\/sukad-obsessive-s825\/\">S825<\/a><span style=\"font-family: Poppins, sans-serif;\"> sukkadega<\/span><\/li>\n<li>rinnahoidja osa tagant mitmeastmelse kinnitusega ja reguleeritavate \u00f5lapaeltega<\/li>\n<li>sukahoidja osa tagant seotav &#8211; ideaalne sobivus<\/li>\n<li>rinnakorvil tugikaared<\/li>\n<li>reguleeritavad neli sukapaela<\/li>\n<li>pitsisest sissel\u00f5iked<\/li>\n<li>valmistatud mugavast &amp; elastsest kangast (90% pol\u00fcamiid &amp; 10% elastaan)<\/li>\n<\/ul>\n<p>Mitmeastmeline kinnitus, reguleeritavus, tagant seotavus kui ka elastne kangas tagab ideaalse sobivuse ja kindluse, et tellite omale h\u00e4sti istuva toote.\n<\/p><\/div>\n<div class=\"omadused\">\n<h3>Tootevideod<\/h3>\n<\/div>\n<div class=\"video-container\"><iframe loading=\"lazy\" title=\"NEOBY\u010cEJN\u00dd KORZET NORIDES CORSET - OBSESSIVE\" width=\"500\" height=\"281\" src=\"https:\/\/www.youtube.com\/embed\/_IhvwgbZYRw?feature=oembed&#038;wmode=opaque\" frameborder=\"0\" allow=\"accelerometer; autoplay; clipboard-write; encrypted-media; gyroscope; picture-in-picture; web-share\" referrerpolicy=\"strict-origin-when-cross-origin\" allowfullscreen><\/iframe><\/div>\n<hr\/>\n<div class=\"video-container\"><iframe loading=\"lazy\" title=\"Wetlook stiilis korsett Obsessive Norides\" width=\"500\" height=\"281\" src=\"https:\/\/www.youtube.com\/embed\/Uxuo42ZtctI?feature=oembed&#038;wmode=opaque\" frameborder=\"0\" allow=\"accelerometer; autoplay; clipboard-write; encrypted-media; gyroscope; picture-in-picture; web-share\" referrerpolicy=\"strict-origin-when-cross-origin\" allowfullscreen><\/iframe><\/div>","protected":false},"excerpt":{"rendered":"<h3>Omadused<\/h3>\n<ul>\n<li>komplektis korsett ja stringid<\/li>\n<li>sukad ei kuulu komplekti<\/li>\n<li>komplekt sobib kokku <a style=\"font-family: Poppins, sans-serif;\" href=\"https:\/\/pesu24.ee\/en\/sukad\/sukad-obsessive-s824\/\">Obsessive S824<\/a><span style=\"font-family: Poppins, sans-serif;\"> ja <\/span><a style=\"font-family: Poppins, sans-serif;\" href=\"https:\/\/pesu24.ee\/en\/sukad\/sukad-obsessive-s825\/\">S825<\/a><span style=\"font-family: Poppins, sans-serif;\"> sukkadega<\/span><\/li>\n<li>rinnahoidja osa tagant mitmeastmelse kinnitusega ja reguleeritavate \u00f5lapaeltega<\/li>\n<li>sukahoidja osa tagant seotav &#8211; ideaalne sobivus<\/li>\n<li>rinnakorvil tugikaared<\/li>\n<li>reguleeritavad neli sukapaela<\/li>\n<li>pitsisest sissel\u00f5iked<\/li>\n<li>valmistatud mugavast &amp; elastsest kangast (90% pol\u00fcamiid &amp; 10% elastaan)<\/li>\n<\/ul>\n<p>Mitmeastmeline kinnitus, reguleeritavus, tagant seotavus kui ka elastne kangas tagab ideaalse sobivuse ja kindluse, et tellite omale h\u00e4sti istuva toote.<\/p>","protected":false},"featured_media":28624,"comment_status":"open","ping_status":"closed","template":"","meta":{"_glsr_average":0,"_glsr_ranking":0,"_glsr_reviews":0},"product_brand":[500],"product_cat":[33],"product_tag":[398,160,452],"class_list":{"0":"post-21824","1":"product","2":"type-product","3":"status-publish","4":"has-post-thumbnail","6":"product_brand-obsessive","7":"product_cat-korsetid","8":"product_tag-latekspesu","9":"product_tag-obsessive","10":"product_tag-obsessive-norides","11":"pa_suurus-m-l","12":"pa_suurus-xl-xxl","13":"pa_suurus-xs-s","14":"pa_varvus-must","16":"first","17":"instock","18":"sold-individually","19":"taxable","20":"shipping-taxable","21":"purchasable","22":"product-type-variable"},"_links":{"self":[{"href":"https:\/\/pesu24.ee\/en\/wp-json\/wp\/v2\/product\/21824","targetHints":{"allow":["GET"]}}],"collection":[{"href":"https:\/\/pesu24.ee\/en\/wp-json\/wp\/v2\/product"}],"about":[{"href":"https:\/\/pesu24.ee\/en\/wp-json\/wp\/v2\/types\/product"}],"replies":[{"embeddable":true,"href":"https:\/\/pesu24.ee\/en\/wp-json\/wp\/v2\/comments?post=21824"}],"wp:featuredmedia":[{"embeddable":true,"href":"https:\/\/pesu24.ee\/en\/wp-json\/wp\/v2\/media\/28624"}],"wp:attachment":[{"href":"https:\/\/pesu24.ee\/en\/wp-json\/wp\/v2\/media?parent=21824"}],"wp:term":[{"taxonomy":"product_brand","embeddable":true,"href":"https:\/\/pesu24.ee\/en\/wp-json\/wp\/v2\/product_brand?post=21824"},{"taxonomy":"product_cat","embeddable":true,"href":"https:\/\/pesu24.ee\/en\/wp-json\/wp\/v2\/product_cat?post=21824"},{"taxonomy":"product_tag","embeddable":true,"href":"https:\/\/pesu24.ee\/en\/wp-json\/wp\/v2\/product_tag?post=21824"}],"curies":[{"name":"wp","href":"https:\/\/api.w.org\/{rel}","templated":true}]}}