{"id":21826,"date":"2025-08-18T23:07:04","date_gmt":"2025-08-18T20:07:04","guid":{"rendered":"https:\/\/pesu24.ee\/?post_type=product&#038;p=21826"},"modified":"2025-08-20T17:09:55","modified_gmt":"2025-08-20T14:09:55","slug":"korsett-obsessive-rosenty","status":"publish","type":"product","link":"https:\/\/pesu24.ee\/en\/korsetid\/korsett-obsessive-rosenty\/","title":{"rendered":"Korsett Obsessive Rosenty"},"content":{"rendered":"<p>Obsessive Rosenty korsett on sensuaalne ja luksuslik pesuvalik, mis \u00fchendab naiselikkuse, elegantsi ja erootilisuse. See korsett on loodud selleks, et naised tunneksid end erilisena ja enesekindlalt erinevatel romantilistel ja intiimsetel hetkedel.<\/p>\n<p>Obsessive Rosenty korsett on ideaalne valik erilisteks hetkedeks, kus soovite tunda end enesekindlalt ja sensuaalselt. See sobib suurep\u00e4raselt romantilisteks \u00f5htuteks koos partneriga v\u00f5i lihtsalt enda hellitamiseks. Korsett aitab teil luua erakordseid ja meeldej\u00e4\u00e4vaid hetki, kus te tunnete end \u00fchtaegu naiselikult v\u00f5rgutavana ja mugavalt.<\/p>\n<p>Tutvuge ka teiste <a href=\"https:\/\/pesu24.ee\/en\/omadus\/obsessive-rosenty\/\">Obsessive Rosenty<\/a> pesukollektsiooni toodetega.<\/p>\n<p><span style=\"color: #008000;\"><strong>KOMPLEKT SISALDAB:<\/strong><\/span><\/p>\n<ul>\n<li>korsetti<\/li>\n<li>stringe<\/li>\n<li>NB! sukad ei kuulu komplekti<\/li>\n<\/ul>\n<p>Kombineeriga komplekt omale meelep\u00e4raste <a href=\"https:\/\/pesu24.ee\/en\/sukad\/\">sukkadega<\/a>.<\/p>\n<p><span style=\"color: #008000;\"><strong>DETAILS:<\/strong><\/span><\/p>\n<ul>\n<li>kelmikas korsett<\/li>\n<li>kaunistatud roosimotiivilise pitsiga<\/li>\n<li>taga astmeline kinnitus<\/li>\n<li>rinnakorvil tugikaared<\/li>\n<li>reguleeritavad \u00f5la- ja sukapaelad<\/li>\n<li>mugav &amp; elastne kangas (85% pol\u00fcamiid &amp; 15% elastaan)<\/li>\n<\/ul>\n<p><span style=\"color: #008000;\"><strong>VIDEO<\/strong><\/span><\/p>\n<div class=\"video-container\"><iframe loading=\"lazy\" title=\"SV\u016eDN\u00dd KORZET ROSENTY CORSET - OBSESSIVE\" width=\"500\" height=\"281\" src=\"https:\/\/www.youtube.com\/embed\/Ls9PgIbQaEU?feature=oembed&#038;wmode=opaque\" frameborder=\"0\" allow=\"accelerometer; autoplay; clipboard-write; encrypted-media; gyroscope; picture-in-picture; web-share\" referrerpolicy=\"strict-origin-when-cross-origin\" allowfullscreen><\/iframe><\/div>","protected":false},"excerpt":{"rendered":"<p>https:\/\/www.youtube.com\/watch?v=Ls9PgIbQaEU<\/p>","protected":false},"featured_media":21993,"comment_status":"open","ping_status":"closed","template":"","meta":{"_glsr_average":0,"_glsr_ranking":0,"_glsr_reviews":0},"product_brand":[500],"product_cat":[33],"product_tag":[160,455],"class_list":{"0":"post-21826","1":"product","2":"type-product","3":"status-publish","4":"has-post-thumbnail","6":"product_brand-obsessive","7":"product_cat-korsetid","8":"product_tag-obsessive","9":"product_tag-obsessive-rosenty","10":"pa_suurus-m-l","11":"pa_suurus-xl-xxl","12":"pa_suurus-xs-s","13":"pa_varvus-lilla","14":"pa_varvus-must","16":"first","17":"instock","18":"sold-individually","19":"taxable","20":"shipping-taxable","21":"purchasable","22":"product-type-variable"},"_links":{"self":[{"href":"https:\/\/pesu24.ee\/en\/wp-json\/wp\/v2\/product\/21826","targetHints":{"allow":["GET"]}}],"collection":[{"href":"https:\/\/pesu24.ee\/en\/wp-json\/wp\/v2\/product"}],"about":[{"href":"https:\/\/pesu24.ee\/en\/wp-json\/wp\/v2\/types\/product"}],"replies":[{"embeddable":true,"href":"https:\/\/pesu24.ee\/en\/wp-json\/wp\/v2\/comments?post=21826"}],"wp:featuredmedia":[{"embeddable":true,"href":"https:\/\/pesu24.ee\/en\/wp-json\/wp\/v2\/media\/21993"}],"wp:attachment":[{"href":"https:\/\/pesu24.ee\/en\/wp-json\/wp\/v2\/media?parent=21826"}],"wp:term":[{"taxonomy":"product_brand","embeddable":true,"href":"https:\/\/pesu24.ee\/en\/wp-json\/wp\/v2\/product_brand?post=21826"},{"taxonomy":"product_cat","embeddable":true,"href":"https:\/\/pesu24.ee\/en\/wp-json\/wp\/v2\/product_cat?post=21826"},{"taxonomy":"product_tag","embeddable":true,"href":"https:\/\/pesu24.ee\/en\/wp-json\/wp\/v2\/product_tag?post=21826"}],"curies":[{"name":"wp","href":"https:\/\/api.w.org\/{rel}","templated":true}]}}